{"id":13496,"date":"2023-09-21T15:26:55","date_gmt":"2023-09-21T15:26:55","guid":{"rendered":"http:\/\/www.giaspa.it\/?page_id=13496"},"modified":"2023-09-27T14:22:34","modified_gmt":"2023-09-27T14:22:34","slug":"azienda-prova","status":"publish","type":"page","link":"https:\/\/www.giaspa.it\/en\/azienda-prova\/","title":{"rendered":"azienda prova"},"content":{"rendered":"<p>[vc_row css_animation=&#8221;&#8221; row_type=&#8221;row&#8221; use_row_as_full_screen_section=&#8221;no&#8221; type=&#8221;full_width&#8221; angled_section=&#8221;no&#8221; text_align=&#8221;left&#8221; background_image_as_pattern=&#8221;without_pattern&#8221;][vc_column width=&#8221;1\/3&#8243;][vc_single_image image=&#8221;13504&#8243; img_size=&#8221;full&#8221; qode_css_animation=&#8221;&#8221;][vc_empty_space][\/vc_column][vc_column width=&#8221;2\/3&#8243;][vc_column_text]<strong>Dal 1980 un prodotto per semplificare l\u2019utilizzo dell\u2019aglio in cucina<\/strong><br \/>\nGIA nasce nel 1980 a San Carlo in provincia di Ferrara, in Emilia Romagna, zona dalla forte tradizione agricola e gastronomica.<\/p>\n<p>L\u2019idea nasce dalla coltivazione dell\u2019aglio e dall\u2019intuizione del fondatore Modesto Giberti di realizzare un prodotto che permettesse di renderne pi\u00f9 semplice l\u2019utilizzo.<\/p>\n<p>Obiettivo di GIA era quello di ottenere un prodotto confezionato e pratico che mantenesse le stesse caratteristiche di gusto del prodotto fresco, senza lasciare alcun odore sulle mani dopo l\u2019uso.<\/p>\n<p>Su queste basi GIA intendeva portare sulle tavole di tutto il mondo il sapore inconfondibile dell\u2019aglio.[\/vc_column_text][vc_empty_space][\/vc_column][\/vc_row][vc_row css_animation=&#8221;&#8221; row_type=&#8221;row&#8221; use_row_as_full_screen_section=&#8221;no&#8221; type=&#8221;full_width&#8221; angled_section=&#8221;no&#8221; text_align=&#8221;left&#8221; background_image_as_pattern=&#8221;without_pattern&#8221;][vc_column width=&#8221;2\/3&#8243;][vc_column_text]L\u2019INTUIZIONE<br \/>\nL\u2019idea fu quella di riuscire a realizzare una pasta d\u2019aglio fatta con le migliori materie prime e racchiusa in una confezione che ne assicura nel tempo la qualit\u00e0 e le propriet\u00e0 organolettiche: il tubetto di alluminio.<br \/>\nAncora oggi viene prodotta come 40 anni fa, con tutta la cura per i dettagli e la passione che da sempre contraddistingue GIA.<\/p>\n<p>In questi anni con la stessa filosofia si sono sviluppate le produzioni degli altri prodotti altrettanto innovativi come la pasta di peperoncino, la pasta di pomodori secchi, la pasta di cipolla, pasta di scalogno, il pesto, la pasta di acciughe e le verdure per soffritto.<\/p>\n<p>Essi sono ottenuti da ingredienti attentamente selezionati, controllati e trasformati in moderne linee di produzione.<br \/>\n[\/vc_column_text][vc_empty_space][\/vc_column][vc_column width=&#8221;1\/3&#8243;][vc_single_image image=&#8221;13501&#8243; img_size=&#8221;full&#8221; qode_css_animation=&#8221;&#8221;][vc_empty_space][\/vc_column][\/vc_row][vc_row css_animation=&#8221;&#8221; row_type=&#8221;row&#8221; use_row_as_full_screen_section=&#8221;no&#8221; type=&#8221;full_width&#8221; angled_section=&#8221;no&#8221; text_align=&#8221;left&#8221; background_image_as_pattern=&#8221;without_pattern&#8221;][vc_column width=&#8221;1\/3&#8243;][vc_single_image image=&#8221;13507&#8243; img_size=&#8221;full&#8221; qode_css_animation=&#8221;&#8221;][vc_empty_space][\/vc_column][vc_column width=&#8221;2\/3&#8243;][vc_column_text]Praticit\u00e0 e qualit\u00e0 sono le caratteristiche dei prodotti GIA poich\u00e9 sono un utile strumento nella preparazione dei piatti, senza rinunciare alla qualit\u00e0 e al gusto.<\/p>\n<p>Grazie alla comodit\u00e0 del tubetto, chi utilizza i condimenti GIA pu\u00f2 dire addio agli scarti alimentari, poich\u00e9 pu\u00f2 sempre dosare le quantit\u00e0 necessarie alla preparazione di un piatto.<\/p>\n<p>In cucina, i prodotti GIA permettono di personalizzare le ricette, si possono utilizzare da crudo o in cottura, come condimento, come salsa o come ingrediente di base, lasciando ampio spazio alla creativit\u00e0 e alla fantasia.<\/p>\n<p>Facili da usare, sempre pronti e dal gusto unico, i tubetti GIA sono ideali per tutti, dai principianti ai pi\u00f9 esperti.<br \/>\n[\/vc_column_text][vc_empty_space][\/vc_column][\/vc_row][vc_row css_animation=&#8221;&#8221; row_type=&#8221;row&#8221; use_row_as_full_screen_section=&#8221;no&#8221; type=&#8221;full_width&#8221; angled_section=&#8221;no&#8221; text_align=&#8221;left&#8221; background_image_as_pattern=&#8221;without_pattern&#8221;][vc_column width=&#8221;2\/3&#8243;][vc_column_text]Praticit\u00e0 e qualit\u00e0 sono le caratteristiche dei prodotti GIA poich\u00e9 sono un utile strumento nella preparazione dei piatti, senza rinunciare alla qualit\u00e0 e al gusto.<br \/>\nGrazie alla comodit\u00e0 del tubetto, chi utilizza i condimenti GIA pu\u00f2 dire addio agli scarti alimentari, poich\u00e9 pu\u00f2 sempre dosare le quantit\u00e0 necessarie alla preparazione di un piatto.<br \/>\nIn cucina, i prodotti GIA permettono di personalizzare le ricette, si possono utilizzare da crudo o in cottura, come condimento, come salsa o come ingrediente di base, lasciando ampio spazio alla creativit\u00e0 e alla fantasia.<br \/>\nFacili da usare, sempre pronti e dal gusto unico, i tubetti GIA sono ideali per tutti, dai principianti ai pi\u00f9 esperti.<br \/>\n[\/vc_column_text][vc_empty_space][\/vc_column][vc_column width=&#8221;1\/3&#8243;][vc_single_image image=&#8221;13510&#8243; img_size=&#8221;full&#8221; qode_css_animation=&#8221;&#8221;][vc_empty_space][\/vc_column][\/vc_row][vc_row css_animation=&#8221;&#8221; row_type=&#8221;row&#8221; use_row_as_full_screen_section=&#8221;no&#8221; type=&#8221;full_width&#8221; angled_section=&#8221;no&#8221; text_align=&#8221;left&#8221; background_image_as_pattern=&#8221;without_pattern&#8221;][vc_column][vc_empty_space][vc_empty_space][vc_empty_space][vc_separator type=&#8221;normal&#8221;][vc_empty_space][vc_empty_space][vc_empty_space][\/vc_column][\/vc_row][vc_row css_animation=&#8221;&#8221; row_type=&#8221;row&#8221; use_row_as_full_screen_section=&#8221;no&#8221; type=&#8221;full_width&#8221; angled_section=&#8221;no&#8221; text_align=&#8221;left&#8221; background_image_as_pattern=&#8221;without_pattern&#8221;][vc_column width=&#8221;1\/4&#8243;][vc_single_image image=&#8221;13504&#8243; img_size=&#8221;full&#8221; qode_css_animation=&#8221;&#8221;][vc_empty_space][\/vc_column][vc_column width=&#8221;3\/4&#8243;][vc_column_text]<strong>Dal 1980 un prodotto per semplificare l\u2019utilizzo dell\u2019aglio in cucina<\/strong><br \/>\nGIA nasce nel 1980 a San Carlo in provincia di Ferrara, in Emilia Romagna, zona dalla forte tradizione agricola e gastronomica.<br \/>\nL\u2019idea nasce dalla coltivazione dell\u2019aglio e dall\u2019intuizione del fondatore Modesto Giberti di realizzare un prodotto che permettesse di renderne pi\u00f9 semplice l\u2019utilizzo.<br \/>\nObiettivo di GIA era quello di ottenere un prodotto confezionato e pratico che mantenesse le stesse caratteristiche di gusto del prodotto fresco, senza lasciare alcun odore sulle mani dopo l\u2019uso.<br \/>\nSu queste basi GIA intendeva portare sulle tavole di tutto il mondo il sapore inconfondibile dell\u2019aglio.[\/vc_column_text][vc_empty_space][\/vc_column][\/vc_row][vc_row css_animation=&#8221;&#8221; row_type=&#8221;row&#8221; use_row_as_full_screen_section=&#8221;no&#8221; type=&#8221;full_width&#8221; angled_section=&#8221;no&#8221; text_align=&#8221;left&#8221; background_image_as_pattern=&#8221;without_pattern&#8221;][vc_column width=&#8221;3\/4&#8243;][vc_column_text]L\u2019INTUIZIONE<br \/>\nL\u2019idea fu quella di riuscire a realizzare una pasta d\u2019aglio fatta con le migliori materie prime e racchiusa in una confezione che ne assicura nel tempo la qualit\u00e0 e le propriet\u00e0 organolettiche: il tubetto di alluminio.<br \/>\nAncora oggi viene prodotta come 40 anni fa, con tutta la cura per i dettagli e la passione che da sempre contraddistingue GIA.<br \/>\nIn questi anni con la stessa filosofia si sono sviluppate le produzioni degli altri prodotti altrettanto innovativi come la pasta di peperoncino, la pasta di pomodori secchi, la pasta di cipolla, pasta di scalogno, il pesto, la pasta di acciughe e le verdure per soffritto.<br \/>\nEssi sono ottenuti da ingredienti attentamente selezionati, controllati e trasformati in moderne linee di produzione.[\/vc_column_text][vc_empty_space][\/vc_column][vc_column width=&#8221;1\/4&#8243;][vc_single_image image=&#8221;13501&#8243; img_size=&#8221;full&#8221; qode_css_animation=&#8221;&#8221;][vc_empty_space][\/vc_column][\/vc_row][vc_row css_animation=&#8221;&#8221; row_type=&#8221;row&#8221; use_row_as_full_screen_section=&#8221;no&#8221; type=&#8221;full_width&#8221; angled_section=&#8221;no&#8221; text_align=&#8221;left&#8221; background_image_as_pattern=&#8221;without_pattern&#8221;][vc_column width=&#8221;1\/4&#8243;][vc_single_image image=&#8221;13507&#8243; img_size=&#8221;full&#8221; qode_css_animation=&#8221;&#8221;][vc_empty_space][\/vc_column][vc_column width=&#8221;3\/4&#8243;][vc_column_text]Praticit\u00e0 e qualit\u00e0 sono le caratteristiche dei prodotti GIA poich\u00e9 sono un utile strumento nella preparazione dei piatti, senza rinunciare alla qualit\u00e0 e al gusto.<br \/>\nGrazie alla comodit\u00e0 del tubetto, chi utilizza i condimenti GIA pu\u00f2 dire addio agli scarti alimentari, poich\u00e9 pu\u00f2 sempre dosare le quantit\u00e0 necessarie alla preparazione di un piatto.<br \/>\nIn cucina, i prodotti GIA permettono di personalizzare le ricette, si possono utilizzare da crudo o in cottura, come condimento, come salsa o come ingrediente di base, lasciando ampio spazio alla creativit\u00e0 e alla fantasia.<br \/>\nFacili da usare, sempre pronti e dal gusto unico, i tubetti GIA sono ideali per tutti, dai principianti ai pi\u00f9 esperti.[\/vc_column_text][vc_empty_space][\/vc_column][\/vc_row][vc_row css_animation=&#8221;&#8221; row_type=&#8221;row&#8221; use_row_as_full_screen_section=&#8221;no&#8221; type=&#8221;full_width&#8221; angled_section=&#8221;no&#8221; text_align=&#8221;left&#8221; background_image_as_pattern=&#8221;without_pattern&#8221;][vc_column width=&#8221;3\/4&#8243;][vc_column_text]Praticit\u00e0 e qualit\u00e0 sono le caratteristiche dei prodotti GIA poich\u00e9 sono un utile strumento nella preparazione dei piatti, senza rinunciare alla qualit\u00e0 e al gusto.<br \/>\nGrazie alla comodit\u00e0 del tubetto, chi utilizza i condimenti GIA pu\u00f2 dire addio agli scarti alimentari, poich\u00e9 pu\u00f2 sempre dosare le quantit\u00e0 necessarie alla preparazione di un piatto.<br \/>\nIn cucina, i prodotti GIA permettono di personalizzare le ricette, si possono utilizzare da crudo o in cottura, come condimento, come salsa o come ingrediente di base, lasciando ampio spazio alla creativit\u00e0 e alla fantasia.<br \/>\nFacili da usare, sempre pronti e dal gusto unico, i tubetti GIA sono ideali per tutti, dai principianti ai pi\u00f9 esperti.<br \/>\n[\/vc_column_text][vc_empty_space][\/vc_column][vc_column width=&#8221;1\/4&#8243;][vc_single_image image=&#8221;13510&#8243; img_size=&#8221;full&#8221; qode_css_animation=&#8221;&#8221;][vc_empty_space][\/vc_column][\/vc_row]<\/p>\n","protected":false},"excerpt":{"rendered":"<p>[vc_row css_animation=&#8221;&#8221; row_type=&#8221;row&#8221; use_row_as_full_screen_section=&#8221;no&#8221; type=&#8221;full_width&#8221; angled_section=&#8221;no&#8221; text_align=&#8221;left&#8221; background_image_as_pattern=&#8221;without_pattern&#8221;][vc_column width=&#8221;1\/3&#8243;][vc_single_image image=&#8221;13504&#8243; img_size=&#8221;full&#8221; qode_css_animation=&#8221;&#8221;][vc_empty_space][\/vc_column][vc_column width=&#8221;2\/3&#8243;][vc_column_text]Dal 1980 un prodotto per semplificare l\u2019utilizzo dell\u2019aglio in cucina GIA nasce nel 1980 a San Carlo in provincia di Ferrara, in Emilia Romagna, zona dalla forte tradizione agricola e gastronomica. L\u2019idea nasce&#8230;<\/p>\n","protected":false},"author":1,"featured_media":0,"parent":0,"menu_order":0,"comment_status":"closed","ping_status":"closed","template":"","meta":{"footnotes":""},"class_list":["post-13496","page","type-page","status-publish","hentry"],"yoast_head":"<!-- This site is optimized with the Yoast SEO plugin v22.6 - https:\/\/yoast.com\/wordpress\/plugins\/seo\/ -->\n<title>azienda prova - GIA - THE FRESHNESS AND AROMA OF NATURAL PRODUCTS IN TUBES ALWAYS READY TO USE<\/title>\n<meta name=\"robots\" content=\"index, follow, max-snippet:-1, max-image-preview:large, max-video-preview:-1\" \/>\n<link rel=\"canonical\" href=\"https:\/\/www.giaspa.it\/en\/azienda-prova\/\" \/>\n<meta property=\"og:locale\" content=\"en_US\" \/>\n<meta property=\"og:type\" content=\"article\" \/>\n<meta property=\"og:title\" content=\"azienda prova - GIA - THE FRESHNESS AND AROMA OF NATURAL PRODUCTS IN TUBES ALWAYS READY TO USE\" \/>\n<meta property=\"og:description\" content=\"[vc_row css_animation=&#8221;&#8221; row_type=&#8221;row&#8221; use_row_as_full_screen_section=&#8221;no&#8221; type=&#8221;full_width&#8221; angled_section=&#8221;no&#8221; text_align=&#8221;left&#8221; background_image_as_pattern=&#8221;without_pattern&#8221;][vc_column width=&#8221;1\/3&#8243;][vc_single_image image=&#8221;13504&#8243; img_size=&#8221;full&#8221; qode_css_animation=&#8221;&#8221;][vc_empty_space][\/vc_column][vc_column width=&#8221;2\/3&#8243;][vc_column_text]Dal 1980 un prodotto per semplificare l\u2019utilizzo dell\u2019aglio in cucina GIA nasce nel 1980 a San Carlo in provincia di Ferrara, in Emilia Romagna, zona dalla forte tradizione agricola e gastronomica. L\u2019idea nasce...\" \/>\n<meta property=\"og:url\" content=\"https:\/\/www.giaspa.it\/en\/azienda-prova\/\" \/>\n<meta property=\"og:site_name\" content=\"GIA - THE FRESHNESS AND AROMA OF NATURAL PRODUCTS IN TUBES ALWAYS READY TO USE\" \/>\n<meta property=\"article:modified_time\" content=\"2023-09-27T14:22:34+00:00\" \/>\n<meta property=\"og:image\" content=\"https:\/\/www.giaspa.it\/wp-content\/uploads\/2023\/07\/aglio_home.jpg\" \/>\n\t<meta property=\"og:image:width\" content=\"2000\" \/>\n\t<meta property=\"og:image:height\" content=\"1000\" \/>\n\t<meta property=\"og:image:type\" content=\"image\/jpeg\" \/>\n<meta name=\"twitter:card\" content=\"summary_large_image\" \/>\n<meta name=\"twitter:label1\" content=\"Est. reading time\" \/>\n\t<meta name=\"twitter:data1\" content=\"7 minutes\" \/>\n<script type=\"application\/ld+json\" class=\"yoast-schema-graph\">{\"@context\":\"https:\/\/schema.org\",\"@graph\":[{\"@type\":\"WebPage\",\"@id\":\"https:\/\/www.giaspa.it\/en\/azienda-prova\/\",\"url\":\"https:\/\/www.giaspa.it\/en\/azienda-prova\/\",\"name\":\"azienda prova - GIA - THE FRESHNESS AND AROMA OF NATURAL PRODUCTS IN TUBES ALWAYS READY TO USE\",\"isPartOf\":{\"@id\":\"https:\/\/www.giaspa.it\/en\/#website\"},\"datePublished\":\"2023-09-21T15:26:55+00:00\",\"dateModified\":\"2023-09-27T14:22:34+00:00\",\"breadcrumb\":{\"@id\":\"https:\/\/www.giaspa.it\/en\/azienda-prova\/#breadcrumb\"},\"inLanguage\":\"en-US\",\"potentialAction\":[{\"@type\":\"ReadAction\",\"target\":[\"https:\/\/www.giaspa.it\/en\/azienda-prova\/\"]}]},{\"@type\":\"BreadcrumbList\",\"@id\":\"https:\/\/www.giaspa.it\/en\/azienda-prova\/#breadcrumb\",\"itemListElement\":[{\"@type\":\"ListItem\",\"position\":1,\"name\":\"Home\",\"item\":\"https:\/\/www.giaspa.it\/en\/\"},{\"@type\":\"ListItem\",\"position\":2,\"name\":\"azienda prova\"}]},{\"@type\":\"WebSite\",\"@id\":\"https:\/\/www.giaspa.it\/en\/#website\",\"url\":\"https:\/\/www.giaspa.it\/en\/\",\"name\":\"GIA - Condimenti pronti nel tubetto\",\"description\":\"www.giaspa.it\",\"publisher\":{\"@id\":\"https:\/\/www.giaspa.it\/en\/#organization\"},\"potentialAction\":[{\"@type\":\"SearchAction\",\"target\":{\"@type\":\"EntryPoint\",\"urlTemplate\":\"https:\/\/www.giaspa.it\/en\/?s={search_term_string}\"},\"query-input\":\"required name=search_term_string\"}],\"inLanguage\":\"en-US\"},{\"@type\":\"Organization\",\"@id\":\"https:\/\/www.giaspa.it\/en\/#organization\",\"name\":\"GIA - Condimenti pronti nel tubetto\",\"url\":\"https:\/\/www.giaspa.it\/en\/\",\"logo\":{\"@type\":\"ImageObject\",\"inLanguage\":\"en-US\",\"@id\":\"https:\/\/www.giaspa.it\/en\/#\/schema\/logo\/image\/\",\"url\":\"https:\/\/www.giaspa.it\/wp-content\/uploads\/2022\/07\/logo.png\",\"contentUrl\":\"https:\/\/www.giaspa.it\/wp-content\/uploads\/2022\/07\/logo.png\",\"width\":140,\"height\":131,\"caption\":\"GIA - Condimenti pronti nel tubetto\"},\"image\":{\"@id\":\"https:\/\/www.giaspa.it\/en\/#\/schema\/logo\/image\/\"},\"sameAs\":[\"https:\/\/www.instagram.com\/gia_condimenti\/\",\"https:\/\/www.youtube.com\/channel\/UC-p3_SkGoJGQQchmrNGo9sw\",\"http:\/\/linkedin.com\/company\/gia-lanaturaintubetto\"]}]}<\/script>\n<!-- \/ Yoast SEO plugin. -->","yoast_head_json":{"title":"azienda prova - GIA - THE FRESHNESS AND AROMA OF NATURAL PRODUCTS IN TUBES ALWAYS READY TO USE","robots":{"index":"index","follow":"follow","max-snippet":"max-snippet:-1","max-image-preview":"max-image-preview:large","max-video-preview":"max-video-preview:-1"},"canonical":"https:\/\/www.giaspa.it\/en\/azienda-prova\/","og_locale":"en_US","og_type":"article","og_title":"azienda prova - GIA - THE FRESHNESS AND AROMA OF NATURAL PRODUCTS IN TUBES ALWAYS READY TO USE","og_description":"[vc_row css_animation=&#8221;&#8221; row_type=&#8221;row&#8221; use_row_as_full_screen_section=&#8221;no&#8221; type=&#8221;full_width&#8221; angled_section=&#8221;no&#8221; text_align=&#8221;left&#8221; background_image_as_pattern=&#8221;without_pattern&#8221;][vc_column width=&#8221;1\/3&#8243;][vc_single_image image=&#8221;13504&#8243; img_size=&#8221;full&#8221; qode_css_animation=&#8221;&#8221;][vc_empty_space][\/vc_column][vc_column width=&#8221;2\/3&#8243;][vc_column_text]Dal 1980 un prodotto per semplificare l\u2019utilizzo dell\u2019aglio in cucina GIA nasce nel 1980 a San Carlo in provincia di Ferrara, in Emilia Romagna, zona dalla forte tradizione agricola e gastronomica. L\u2019idea nasce...","og_url":"https:\/\/www.giaspa.it\/en\/azienda-prova\/","og_site_name":"GIA - THE FRESHNESS AND AROMA OF NATURAL PRODUCTS IN TUBES ALWAYS READY TO USE","article_modified_time":"2023-09-27T14:22:34+00:00","og_image":[{"width":2000,"height":1000,"url":"https:\/\/www.giaspa.it\/wp-content\/uploads\/2023\/07\/aglio_home.jpg","type":"image\/jpeg"}],"twitter_card":"summary_large_image","twitter_misc":{"Est. reading time":"7 minutes"},"schema":{"@context":"https:\/\/schema.org","@graph":[{"@type":"WebPage","@id":"https:\/\/www.giaspa.it\/en\/azienda-prova\/","url":"https:\/\/www.giaspa.it\/en\/azienda-prova\/","name":"azienda prova - GIA - THE FRESHNESS AND AROMA OF NATURAL PRODUCTS IN TUBES ALWAYS READY TO USE","isPartOf":{"@id":"https:\/\/www.giaspa.it\/en\/#website"},"datePublished":"2023-09-21T15:26:55+00:00","dateModified":"2023-09-27T14:22:34+00:00","breadcrumb":{"@id":"https:\/\/www.giaspa.it\/en\/azienda-prova\/#breadcrumb"},"inLanguage":"en-US","potentialAction":[{"@type":"ReadAction","target":["https:\/\/www.giaspa.it\/en\/azienda-prova\/"]}]},{"@type":"BreadcrumbList","@id":"https:\/\/www.giaspa.it\/en\/azienda-prova\/#breadcrumb","itemListElement":[{"@type":"ListItem","position":1,"name":"Home","item":"https:\/\/www.giaspa.it\/en\/"},{"@type":"ListItem","position":2,"name":"azienda prova"}]},{"@type":"WebSite","@id":"https:\/\/www.giaspa.it\/en\/#website","url":"https:\/\/www.giaspa.it\/en\/","name":"GIA - Condimenti pronti nel tubetto","description":"www.giaspa.it","publisher":{"@id":"https:\/\/www.giaspa.it\/en\/#organization"},"potentialAction":[{"@type":"SearchAction","target":{"@type":"EntryPoint","urlTemplate":"https:\/\/www.giaspa.it\/en\/?s={search_term_string}"},"query-input":"required name=search_term_string"}],"inLanguage":"en-US"},{"@type":"Organization","@id":"https:\/\/www.giaspa.it\/en\/#organization","name":"GIA - Condimenti pronti nel tubetto","url":"https:\/\/www.giaspa.it\/en\/","logo":{"@type":"ImageObject","inLanguage":"en-US","@id":"https:\/\/www.giaspa.it\/en\/#\/schema\/logo\/image\/","url":"https:\/\/www.giaspa.it\/wp-content\/uploads\/2022\/07\/logo.png","contentUrl":"https:\/\/www.giaspa.it\/wp-content\/uploads\/2022\/07\/logo.png","width":140,"height":131,"caption":"GIA - Condimenti pronti nel tubetto"},"image":{"@id":"https:\/\/www.giaspa.it\/en\/#\/schema\/logo\/image\/"},"sameAs":["https:\/\/www.instagram.com\/gia_condimenti\/","https:\/\/www.youtube.com\/channel\/UC-p3_SkGoJGQQchmrNGo9sw","http:\/\/linkedin.com\/company\/gia-lanaturaintubetto"]}]}},"_links":{"self":[{"href":"https:\/\/www.giaspa.it\/en\/wp-json\/wp\/v2\/pages\/13496","targetHints":{"allow":["GET"]}}],"collection":[{"href":"https:\/\/www.giaspa.it\/en\/wp-json\/wp\/v2\/pages"}],"about":[{"href":"https:\/\/www.giaspa.it\/en\/wp-json\/wp\/v2\/types\/page"}],"author":[{"embeddable":true,"href":"https:\/\/www.giaspa.it\/en\/wp-json\/wp\/v2\/users\/1"}],"replies":[{"embeddable":true,"href":"https:\/\/www.giaspa.it\/en\/wp-json\/wp\/v2\/comments?post=13496"}],"version-history":[{"count":0,"href":"https:\/\/www.giaspa.it\/en\/wp-json\/wp\/v2\/pages\/13496\/revisions"}],"wp:attachment":[{"href":"https:\/\/www.giaspa.it\/en\/wp-json\/wp\/v2\/media?parent=13496"}],"curies":[{"name":"wp","href":"https:\/\/api.w.org\/{rel}","templated":true}]}}