{"id":13344,"date":"2023-07-26T14:44:21","date_gmt":"2023-07-26T14:44:21","guid":{"rendered":"http:\/\/www.giaspa.it\/privacy-policy\/"},"modified":"2023-08-26T06:11:16","modified_gmt":"2023-08-26T06:11:16","slug":"privacy-policy","status":"publish","type":"page","link":"https:\/\/www.giaspa.it\/de\/privacy-policy\/","title":{"rendered":"Privacy policy"},"content":{"rendered":"<p><strong>Datenschutzhinweise gem\u00e4\u00df Art. 13-14 der EU-Datenschutzgrundverordnung (DSGVO)<\/strong><\/p>\n<p>&#8222;Diese Datenschutzhinweise werden gem\u00e4\u00df Art. 13 der Verordnung (EU) 679\/2016 von GIA SRL mit Sitz in Cento (FE), Via Luneda 9, in ihrer Eigenschaft als Verantwortliche f\u00fcr die Datenverarbeitung Personen bereitgestellt, die auf die Website der GIA SRL zugreifen und das Formular \u201eKontakt\u201c ausf\u00fcllen und damit GIA SRL autorisieren, ihre personenbezogenen Daten zu verarbeiten. Die \u00dcbermittlung von Daten ist freiwillig. Die Weigerung zur Bereitstellung der Daten macht es unm\u00f6glich, die eingegangenen Anfragen zu bearbeiten und weiterzuverfolgen.<\/p>\n<p>Zweck der Verarbeitung<br \/>\nDie von den Nutzern bereitgestellten personenbezogenen Daten werden ausschlie\u00dflich zum Zweck der Bearbeitung und Erf\u00fcllung ihrer Anfragen verwendet.<\/p>\n<p>Rechtliche Grundlage<br \/>\nDie von den Nutzern bereitgestellten personenbezogenen Daten werden rechtm\u00e4\u00dfig zum Zwecke der Durchf\u00fchrung vorvertraglicher Ma\u00dfnahmen oder vertraglicher Verpflichtungen verarbeitet (Art. 6 Abs. 1 Buchstabe b) der Verordnung 679\/2016), die auf Anfrage der betroffenen Person erfolgen (\u00dcbermittlung der Anfrage \u00fcber das ausgef\u00fcllte Formular).<\/p>\n<p>Empf\u00e4nger personenbezogener Daten<br \/>\nDie von den Nutzern bereitgestellten personenbezogenen Daten werden in keiner Weise an Dritte weitergegeben. Sie k\u00f6nnen Angestellten und Mitarbeitern der Verantwortlichen mitgeteilt werden, die sie entsprechend den Anweisungen der Verantwortlichen verarbeiten.<\/p>\n<p>Auftragsverarbeiter<br \/>\nIm Bedarfsfall, k\u00f6nnen die bereitgestellten personenbezogenen Daten f\u00fcr T\u00e4tigkeiten im Zusammenhang mit der Wartung des technologischen Bereichs der Website von Personen verarbeitet werden, die von GIA SRL dazu beauftragt und im Sinne von Art. 28 der Verordnung (EU) 679\/2016 zu Auftragsverarbeitern ernannt wurden.<\/p>\n<p>Speicherung personenbezogener Daten<br \/>\nDie personenbezogenen Daten der Nutzer werden f\u00fcr die Dauer verarbeitet, die zur Erf\u00fcllung der angegebenen Zwecke erforderlich ist.<\/p>\n<p>Rechte der betroffenen Person<br \/>\nGem\u00e4\u00df Art. 13 Abs. 2 und Art. 15 bis 21 der Verordnung informieren wir Sie dar\u00fcber, dass Sie in Bezug auf die Verarbeitung Ihrer personenbezogenen Daten die folgenden Rechte aus\u00fcben k\u00f6nnen:<\/p>\n<p>a) Recht auf Zugang zu personenbezogenen Daten und auf folgende Informationen: &#8211; Best\u00e4tigung dar\u00fcber, ob die betreffenden personenbezogenen Daten verarbeitet werden oder nicht; &#8211; die Verarbeitungszwecke; &#8211; die Kategorien personenbezogener Daten, die verarbeitet werden; &#8211; die Empf\u00e4nger oder Kategorien von Empf\u00e4ngern, gegen\u00fcber denen die personenbezogenen Daten offengelegt worden sind oder noch offengelegt werden; &#8211; wenn die personenbezogenen Daten nicht bei der betroffenen Person erhoben werden, alle verf\u00fcgbaren Informationen \u00fcber die Herkunft der Daten; &#8211; das Bestehen einer automatisierten Entscheidungsfindung einschlie\u00dflich Profiling; &#8211; eine Kopie der personenbezogenen Daten, die Gegenstand der Verarbeitung sind.<br \/>\nb) Recht auf Berichtigung und Vervollst\u00e4ndigung der personenbezogenen Daten;<br \/>\nc) Recht auf L\u00f6schung (\u201eRecht auf Vergessenwerden\u201c), sofern einer der folgenden Gr\u00fcnde zutrifft: 1. Die personenbezogenen Daten sind f\u00fcr die Zwecke, f\u00fcr die sie erhoben oder auf sonstige Weise verarbeitet wurden, nicht mehr notwendig; 2. Die betroffene Person widerruft ihre Einwilligung, auf die sich die Verarbeitung st\u00fctzte, und es fehlt an einer anderweitigen Rechtsgrundlage f\u00fcr die Verarbeitung; 3. Die betroffene Person legt Widerspruch gegen die Verarbeitung ein und es liegen keine vorrangigen berechtigten Gr\u00fcnde f\u00fcr die Verarbeitung vor; 4. Die personenbezogenen Daten wurden unrechtm\u00e4\u00dfig verarbeitet; 5. Die L\u00f6schung der personenbezogenen Daten ist zur Erf\u00fcllung einer rechtlichen Verpflichtung nach dem Unionsrecht oder dem Recht der Mitgliedstaaten erforderlich, dem der Verantwortliche unterliegt. Hat die Verantwortliche die personenbezogenen Daten \u00f6ffentlich gemacht und ist sie zu deren L\u00f6schung verpflichtet, so ist sie verpflichtet, andere Verantwortliche, die personenbezogene Daten verarbeiten, dar\u00fcber zu informieren, dass eine betroffene Person von ihr die L\u00f6schung aller Links zu diesen personenbezogenen Daten oder von Kopien oder Replikationen dieser personenbezogenen Daten verlangt hat.<br \/>\nd) Recht auf Einschr\u00e4nkung der Verarbeitung, wenn eine der folgenden Voraussetzungen gegeben ist: 1. die Richtigkeit der personenbezogenen Daten von der betroffenen Person bestritten wird, und zwar f\u00fcr eine Dauer, die es dem Verantwortlichen erm\u00f6glicht, die Richtigkeit der personenbezogenen Daten zu \u00fcberpr\u00fcfen; 2. die Verarbeitung unrechtm\u00e4\u00dfig ist und die betroffene Person die L\u00f6schung der personenbezogenen Daten ablehnt und stattdessen die Einschr\u00e4nkung der Nutzung der personenbezogenen Daten verlangt; 3. der Verantwortliche die personenbezogenen Daten f\u00fcr die Zwecke der Verarbeitung nicht l\u00e4nger ben\u00f6tigt, die betroffene Person sie jedoch zur Geltendmachung, Aus\u00fcbung oder Verteidigung von Rechtsanspr\u00fcchen ben\u00f6tigt; 4. die betroffene Person Widerspruch gegen die Verarbeitung eingelegt hat, solange noch nicht feststeht, ob die berechtigten Gr\u00fcnde der Verantwortlichen gegen\u00fcber denen der betroffenen Person \u00fcberwiegen.<br \/>\ne) Recht bei der zust\u00e4ndigen Beh\u00f6rde f\u00fcr den Schutz personenbezogener Daten Beschwerde einzulegen unter Beachtung der auf der offiziellen Website der Beh\u00f6rde ver\u00f6ffentlichten Verfahren und Hinweise www.garanteprivacy.it.<br \/>\nf) Recht auf Daten\u00fcbertragbarkeit bzw. Recht, die sie betreffenden personenbezogenen Daten, die sie einem Verantwortlichen bereitgestellt hat, in einem strukturierten, g\u00e4ngigen und maschinenlesbaren Format zu erhalten und diese Daten eventuell einem anderen Verantwortlichen zu \u00fcbermitteln, sofern die Verarbeitung auf einer Einwilligung oder auf einem Vertrag beruht und mithilfe automatisierter Verfahren erfolgt. Soweit technisch machbar, hat die betroffene Person das Recht, zu erwirken, dass die personenbezogenen Daten direkt von einer Verantwortlichen einer anderen Verantwortlichen \u00fcbermittelt werden.<br \/>\ng) Das Recht, jederzeit Widerspruch gegen die Verarbeitung sie betreffender personenbezogener Daten, einschlie\u00dflich Profiling einzulegen, insbesondere in folgenden F\u00e4llen: 1. Die Verarbeitung erfolgt auf der Grundlage des berechtigten Interesses der Verantwortlichen, nach einer Erl\u00e4uterung der Widerspruchsgr\u00fcnde; 2. Die personenbezogenen Daten werden zum Zwecke der Direktwerbung verarbeitet.<br \/>\nh) Die betroffene Person hat das Recht, nicht einer ausschlie\u00dflich auf einer automatisierten Verarbeitung \u2014 einschlie\u00dflich Profiling \u2014 beruhenden Entscheidung unterworfen zu werden. Das gilt nicht, wenn die Entscheidung: f\u00fcr den Abschluss oder die Erf\u00fcllung eines Vertrags zwischen der betroffenen Person und der Verantwortlichen erforderlich ist, aufgrund von Rechtsvorschriften der Union oder der Mitgliedstaaten, denen die Verantwortliche unterliegt, zul\u00e4ssig ist oder mit ausdr\u00fccklicher Einwilligung der betroffenen Person erfolgt.<br \/>\ni) Bestehen des Rechts, die Einwilligung jederzeit zu widerrufen; die Daten m\u00fcssen, wenn sie nicht auf einer anderen Rechtsgrundlage zur Verarbeitung beruhen (einschlie\u00dflich der Erf\u00fcllung einer rechtlichen Verpflichtung oder der Erf\u00fcllung eines Vertrags), von der Verantwortlichen gel\u00f6scht werden. Die Aus\u00fcbung der Rechte unterliegt keinem Formzwang und ist kostenlos.<\/p>\n<p>Wie Sie Ihre Rechte wahrnehmen k\u00f6nnen<br \/>\nDie betroffene Person ist berechtigt, ihre Rechte jederzeit auszu\u00fcben, indem sie: &#8211; ein Einschreiben mit R\u00fcckschein an die GIA SRL mit Sitz in Terre del Reno (Fe) Via Luneda 9 sendet; &#8211; eine E-Mail an folgende Adresse sendet: info@giaspa.it<\/p>\n<p>Verantwortliche der Datenverarbeitung Die Verantwortliche ist die GIA SRL&#8220;<br \/>\nGIA srl<br \/>\nVia Luneda 9 &#8211; ITALY<br \/>\n44047 Terre del Reno (FE)<br \/>\nTel.: +39 0532 849 801<br \/>\nFax: +39 0532 849 800<br \/>\nE-Mail: info@giaspa.it<\/p>\n","protected":false},"excerpt":{"rendered":"<p>Datenschutzhinweise gem\u00e4\u00df Art. 13-14 der EU-Datenschutzgrundverordnung (DSGVO) &#8222;Diese Datenschutzhinweise werden gem\u00e4\u00df Art. 13 der Verordnung (EU) 679\/2016 von GIA SRL mit Sitz in Cento (FE), Via Luneda 9, in ihrer Eigenschaft als Verantwortliche f\u00fcr die Datenverarbeitung Personen bereitgestellt, die auf die Website der GIA SRL&#8230;<\/p>\n","protected":false},"author":1,"featured_media":0,"parent":0,"menu_order":0,"comment_status":"closed","ping_status":"closed","template":"","meta":{"footnotes":""},"class_list":["post-13344","page","type-page","status-publish","hentry"],"yoast_head":"<!-- This site is optimized with the Yoast SEO plugin v22.6 - https:\/\/yoast.com\/wordpress\/plugins\/seo\/ -->\n<title>Privacy policy - GIA - DIE FRISCHE UND DAS AROMA DER PRODUKTE DER NATUR IN TUBEN<\/title>\n<meta name=\"robots\" content=\"index, follow, max-snippet:-1, max-image-preview:large, max-video-preview:-1\" \/>\n<link rel=\"canonical\" href=\"https:\/\/www.giaspa.it\/de\/privacy-policy\/\" \/>\n<meta property=\"og:locale\" content=\"de_DE\" \/>\n<meta property=\"og:type\" content=\"article\" \/>\n<meta property=\"og:title\" content=\"Privacy policy - GIA - DIE FRISCHE UND DAS AROMA DER PRODUKTE DER NATUR IN TUBEN\" \/>\n<meta property=\"og:description\" content=\"Datenschutzhinweise gem\u00e4\u00df Art. 13-14 der EU-Datenschutzgrundverordnung (DSGVO) &#8222;Diese Datenschutzhinweise werden gem\u00e4\u00df Art. 13 der Verordnung (EU) 679\/2016 von GIA SRL mit Sitz in Cento (FE), Via Luneda 9, in ihrer Eigenschaft als Verantwortliche f\u00fcr die Datenverarbeitung Personen bereitgestellt, die auf die Website der GIA SRL...\" \/>\n<meta property=\"og:url\" content=\"https:\/\/www.giaspa.it\/de\/privacy-policy\/\" \/>\n<meta property=\"og:site_name\" content=\"GIA - DIE FRISCHE UND DAS AROMA DER PRODUKTE DER NATUR IN TUBEN\" \/>\n<meta property=\"article:modified_time\" content=\"2023-08-26T06:11:16+00:00\" \/>\n<meta property=\"og:image\" content=\"https:\/\/www.giaspa.it\/wp-content\/uploads\/2023\/07\/aglio_home.jpg\" \/>\n\t<meta property=\"og:image:width\" content=\"2000\" \/>\n\t<meta property=\"og:image:height\" content=\"1000\" \/>\n\t<meta property=\"og:image:type\" content=\"image\/jpeg\" \/>\n<meta name=\"twitter:card\" content=\"summary_large_image\" \/>\n<meta name=\"twitter:label1\" content=\"Gesch\u00e4tzte Lesezeit\" \/>\n\t<meta name=\"twitter:data1\" content=\"5\u00a0Minuten\" \/>\n<script type=\"application\/ld+json\" class=\"yoast-schema-graph\">{\"@context\":\"https:\/\/schema.org\",\"@graph\":[{\"@type\":\"WebPage\",\"@id\":\"https:\/\/www.giaspa.it\/de\/privacy-policy\/\",\"url\":\"https:\/\/www.giaspa.it\/de\/privacy-policy\/\",\"name\":\"Privacy policy - GIA - DIE FRISCHE UND DAS AROMA DER PRODUKTE DER NATUR IN TUBEN\",\"isPartOf\":{\"@id\":\"https:\/\/www.giaspa.it\/de\/#website\"},\"datePublished\":\"2023-07-26T14:44:21+00:00\",\"dateModified\":\"2023-08-26T06:11:16+00:00\",\"breadcrumb\":{\"@id\":\"https:\/\/www.giaspa.it\/de\/privacy-policy\/#breadcrumb\"},\"inLanguage\":\"de\",\"potentialAction\":[{\"@type\":\"ReadAction\",\"target\":[\"https:\/\/www.giaspa.it\/de\/privacy-policy\/\"]}]},{\"@type\":\"BreadcrumbList\",\"@id\":\"https:\/\/www.giaspa.it\/de\/privacy-policy\/#breadcrumb\",\"itemListElement\":[{\"@type\":\"ListItem\",\"position\":1,\"name\":\"Home\",\"item\":\"https:\/\/www.giaspa.it\/de\/\"},{\"@type\":\"ListItem\",\"position\":2,\"name\":\"Privacy policy\"}]},{\"@type\":\"WebSite\",\"@id\":\"https:\/\/www.giaspa.it\/de\/#website\",\"url\":\"https:\/\/www.giaspa.it\/de\/\",\"name\":\"GIA - Condimenti pronti nel tubetto\",\"description\":\"www.giaspa.it\",\"publisher\":{\"@id\":\"https:\/\/www.giaspa.it\/de\/#organization\"},\"potentialAction\":[{\"@type\":\"SearchAction\",\"target\":{\"@type\":\"EntryPoint\",\"urlTemplate\":\"https:\/\/www.giaspa.it\/de\/?s={search_term_string}\"},\"query-input\":\"required name=search_term_string\"}],\"inLanguage\":\"de\"},{\"@type\":\"Organization\",\"@id\":\"https:\/\/www.giaspa.it\/de\/#organization\",\"name\":\"GIA - Condimenti pronti nel tubetto\",\"url\":\"https:\/\/www.giaspa.it\/de\/\",\"logo\":{\"@type\":\"ImageObject\",\"inLanguage\":\"de\",\"@id\":\"https:\/\/www.giaspa.it\/de\/#\/schema\/logo\/image\/\",\"url\":\"https:\/\/www.giaspa.it\/wp-content\/uploads\/2022\/07\/logo.png\",\"contentUrl\":\"https:\/\/www.giaspa.it\/wp-content\/uploads\/2022\/07\/logo.png\",\"width\":140,\"height\":131,\"caption\":\"GIA - Condimenti pronti nel tubetto\"},\"image\":{\"@id\":\"https:\/\/www.giaspa.it\/de\/#\/schema\/logo\/image\/\"},\"sameAs\":[\"https:\/\/www.instagram.com\/gia_condimenti\/\",\"https:\/\/www.youtube.com\/channel\/UC-p3_SkGoJGQQchmrNGo9sw\",\"http:\/\/linkedin.com\/company\/gia-lanaturaintubetto\"]}]}<\/script>\n<!-- \/ Yoast SEO plugin. -->","yoast_head_json":{"title":"Privacy policy - GIA - DIE FRISCHE UND DAS AROMA DER PRODUKTE DER NATUR IN TUBEN","robots":{"index":"index","follow":"follow","max-snippet":"max-snippet:-1","max-image-preview":"max-image-preview:large","max-video-preview":"max-video-preview:-1"},"canonical":"https:\/\/www.giaspa.it\/de\/privacy-policy\/","og_locale":"de_DE","og_type":"article","og_title":"Privacy policy - GIA - DIE FRISCHE UND DAS AROMA DER PRODUKTE DER NATUR IN TUBEN","og_description":"Datenschutzhinweise gem\u00e4\u00df Art. 13-14 der EU-Datenschutzgrundverordnung (DSGVO) &#8222;Diese Datenschutzhinweise werden gem\u00e4\u00df Art. 13 der Verordnung (EU) 679\/2016 von GIA SRL mit Sitz in Cento (FE), Via Luneda 9, in ihrer Eigenschaft als Verantwortliche f\u00fcr die Datenverarbeitung Personen bereitgestellt, die auf die Website der GIA SRL...","og_url":"https:\/\/www.giaspa.it\/de\/privacy-policy\/","og_site_name":"GIA - DIE FRISCHE UND DAS AROMA DER PRODUKTE DER NATUR IN TUBEN","article_modified_time":"2023-08-26T06:11:16+00:00","og_image":[{"width":2000,"height":1000,"url":"https:\/\/www.giaspa.it\/wp-content\/uploads\/2023\/07\/aglio_home.jpg","type":"image\/jpeg"}],"twitter_card":"summary_large_image","twitter_misc":{"Gesch\u00e4tzte Lesezeit":"5\u00a0Minuten"},"schema":{"@context":"https:\/\/schema.org","@graph":[{"@type":"WebPage","@id":"https:\/\/www.giaspa.it\/de\/privacy-policy\/","url":"https:\/\/www.giaspa.it\/de\/privacy-policy\/","name":"Privacy policy - GIA - DIE FRISCHE UND DAS AROMA DER PRODUKTE DER NATUR IN TUBEN","isPartOf":{"@id":"https:\/\/www.giaspa.it\/de\/#website"},"datePublished":"2023-07-26T14:44:21+00:00","dateModified":"2023-08-26T06:11:16+00:00","breadcrumb":{"@id":"https:\/\/www.giaspa.it\/de\/privacy-policy\/#breadcrumb"},"inLanguage":"de","potentialAction":[{"@type":"ReadAction","target":["https:\/\/www.giaspa.it\/de\/privacy-policy\/"]}]},{"@type":"BreadcrumbList","@id":"https:\/\/www.giaspa.it\/de\/privacy-policy\/#breadcrumb","itemListElement":[{"@type":"ListItem","position":1,"name":"Home","item":"https:\/\/www.giaspa.it\/de\/"},{"@type":"ListItem","position":2,"name":"Privacy policy"}]},{"@type":"WebSite","@id":"https:\/\/www.giaspa.it\/de\/#website","url":"https:\/\/www.giaspa.it\/de\/","name":"GIA - Condimenti pronti nel tubetto","description":"www.giaspa.it","publisher":{"@id":"https:\/\/www.giaspa.it\/de\/#organization"},"potentialAction":[{"@type":"SearchAction","target":{"@type":"EntryPoint","urlTemplate":"https:\/\/www.giaspa.it\/de\/?s={search_term_string}"},"query-input":"required name=search_term_string"}],"inLanguage":"de"},{"@type":"Organization","@id":"https:\/\/www.giaspa.it\/de\/#organization","name":"GIA - Condimenti pronti nel tubetto","url":"https:\/\/www.giaspa.it\/de\/","logo":{"@type":"ImageObject","inLanguage":"de","@id":"https:\/\/www.giaspa.it\/de\/#\/schema\/logo\/image\/","url":"https:\/\/www.giaspa.it\/wp-content\/uploads\/2022\/07\/logo.png","contentUrl":"https:\/\/www.giaspa.it\/wp-content\/uploads\/2022\/07\/logo.png","width":140,"height":131,"caption":"GIA - Condimenti pronti nel tubetto"},"image":{"@id":"https:\/\/www.giaspa.it\/de\/#\/schema\/logo\/image\/"},"sameAs":["https:\/\/www.instagram.com\/gia_condimenti\/","https:\/\/www.youtube.com\/channel\/UC-p3_SkGoJGQQchmrNGo9sw","http:\/\/linkedin.com\/company\/gia-lanaturaintubetto"]}]}},"_links":{"self":[{"href":"https:\/\/www.giaspa.it\/de\/wp-json\/wp\/v2\/pages\/13344","targetHints":{"allow":["GET"]}}],"collection":[{"href":"https:\/\/www.giaspa.it\/de\/wp-json\/wp\/v2\/pages"}],"about":[{"href":"https:\/\/www.giaspa.it\/de\/wp-json\/wp\/v2\/types\/page"}],"author":[{"embeddable":true,"href":"https:\/\/www.giaspa.it\/de\/wp-json\/wp\/v2\/users\/1"}],"replies":[{"embeddable":true,"href":"https:\/\/www.giaspa.it\/de\/wp-json\/wp\/v2\/comments?post=13344"}],"version-history":[{"count":0,"href":"https:\/\/www.giaspa.it\/de\/wp-json\/wp\/v2\/pages\/13344\/revisions"}],"wp:attachment":[{"href":"https:\/\/www.giaspa.it\/de\/wp-json\/wp\/v2\/media?parent=13344"}],"curies":[{"name":"wp","href":"https:\/\/api.w.org\/{rel}","templated":true}]}}