{"id":13340,"date":"2023-07-26T14:45:30","date_gmt":"2023-07-26T14:45:30","guid":{"rendered":"http:\/\/www.giaspa.it\/cookie-policy\/"},"modified":"2023-08-26T06:03:30","modified_gmt":"2023-08-26T06:03:30","slug":"cookie-policy","status":"publish","type":"page","link":"https:\/\/www.giaspa.it\/de\/cookie-policy\/","title":{"rendered":"Cookie policy"},"content":{"rendered":"<h1>Cookie-Richtlinie<\/h1>\n<p>Unsere Website verwendet Cookies, wie fast alle Websites, um Ihnen das bestm\u00f6gliche Surferlebnis zu bieten. Cookies sind kleine Textdateien, die auf Ihrem Computer oder Mobiltelefon abgelegt werden, wenn Sie Websites durchsuchen.<\/p>\n<p><strong>Wir verwenden keine Cookies, um:<\/strong><\/p>\n<ul>\n<li>Pers\u00f6nlich identifizierbare Informationen oder sensible Informationen zu sammeln<\/li>\n<li>Daten an Werbenetzwerke weiterzugeben<\/li>\n<li>Pers\u00f6nlich identifizierbare Informationen an Dritte weiterzugeben<\/li>\n<\/ul>\n<p>Wenn Sie der Verwendung von Cookies zugestimmt haben und der Browser, den Sie f\u00fcr die Navigation auf der Website verwenden, so eingestellt ist, dass er Cookies akzeptiert, bedeutet dies, dass Sie der Installation unserer technischen Cookies zustimmen. Wenn Sie Cookies von unserer Website entfernen oder nicht verwenden m\u00f6chten, funktioniert unsere Website m\u00f6glicherweise nicht wie erwartet.<\/p>\n<p>&nbsp;<\/p>\n<p><strong>Funktionen von Drittanbietern<\/strong><\/p>\n<p>Diese Website verwendet gelegentlich Videos von YouTube und Vimeo, Inhalte von sozialen Netzwerken wie Twitter, Facebook, Google+ und im Allgemeinen einbettbare Inhalte von anderen Plattformen. Es wird empfohlen, sich direkt bei jedem Drittanbieter nach mehr Kontrolle \u00fcber diese Cookies zu erkundigen.<\/p>\n<p><a href=\"https:\/\/www.facebook.com\/help\/cookies\/\" target=\"_blank\" rel=\"noopener\">Facebook<\/a><br \/>\n<a href=\"https:\/\/twitter.com\/privacy?lang=de\" target=\"_blank\" rel=\"noopener\">Twitter<\/a><br \/>\n<a href=\"https:\/\/www.google.de\/intl\/de\/policies\/privacy\/\" target=\"_blank\" rel=\"noopener\">YouTube<\/a><br \/>\n<a href=\"http:\/\/www.google.com\/policies\/technologies\/types\/\" target=\"_blank\" rel=\"noopener\">Google+<\/a><br \/>\n<a href=\"https:\/\/vimeo.com\/cookie_policy\" target=\"_blank\" rel=\"noopener\">Vimeo<\/a><\/p>\n<p>Zus\u00e4tzlich haben wir auf dieser Website Funktionen von: <a href=\"https:\/\/www.google.de\/intl\/de\/policies\/privacy\/\" target=\"_blank\" rel=\"noopener\">Google Fonts<\/a> und <a href=\"https:\/\/www.google.de\/intl\/de\/policies\/privacy\/\" target=\"_blank\" rel=\"noopener\">Google Maps<\/a> eingebunden. Diese Dienste werden immer von Google bereitgestellt, sodass Sie sich immer auf die Richtlinien von <a href=\"https:\/\/www.google.de\/intl\/de\/policies\/privacy\/\" target=\"_blank\" rel=\"noopener\">Google<\/a> beziehen k\u00f6nnen.<\/p>\n<p>&nbsp;<\/p>\n<p><strong>Cookies f\u00fcr anonyme Besuchsstatistiken<\/strong><\/p>\n<p>Wir verwenden Cookies, um Besucherstatistiken zu erstellen, wie die Anzahl der Personen, die unsere Website besucht haben, und welche Art von Technologie sie verwenden (zum Beispiel Mac oder Windows, was uns dabei hilft, zu \u00fcberpr\u00fcfen, wann unsere Website auf bestimmten Technologien nicht ordnungsgem\u00e4\u00df funktioniert), wie lange Benutzer auf der Website bleiben und welche Seiten am h\u00e4ufigsten besucht werden. Dies hilft uns, unsere Website kontinuierlich zu verbessern. Diese Statistiken geben uns auch anonym Auskunft dar\u00fcber, wie Personen diese Website erreicht haben (zum Beispiel \u00fcber eine Suchmaschine).<\/p>\n<p>Weitere Informationen zur Verwaltung von Datenschutz und\/oder M\u00f6glichkeiten zur Ablehnung oder L\u00f6schung dieser Art von Cookies finden Sie <a href=\"http:\/\/www.google.de\/intl\/de\/analytics\/privacyoverview.html\" target=\"_blank\" rel=\"noopener\">hier<\/a>.<\/p>\n<p>Um die Datenerfassung durch Google Analytics zu deaktivieren, verweisen Sie auf diesen <a href=\"https:\/\/tools.google.com\/dlpage\/gaoptout\" target=\"_blank\" rel=\"noopener\">Link<\/a>.<\/p>\n<p>Sie k\u00f6nnen alle in Ihrem Browser-Ordner f\u00fcr Cookies installierten Cookies l\u00f6schen. Jeder Browser verf\u00fcgt \u00fcber unterschiedliche Verfahren zur Verwaltung von Einstellungen. Klicken Sie auf einen der folgenden Links, um spezifische Anweisungen zu erhalten.<\/p>\n<p><a href=\"http:\/\/windows.microsoft.com\/de-de\/windows7\/block-enable-or-allow-cookies\">Microsoft Windows Explorer<\/a><br \/>\n<a href=\"https:\/\/support.google.com\/chrome\/bin\/answer.py?hl=de&amp;answer=95647&amp;p=cpn_cookies\">Google Chrome<\/a><br \/>\n<a href=\"http:\/\/support.mozilla.org\/de\/kb\/Cookies%20erlauben%20und%20ablehnen\">Mozilla Firefox<\/a><br \/>\n<a href=\"http:\/\/support.apple.com\/kb\/PH17191?viewlocale=de_DE&amp;locale=de_DE\">Apple Safari<\/a><\/p>\n<p><em>Wenn Sie keinen der oben genannten Browser verwenden, w\u00e4hlen Sie in der entsprechenden Abschnitt des Leitfadens &#8222;Cookies&#8220;, um herauszufinden, wo sich Ihr Cookie-Ordner befindet.<\/em><\/p>\n<p>&nbsp;<\/p>\n","protected":false},"excerpt":{"rendered":"<p>Cookie-Richtlinie Unsere Website verwendet Cookies, wie fast alle Websites, um Ihnen das bestm\u00f6gliche Surferlebnis zu bieten. Cookies sind kleine Textdateien, die auf Ihrem Computer oder Mobiltelefon abgelegt werden, wenn Sie Websites durchsuchen. Wir verwenden keine Cookies, um: Pers\u00f6nlich identifizierbare Informationen oder sensible Informationen zu sammeln&#8230;<\/p>\n","protected":false},"author":1,"featured_media":0,"parent":0,"menu_order":0,"comment_status":"closed","ping_status":"closed","template":"","meta":{"footnotes":""},"class_list":["post-13340","page","type-page","status-publish","hentry"],"yoast_head":"<!-- This site is optimized with the Yoast SEO plugin v22.6 - https:\/\/yoast.com\/wordpress\/plugins\/seo\/ -->\n<title>Cookie policy - GIA - DIE FRISCHE UND DAS AROMA DER PRODUKTE DER NATUR IN TUBEN<\/title>\n<meta name=\"robots\" content=\"index, follow, max-snippet:-1, max-image-preview:large, max-video-preview:-1\" \/>\n<link rel=\"canonical\" href=\"https:\/\/www.giaspa.it\/de\/cookie-policy\/\" \/>\n<meta property=\"og:locale\" content=\"de_DE\" \/>\n<meta property=\"og:type\" content=\"article\" \/>\n<meta property=\"og:title\" content=\"Cookie policy - GIA - DIE FRISCHE UND DAS AROMA DER PRODUKTE DER NATUR IN TUBEN\" \/>\n<meta property=\"og:description\" content=\"Cookie-Richtlinie Unsere Website verwendet Cookies, wie fast alle Websites, um Ihnen das bestm\u00f6gliche Surferlebnis zu bieten. Cookies sind kleine Textdateien, die auf Ihrem Computer oder Mobiltelefon abgelegt werden, wenn Sie Websites durchsuchen. Wir verwenden keine Cookies, um: Pers\u00f6nlich identifizierbare Informationen oder sensible Informationen zu sammeln...\" \/>\n<meta property=\"og:url\" content=\"https:\/\/www.giaspa.it\/de\/cookie-policy\/\" \/>\n<meta property=\"og:site_name\" content=\"GIA - DIE FRISCHE UND DAS AROMA DER PRODUKTE DER NATUR IN TUBEN\" \/>\n<meta property=\"article:modified_time\" content=\"2023-08-26T06:03:30+00:00\" \/>\n<meta property=\"og:image\" content=\"https:\/\/www.giaspa.it\/wp-content\/uploads\/2023\/07\/aglio_home.jpg\" \/>\n\t<meta property=\"og:image:width\" content=\"2000\" \/>\n\t<meta property=\"og:image:height\" content=\"1000\" \/>\n\t<meta property=\"og:image:type\" content=\"image\/jpeg\" \/>\n<meta name=\"twitter:card\" content=\"summary_large_image\" \/>\n<meta name=\"twitter:label1\" content=\"Gesch\u00e4tzte Lesezeit\" \/>\n\t<meta name=\"twitter:data1\" content=\"2\u00a0Minuten\" \/>\n<script type=\"application\/ld+json\" class=\"yoast-schema-graph\">{\"@context\":\"https:\/\/schema.org\",\"@graph\":[{\"@type\":\"WebPage\",\"@id\":\"https:\/\/www.giaspa.it\/de\/cookie-policy\/\",\"url\":\"https:\/\/www.giaspa.it\/de\/cookie-policy\/\",\"name\":\"Cookie policy - GIA - DIE FRISCHE UND DAS AROMA DER PRODUKTE DER NATUR IN TUBEN\",\"isPartOf\":{\"@id\":\"https:\/\/www.giaspa.it\/de\/#website\"},\"datePublished\":\"2023-07-26T14:45:30+00:00\",\"dateModified\":\"2023-08-26T06:03:30+00:00\",\"breadcrumb\":{\"@id\":\"https:\/\/www.giaspa.it\/de\/cookie-policy\/#breadcrumb\"},\"inLanguage\":\"de\",\"potentialAction\":[{\"@type\":\"ReadAction\",\"target\":[\"https:\/\/www.giaspa.it\/de\/cookie-policy\/\"]}]},{\"@type\":\"BreadcrumbList\",\"@id\":\"https:\/\/www.giaspa.it\/de\/cookie-policy\/#breadcrumb\",\"itemListElement\":[{\"@type\":\"ListItem\",\"position\":1,\"name\":\"Home\",\"item\":\"https:\/\/www.giaspa.it\/de\/\"},{\"@type\":\"ListItem\",\"position\":2,\"name\":\"Cookie policy\"}]},{\"@type\":\"WebSite\",\"@id\":\"https:\/\/www.giaspa.it\/de\/#website\",\"url\":\"https:\/\/www.giaspa.it\/de\/\",\"name\":\"GIA - Condimenti pronti nel tubetto\",\"description\":\"www.giaspa.it\",\"publisher\":{\"@id\":\"https:\/\/www.giaspa.it\/de\/#organization\"},\"potentialAction\":[{\"@type\":\"SearchAction\",\"target\":{\"@type\":\"EntryPoint\",\"urlTemplate\":\"https:\/\/www.giaspa.it\/de\/?s={search_term_string}\"},\"query-input\":\"required name=search_term_string\"}],\"inLanguage\":\"de\"},{\"@type\":\"Organization\",\"@id\":\"https:\/\/www.giaspa.it\/de\/#organization\",\"name\":\"GIA - Condimenti pronti nel tubetto\",\"url\":\"https:\/\/www.giaspa.it\/de\/\",\"logo\":{\"@type\":\"ImageObject\",\"inLanguage\":\"de\",\"@id\":\"https:\/\/www.giaspa.it\/de\/#\/schema\/logo\/image\/\",\"url\":\"https:\/\/www.giaspa.it\/wp-content\/uploads\/2022\/07\/logo.png\",\"contentUrl\":\"https:\/\/www.giaspa.it\/wp-content\/uploads\/2022\/07\/logo.png\",\"width\":140,\"height\":131,\"caption\":\"GIA - Condimenti pronti nel tubetto\"},\"image\":{\"@id\":\"https:\/\/www.giaspa.it\/de\/#\/schema\/logo\/image\/\"},\"sameAs\":[\"https:\/\/www.instagram.com\/gia_condimenti\/\",\"https:\/\/www.youtube.com\/channel\/UC-p3_SkGoJGQQchmrNGo9sw\",\"http:\/\/linkedin.com\/company\/gia-lanaturaintubetto\"]}]}<\/script>\n<!-- \/ Yoast SEO plugin. -->","yoast_head_json":{"title":"Cookie policy - GIA - DIE FRISCHE UND DAS AROMA DER PRODUKTE DER NATUR IN TUBEN","robots":{"index":"index","follow":"follow","max-snippet":"max-snippet:-1","max-image-preview":"max-image-preview:large","max-video-preview":"max-video-preview:-1"},"canonical":"https:\/\/www.giaspa.it\/de\/cookie-policy\/","og_locale":"de_DE","og_type":"article","og_title":"Cookie policy - GIA - DIE FRISCHE UND DAS AROMA DER PRODUKTE DER NATUR IN TUBEN","og_description":"Cookie-Richtlinie Unsere Website verwendet Cookies, wie fast alle Websites, um Ihnen das bestm\u00f6gliche Surferlebnis zu bieten. Cookies sind kleine Textdateien, die auf Ihrem Computer oder Mobiltelefon abgelegt werden, wenn Sie Websites durchsuchen. Wir verwenden keine Cookies, um: Pers\u00f6nlich identifizierbare Informationen oder sensible Informationen zu sammeln...","og_url":"https:\/\/www.giaspa.it\/de\/cookie-policy\/","og_site_name":"GIA - DIE FRISCHE UND DAS AROMA DER PRODUKTE DER NATUR IN TUBEN","article_modified_time":"2023-08-26T06:03:30+00:00","og_image":[{"width":2000,"height":1000,"url":"https:\/\/www.giaspa.it\/wp-content\/uploads\/2023\/07\/aglio_home.jpg","type":"image\/jpeg"}],"twitter_card":"summary_large_image","twitter_misc":{"Gesch\u00e4tzte Lesezeit":"2\u00a0Minuten"},"schema":{"@context":"https:\/\/schema.org","@graph":[{"@type":"WebPage","@id":"https:\/\/www.giaspa.it\/de\/cookie-policy\/","url":"https:\/\/www.giaspa.it\/de\/cookie-policy\/","name":"Cookie policy - GIA - DIE FRISCHE UND DAS AROMA DER PRODUKTE DER NATUR IN TUBEN","isPartOf":{"@id":"https:\/\/www.giaspa.it\/de\/#website"},"datePublished":"2023-07-26T14:45:30+00:00","dateModified":"2023-08-26T06:03:30+00:00","breadcrumb":{"@id":"https:\/\/www.giaspa.it\/de\/cookie-policy\/#breadcrumb"},"inLanguage":"de","potentialAction":[{"@type":"ReadAction","target":["https:\/\/www.giaspa.it\/de\/cookie-policy\/"]}]},{"@type":"BreadcrumbList","@id":"https:\/\/www.giaspa.it\/de\/cookie-policy\/#breadcrumb","itemListElement":[{"@type":"ListItem","position":1,"name":"Home","item":"https:\/\/www.giaspa.it\/de\/"},{"@type":"ListItem","position":2,"name":"Cookie policy"}]},{"@type":"WebSite","@id":"https:\/\/www.giaspa.it\/de\/#website","url":"https:\/\/www.giaspa.it\/de\/","name":"GIA - Condimenti pronti nel tubetto","description":"www.giaspa.it","publisher":{"@id":"https:\/\/www.giaspa.it\/de\/#organization"},"potentialAction":[{"@type":"SearchAction","target":{"@type":"EntryPoint","urlTemplate":"https:\/\/www.giaspa.it\/de\/?s={search_term_string}"},"query-input":"required name=search_term_string"}],"inLanguage":"de"},{"@type":"Organization","@id":"https:\/\/www.giaspa.it\/de\/#organization","name":"GIA - Condimenti pronti nel tubetto","url":"https:\/\/www.giaspa.it\/de\/","logo":{"@type":"ImageObject","inLanguage":"de","@id":"https:\/\/www.giaspa.it\/de\/#\/schema\/logo\/image\/","url":"https:\/\/www.giaspa.it\/wp-content\/uploads\/2022\/07\/logo.png","contentUrl":"https:\/\/www.giaspa.it\/wp-content\/uploads\/2022\/07\/logo.png","width":140,"height":131,"caption":"GIA - Condimenti pronti nel tubetto"},"image":{"@id":"https:\/\/www.giaspa.it\/de\/#\/schema\/logo\/image\/"},"sameAs":["https:\/\/www.instagram.com\/gia_condimenti\/","https:\/\/www.youtube.com\/channel\/UC-p3_SkGoJGQQchmrNGo9sw","http:\/\/linkedin.com\/company\/gia-lanaturaintubetto"]}]}},"_links":{"self":[{"href":"https:\/\/www.giaspa.it\/de\/wp-json\/wp\/v2\/pages\/13340","targetHints":{"allow":["GET"]}}],"collection":[{"href":"https:\/\/www.giaspa.it\/de\/wp-json\/wp\/v2\/pages"}],"about":[{"href":"https:\/\/www.giaspa.it\/de\/wp-json\/wp\/v2\/types\/page"}],"author":[{"embeddable":true,"href":"https:\/\/www.giaspa.it\/de\/wp-json\/wp\/v2\/users\/1"}],"replies":[{"embeddable":true,"href":"https:\/\/www.giaspa.it\/de\/wp-json\/wp\/v2\/comments?post=13340"}],"version-history":[{"count":0,"href":"https:\/\/www.giaspa.it\/de\/wp-json\/wp\/v2\/pages\/13340\/revisions"}],"wp:attachment":[{"href":"https:\/\/www.giaspa.it\/de\/wp-json\/wp\/v2\/media?parent=13340"}],"curies":[{"name":"wp","href":"https:\/\/api.w.org\/{rel}","templated":true}]}}