{"id":13196,"date":"2022-07-09T07:50:18","date_gmt":"2022-07-09T07:50:18","guid":{"rendered":"http:\/\/www.giaspa.it\/products\/"},"modified":"2024-05-02T17:47:05","modified_gmt":"2024-05-02T17:47:05","slug":"produkte","status":"publish","type":"page","link":"https:\/\/www.giaspa.it\/de\/produkte\/","title":{"rendered":"Produkte"},"content":{"rendered":"<p>[vc_row css_animation=&#8220;&#8220; row_type=&#8220;row&#8220; use_row_as_full_screen_section=&#8220;no&#8220; type=&#8220;grid&#8220; angled_section=&#8220;no&#8220; text_align=&#8220;left&#8220; background_image_as_pattern=&#8220;without_pattern&#8220; css=&#8220;.vc_custom_1657694878745{background-color: #a2c617 !important;}&#8220; z_index=&#8220;&#8220;][vc_column][vc_empty_space][vc_column_text]<\/p>\n<h5 style=\"text-align: center;\"><span style=\"color: #ffffff;\">GIA-Produkte repr\u00e4sentieren kulinarische Exzellenz, hergestellt aus sorgf\u00e4ltig ausgew\u00e4hlten Zutaten und mit Sorgfalt verarbeitet. Ihre hohe Qualit\u00e4t und Bequemlichkeit machen sie zu unverzichtbaren Werkzeugen in der K\u00fcche, ohne Kompromisse bei Geschmack und Raffinesse einzugehen. Mit den GIA-Tuben k\u00f6nnen Sie immer die genauen Mengen f\u00fcr jedes Gericht abmessen, um Reste im K\u00fchlschrank zu minimieren.<br \/>\n<\/span><\/h5>\n<p>[\/vc_column_text][vc_empty_space][\/vc_column][\/vc_row][vc_row css_animation=&#8220;&#8220; row_type=&#8220;row&#8220; use_row_as_full_screen_section=&#8220;no&#8220; type=&#8220;grid&#8220; angled_section=&#8220;no&#8220; text_align=&#8220;center&#8220; background_image_as_pattern=&#8220;without_pattern&#8220; z_index=&#8220;&#8220;][vc_column width=&#8220;1\/4&#8243;]<div class='image_hover ' style='' data-transition-delay=''><div class='images_holder'><a itemprop='url' href='http:\/\/www.giaspa.it\/de\/knoblauchpaste\/' target='_self'><img itemprop='image' class='active_image ' src='https:\/\/www.giaspa.it\/wp-content\/uploads\/2023\/09\/Aglio_DE.jpg' alt='' style='' \/><img itemprop='image' class='hover_image' src='https:\/\/www.giaspa.it\/wp-content\/uploads\/2023\/08\/materia_prima-aglio-1.jpg' alt='' style='' \/><\/a><\/div><\/div>[vc_column_text]<\/p>\n<h2><a href=\"http:\/\/www.giaspa.it\/de\/knoblauchpaste\/\">Knoblauchpaste<\/a><\/h2>\n<p>[\/vc_column_text][vc_empty_space][vc_empty_space][\/vc_column][vc_column width=&#8220;1\/4&#8243;]<div class='image_hover ' style='' data-transition-delay=''><div class='images_holder'><a itemprop='url' href='http:\/\/www.giaspa.it\/de\/zwiebelpaste\/' target='_self'><img itemprop='image' class='active_image ' src='https:\/\/www.giaspa.it\/wp-content\/uploads\/2023\/09\/Cipolla_DE.jpg' alt='' style='' \/><img itemprop='image' class='hover_image' src='https:\/\/www.giaspa.it\/wp-content\/uploads\/2023\/08\/cipolla.jpg' alt='' style='' \/><\/a><\/div><\/div>[vc_column_text]<\/p>\n<h2><a href=\"http:\/\/www.giaspa.it\/de\/zwiebelpaste\/\">Zwiebelpaste<\/a><\/h2>\n<p>[\/vc_column_text][vc_empty_space][vc_empty_space][\/vc_column][vc_column width=&#8220;1\/4&#8243;]<div class='image_hover ' style='' data-transition-delay=''><div class='images_holder'><a itemprop='url' href='http:\/\/www.giaspa.it\/de\/chilipaste\/' target='_self'><img itemprop='image' class='active_image ' src='https:\/\/www.giaspa.it\/wp-content\/uploads\/2023\/09\/Peperoncino_DE.jpg' alt='' style='' \/><img itemprop='image' class='hover_image' src='https:\/\/www.giaspa.it\/wp-content\/uploads\/2022\/07\/PEPERONCINO.jpg' alt='' style='' \/><\/a><\/div><\/div>[vc_column_text]<\/p>\n<h2><a href=\"http:\/\/www.giaspa.it\/de\/chilipaste\/\">Chilipaste<\/a><\/h2>\n<p>[\/vc_column_text][vc_empty_space][vc_empty_space][\/vc_column][vc_column width=&#8220;1\/4&#8243;]<div class='image_hover ' style='' data-transition-delay=''><div class='images_holder'><a itemprop='url' href='http:\/\/www.giaspa.it\/de\/paste-aus-getrockneten-tomaten\/' target='_self'><img itemprop='image' class='active_image ' src='https:\/\/www.giaspa.it\/wp-content\/uploads\/2023\/09\/Pomodori-Secchi_DE.jpg' alt='' style='' \/><img itemprop='image' class='hover_image' src='https:\/\/www.giaspa.it\/wp-content\/uploads\/2022\/07\/POMODORO.jpg' alt='' style='' \/><\/a><\/div><\/div>[vc_column_text]<\/p>\n<h2><a href=\"http:\/\/www.giaspa.it\/de\/paste-aus-getrockneten-tomaten\/\">Paste aus getrockneten Tomaten<\/a><\/h2>\n<p>[\/vc_column_text][vc_empty_space][vc_empty_space][\/vc_column][\/vc_row][vc_row css_animation=&#8220;&#8220; row_type=&#8220;row&#8220; use_row_as_full_screen_section=&#8220;no&#8220; type=&#8220;grid&#8220; angled_section=&#8220;no&#8220; text_align=&#8220;center&#8220; background_image_as_pattern=&#8220;without_pattern&#8220; z_index=&#8220;&#8220;][vc_column width=&#8220;1\/4&#8243;]<div class='image_hover ' style='' data-transition-delay=''><div class='images_holder'><a itemprop='url' href='http:\/\/www.giaspa.it\/de\/sardellenpaste\/' target='_self'><img itemprop='image' class='active_image ' src='https:\/\/www.giaspa.it\/wp-content\/uploads\/2023\/09\/Acciughe_DE.jpg' alt='' style='' \/><img itemprop='image' class='hover_image' src='https:\/\/www.giaspa.it\/wp-content\/uploads\/2023\/07\/acciuga-materia.jpeg' alt='' style='' \/><\/a><\/div><\/div>[vc_column_text]<\/p>\n<h2><a href=\"http:\/\/www.giaspa.it\/de\/sardellenpaste\/\">Sardellenpaste<\/a><\/h2>\n<p>[\/vc_column_text][vc_empty_space][vc_empty_space][\/vc_column][vc_column width=&#8220;1\/4&#8243;]<div class='image_hover ' style='' data-transition-delay=''><div class='images_holder'><a itemprop='url' href='http:\/\/www.giaspa.it\/de\/schalottenpaste\/' target='_self'><img itemprop='image' class='active_image ' src='https:\/\/www.giaspa.it\/wp-content\/uploads\/2023\/09\/Scalogno_DE.jpg' alt='' style='' \/><img itemprop='image' class='hover_image' src='https:\/\/www.giaspa.it\/wp-content\/uploads\/2023\/07\/scalogno-materia.jpeg' alt='' style='' \/><\/a><\/div><\/div>[vc_column_text]<\/p>\n<h2><a href=\"http:\/\/www.giaspa.it\/de\/schalottenpaste\/\">Schalottenpaste<\/a><\/h2>\n<p>[\/vc_column_text][vc_empty_space][vc_empty_space][\/vc_column][vc_column width=&#8220;1\/4&#8243;]<div class='image_hover ' style='' data-transition-delay=''><div class='images_holder'><a itemprop='url' href='http:\/\/www.giaspa.it\/de\/roestgemuesemischung\/' target='_self'><img itemprop='image' class='active_image ' src='https:\/\/www.giaspa.it\/wp-content\/uploads\/2023\/09\/Soffritto_DE.jpg' alt='' style='' \/><img itemprop='image' class='hover_image' src='https:\/\/www.giaspa.it\/wp-content\/uploads\/2023\/07\/soffritto-materia.jpeg' alt='' style='' \/><\/a><\/div><\/div>[vc_column_text]<\/p>\n<h2><a href=\"http:\/\/www.giaspa.it\/de\/roestgemuesemischung\/\">Gem\u00fcsebasis f\u00fcr Saucen<\/a><\/h2>\n<p>[\/vc_column_text][vc_empty_space][vc_empty_space][\/vc_column][vc_column width=&#8220;1\/4&#8243;]<div class='image_hover ' style='' data-transition-delay=''><div class='images_holder'><a itemprop='url' href='http:\/\/www.giaspa.it\/de\/gruenes-pesto-tube\/' target='_self'><img itemprop='image' class='active_image ' src='https:\/\/www.giaspa.it\/wp-content\/uploads\/2023\/09\/Pesto_DE.jpg' alt='' style='' \/><img itemprop='image' class='hover_image' src='https:\/\/www.giaspa.it\/wp-content\/uploads\/2023\/08\/roll-overpesto.jpg' alt='' style='' \/><\/a><\/div><\/div>[vc_column_text]<\/p>\n<h2><a href=\"http:\/\/www.giaspa.it\/de\/gruenes-pesto-tube\/\">Gr\u00fcnes Pesto <\/a><\/h2>\n<p>[\/vc_column_text][vc_empty_space][\/vc_column][\/vc_row][vc_row css_animation=&#8220;&#8220; row_type=&#8220;row&#8220; use_row_as_full_screen_section=&#8220;no&#8220; type=&#8220;grid&#8220; angled_section=&#8220;no&#8220; text_align=&#8220;center&#8220; background_image_as_pattern=&#8220;without_pattern&#8220; z_index=&#8220;&#8220;][vc_column width=&#8220;1\/4&#8243;]<div class='image_hover ' style='' data-transition-delay=''><div class='images_holder'><a itemprop='url' href='http:\/\/www.giaspa.it\/de\/tomaten-und-knoblauch\/' target='_self'><img itemprop='image' class='active_image ' src='https:\/\/www.giaspa.it\/wp-content\/uploads\/2023\/09\/Tomato-Garlic_DE.jpg' alt='' style='' \/><img itemprop='image' class='hover_image' src='https:\/\/www.giaspa.it\/wp-content\/uploads\/2023\/08\/roll-overtomatogarlic.jpg' alt='' style='' \/><\/a><\/div><\/div>[vc_column_text]<\/p>\n<h2><a href=\"http:\/\/www.giaspa.it\/de\/tomaten-und-knoblauch\/\">Tomaten und Knoblauch<\/a><\/h2>\n<p>[\/vc_column_text][vc_empty_space][vc_empty_space][\/vc_column][vc_column width=&#8220;1\/4&#8243;]<div class='image_hover ' style='' data-transition-delay=''><div class='images_holder'><a itemprop='url' href='https:\/\/www.giaspa.it\/de\/produkte\/ingwerpaste\/' target='_self'><img itemprop='image' class='active_image ' src='https:\/\/www.giaspa.it\/wp-content\/uploads\/2024\/03\/Zenzero_EN-home.jpg' alt='' style='' \/><img itemprop='image' class='hover_image' src='https:\/\/www.giaspa.it\/wp-content\/uploads\/2024\/03\/Zenzero_materia-prima-sito-web-1.jpg' alt='' style='' \/><\/a><\/div><\/div>[vc_column_text]<\/p>\n<h2><a href=\"https:\/\/www.giaspa.it\/de\/produkte\/ingwerpaste\/\">Ingwerpaste<\/a><\/h2>\n<p>[\/vc_column_text][vc_empty_space][vc_empty_space][\/vc_column][vc_column width=&#8220;1\/4&#8243;]<div class='image_hover ' style='' data-transition-delay=''><div class='images_holder'><a itemprop='url' href='http:\/\/www.giaspa.it\/de\/gruenes-pesto-jar\/' target='_self'><img itemprop='image' class='active_image ' src='https:\/\/www.giaspa.it\/wp-content\/uploads\/2023\/08\/pesto_jars.jpg' alt='' style='' \/><img itemprop='image' class='hover_image' src='https:\/\/www.giaspa.it\/wp-content\/uploads\/2023\/08\/roll-overpesto.jpg' alt='' style='' \/><\/a><\/div><\/div>[vc_column_text]<\/p>\n<h2><a href=\"http:\/\/www.giaspa.it\/de\/gruenes-pesto-jar\/\">Gr\u00fcnes Pesto (jar)<\/a><\/h2>\n<p>[\/vc_column_text][vc_empty_space][vc_empty_space][\/vc_column][vc_column width=&#8220;1\/4&#8243;]<div class='image_hover ' style='' data-transition-delay=''><div class='images_holder'><a itemprop='url' href='http:\/\/www.giaspa.it\/de\/sonnengetrocknete-tomaten-jar\/' target='_self'><img itemprop='image' class='active_image ' src='https:\/\/www.giaspa.it\/wp-content\/uploads\/2023\/09\/sun_dried.jpg' alt='' style='' \/><img itemprop='image' class='hover_image' src='https:\/\/www.giaspa.it\/wp-content\/uploads\/2022\/07\/POMODORO.jpg' alt='' style='' \/><\/a><\/div><\/div>[vc_column_text]<\/p>\n<h2><a href=\"http:\/\/www.giaspa.it\/de\/sonnengetrocknete-tomaten-jar\/\">Sonnengetrocknete Tomaten (Jar)<\/a><\/h2>\n<p>[\/vc_column_text][vc_empty_space][vc_empty_space][\/vc_column][\/vc_row][vc_row css_animation=&#8220;&#8220; row_type=&#8220;row&#8220; use_row_as_full_screen_section=&#8220;no&#8220; type=&#8220;grid&#8220; angled_section=&#8220;no&#8220; text_align=&#8220;left&#8220; background_image_as_pattern=&#8220;without_pattern&#8220; css=&#8220;.vc_custom_1657694878745{background-color: #a2c617 !important;}&#8220; z_index=&#8220;&#8220;][vc_column][vc_empty_space][vc_column_text]<\/p>\n<h5 style=\"text-align: center;\"><span style=\"color: #ffffff;\">In der K\u00fcche bieten GIA-Produkte unendliche M\u00f6glichkeiten: Sie k\u00f6nnen roh oder gekocht verwendet werden, als Dressing, Sauce oder Grundzutat, und lassen viel Raum f\u00fcr Kreativit\u00e4t und Fantasie. Leidenschaft und Liebe zum Detail machen den Unterschied: Von der Auswahl der Rohstoffe \u00fcber den Produktionsprozess bis zur Verteilung sind GIA-Produkte unverkennbar und weltweit gesch\u00e4tzt.<br \/>\n<\/span><\/h5>\n<p>[\/vc_column_text][vc_empty_space][\/vc_column][\/vc_row]<\/p>\n","protected":false},"excerpt":{"rendered":"<p>[vc_row css_animation=&#8220;&#8220; row_type=&#8220;row&#8220; use_row_as_full_screen_section=&#8220;no&#8220; type=&#8220;grid&#8220; angled_section=&#8220;no&#8220; text_align=&#8220;left&#8220; background_image_as_pattern=&#8220;without_pattern&#8220; css=&#8220;.vc_custom_1657694878745{background-color: #a2c617 !important;}&#8220; z_index=&#8220;&#8220;][vc_column][vc_empty_space][vc_column_text] GIA-Produkte repr\u00e4sentieren kulinarische Exzellenz, hergestellt aus sorgf\u00e4ltig ausgew\u00e4hlten Zutaten und mit Sorgfalt verarbeitet. Ihre hohe Qualit\u00e4t und Bequemlichkeit machen sie zu unverzichtbaren Werkzeugen in der K\u00fcche, ohne Kompromisse bei Geschmack und Raffinesse einzugehen&#8230;.<\/p>\n","protected":false},"author":1,"featured_media":0,"parent":0,"menu_order":0,"comment_status":"closed","ping_status":"closed","template":"full_width.php","meta":{"footnotes":""},"class_list":["post-13196","page","type-page","status-publish","hentry"],"yoast_head":"<!-- This site is optimized with the Yoast SEO plugin v22.6 - https:\/\/yoast.com\/wordpress\/plugins\/seo\/ -->\n<title>Produkte - GIA - DIE FRISCHE UND DAS AROMA DER PRODUKTE DER NATUR IN TUBEN<\/title>\n<meta name=\"description\" content=\"In der K\u00fcche bieten GIA-Produkte unendliche M\u00f6glichkeiten: Sie k\u00f6nnen roh oder gekocht verwendet werden, als Dressing, Sauce oder Grundzutat\" \/>\n<meta name=\"robots\" content=\"index, follow, max-snippet:-1, max-image-preview:large, max-video-preview:-1\" \/>\n<link rel=\"canonical\" href=\"https:\/\/www.giaspa.it\/de\/produkte\/\" \/>\n<meta property=\"og:locale\" content=\"de_DE\" \/>\n<meta property=\"og:type\" content=\"article\" \/>\n<meta property=\"og:title\" content=\"Produkte - GIA - DIE FRISCHE UND DAS AROMA DER PRODUKTE DER NATUR IN TUBEN\" \/>\n<meta property=\"og:description\" content=\"In der K\u00fcche bieten GIA-Produkte unendliche M\u00f6glichkeiten: Sie k\u00f6nnen roh oder gekocht verwendet werden, als Dressing, Sauce oder Grundzutat\" \/>\n<meta property=\"og:url\" content=\"https:\/\/www.giaspa.it\/de\/produkte\/\" \/>\n<meta property=\"og:site_name\" content=\"GIA - DIE FRISCHE UND DAS AROMA DER PRODUKTE DER NATUR IN TUBEN\" \/>\n<meta property=\"article:modified_time\" content=\"2024-05-02T17:47:05+00:00\" \/>\n<meta property=\"og:image\" content=\"https:\/\/www.giaspa.it\/wp-content\/uploads\/2023\/07\/aglio_home.jpg\" \/>\n\t<meta property=\"og:image:width\" content=\"2000\" \/>\n\t<meta property=\"og:image:height\" content=\"1000\" \/>\n\t<meta property=\"og:image:type\" content=\"image\/jpeg\" \/>\n<meta name=\"twitter:card\" content=\"summary_large_image\" \/>\n<meta name=\"twitter:label1\" content=\"Gesch\u00e4tzte Lesezeit\" \/>\n\t<meta name=\"twitter:data1\" content=\"2\u00a0Minuten\" \/>\n<script type=\"application\/ld+json\" class=\"yoast-schema-graph\">{\"@context\":\"https:\/\/schema.org\",\"@graph\":[{\"@type\":\"WebPage\",\"@id\":\"https:\/\/www.giaspa.it\/de\/produkte\/\",\"url\":\"https:\/\/www.giaspa.it\/de\/produkte\/\",\"name\":\"Produkte - GIA - DIE FRISCHE UND DAS AROMA DER PRODUKTE DER NATUR IN TUBEN\",\"isPartOf\":{\"@id\":\"https:\/\/www.giaspa.it\/de\/#website\"},\"datePublished\":\"2022-07-09T07:50:18+00:00\",\"dateModified\":\"2024-05-02T17:47:05+00:00\",\"description\":\"In der K\u00fcche bieten GIA-Produkte unendliche M\u00f6glichkeiten: Sie k\u00f6nnen roh oder gekocht verwendet werden, als Dressing, Sauce oder Grundzutat\",\"breadcrumb\":{\"@id\":\"https:\/\/www.giaspa.it\/de\/produkte\/#breadcrumb\"},\"inLanguage\":\"de\",\"potentialAction\":[{\"@type\":\"ReadAction\",\"target\":[\"https:\/\/www.giaspa.it\/de\/produkte\/\"]}]},{\"@type\":\"BreadcrumbList\",\"@id\":\"https:\/\/www.giaspa.it\/de\/produkte\/#breadcrumb\",\"itemListElement\":[{\"@type\":\"ListItem\",\"position\":1,\"name\":\"Home\",\"item\":\"https:\/\/www.giaspa.it\/de\/\"},{\"@type\":\"ListItem\",\"position\":2,\"name\":\"Produkte\"}]},{\"@type\":\"WebSite\",\"@id\":\"https:\/\/www.giaspa.it\/de\/#website\",\"url\":\"https:\/\/www.giaspa.it\/de\/\",\"name\":\"GIA - Condimenti pronti nel tubetto\",\"description\":\"www.giaspa.it\",\"publisher\":{\"@id\":\"https:\/\/www.giaspa.it\/de\/#organization\"},\"potentialAction\":[{\"@type\":\"SearchAction\",\"target\":{\"@type\":\"EntryPoint\",\"urlTemplate\":\"https:\/\/www.giaspa.it\/de\/?s={search_term_string}\"},\"query-input\":\"required name=search_term_string\"}],\"inLanguage\":\"de\"},{\"@type\":\"Organization\",\"@id\":\"https:\/\/www.giaspa.it\/de\/#organization\",\"name\":\"GIA - Condimenti pronti nel tubetto\",\"url\":\"https:\/\/www.giaspa.it\/de\/\",\"logo\":{\"@type\":\"ImageObject\",\"inLanguage\":\"de\",\"@id\":\"https:\/\/www.giaspa.it\/de\/#\/schema\/logo\/image\/\",\"url\":\"https:\/\/www.giaspa.it\/wp-content\/uploads\/2022\/07\/logo.png\",\"contentUrl\":\"https:\/\/www.giaspa.it\/wp-content\/uploads\/2022\/07\/logo.png\",\"width\":140,\"height\":131,\"caption\":\"GIA - Condimenti pronti nel tubetto\"},\"image\":{\"@id\":\"https:\/\/www.giaspa.it\/de\/#\/schema\/logo\/image\/\"},\"sameAs\":[\"https:\/\/www.instagram.com\/gia_condimenti\/\",\"https:\/\/www.youtube.com\/channel\/UC-p3_SkGoJGQQchmrNGo9sw\",\"http:\/\/linkedin.com\/company\/gia-lanaturaintubetto\"]}]}<\/script>\n<!-- \/ Yoast SEO plugin. -->","yoast_head_json":{"title":"Produkte - GIA - DIE FRISCHE UND DAS AROMA DER PRODUKTE DER NATUR IN TUBEN","description":"In der K\u00fcche bieten GIA-Produkte unendliche M\u00f6glichkeiten: Sie k\u00f6nnen roh oder gekocht verwendet werden, als Dressing, Sauce oder Grundzutat","robots":{"index":"index","follow":"follow","max-snippet":"max-snippet:-1","max-image-preview":"max-image-preview:large","max-video-preview":"max-video-preview:-1"},"canonical":"https:\/\/www.giaspa.it\/de\/produkte\/","og_locale":"de_DE","og_type":"article","og_title":"Produkte - GIA - DIE FRISCHE UND DAS AROMA DER PRODUKTE DER NATUR IN TUBEN","og_description":"In der K\u00fcche bieten GIA-Produkte unendliche M\u00f6glichkeiten: Sie k\u00f6nnen roh oder gekocht verwendet werden, als Dressing, Sauce oder Grundzutat","og_url":"https:\/\/www.giaspa.it\/de\/produkte\/","og_site_name":"GIA - DIE FRISCHE UND DAS AROMA DER PRODUKTE DER NATUR IN TUBEN","article_modified_time":"2024-05-02T17:47:05+00:00","og_image":[{"width":2000,"height":1000,"url":"https:\/\/www.giaspa.it\/wp-content\/uploads\/2023\/07\/aglio_home.jpg","type":"image\/jpeg"}],"twitter_card":"summary_large_image","twitter_misc":{"Gesch\u00e4tzte Lesezeit":"2\u00a0Minuten"},"schema":{"@context":"https:\/\/schema.org","@graph":[{"@type":"WebPage","@id":"https:\/\/www.giaspa.it\/de\/produkte\/","url":"https:\/\/www.giaspa.it\/de\/produkte\/","name":"Produkte - GIA - DIE FRISCHE UND DAS AROMA DER PRODUKTE DER NATUR IN TUBEN","isPartOf":{"@id":"https:\/\/www.giaspa.it\/de\/#website"},"datePublished":"2022-07-09T07:50:18+00:00","dateModified":"2024-05-02T17:47:05+00:00","description":"In der K\u00fcche bieten GIA-Produkte unendliche M\u00f6glichkeiten: Sie k\u00f6nnen roh oder gekocht verwendet werden, als Dressing, Sauce oder Grundzutat","breadcrumb":{"@id":"https:\/\/www.giaspa.it\/de\/produkte\/#breadcrumb"},"inLanguage":"de","potentialAction":[{"@type":"ReadAction","target":["https:\/\/www.giaspa.it\/de\/produkte\/"]}]},{"@type":"BreadcrumbList","@id":"https:\/\/www.giaspa.it\/de\/produkte\/#breadcrumb","itemListElement":[{"@type":"ListItem","position":1,"name":"Home","item":"https:\/\/www.giaspa.it\/de\/"},{"@type":"ListItem","position":2,"name":"Produkte"}]},{"@type":"WebSite","@id":"https:\/\/www.giaspa.it\/de\/#website","url":"https:\/\/www.giaspa.it\/de\/","name":"GIA - Condimenti pronti nel tubetto","description":"www.giaspa.it","publisher":{"@id":"https:\/\/www.giaspa.it\/de\/#organization"},"potentialAction":[{"@type":"SearchAction","target":{"@type":"EntryPoint","urlTemplate":"https:\/\/www.giaspa.it\/de\/?s={search_term_string}"},"query-input":"required name=search_term_string"}],"inLanguage":"de"},{"@type":"Organization","@id":"https:\/\/www.giaspa.it\/de\/#organization","name":"GIA - Condimenti pronti nel tubetto","url":"https:\/\/www.giaspa.it\/de\/","logo":{"@type":"ImageObject","inLanguage":"de","@id":"https:\/\/www.giaspa.it\/de\/#\/schema\/logo\/image\/","url":"https:\/\/www.giaspa.it\/wp-content\/uploads\/2022\/07\/logo.png","contentUrl":"https:\/\/www.giaspa.it\/wp-content\/uploads\/2022\/07\/logo.png","width":140,"height":131,"caption":"GIA - Condimenti pronti nel tubetto"},"image":{"@id":"https:\/\/www.giaspa.it\/de\/#\/schema\/logo\/image\/"},"sameAs":["https:\/\/www.instagram.com\/gia_condimenti\/","https:\/\/www.youtube.com\/channel\/UC-p3_SkGoJGQQchmrNGo9sw","http:\/\/linkedin.com\/company\/gia-lanaturaintubetto"]}]}},"_links":{"self":[{"href":"https:\/\/www.giaspa.it\/de\/wp-json\/wp\/v2\/pages\/13196","targetHints":{"allow":["GET"]}}],"collection":[{"href":"https:\/\/www.giaspa.it\/de\/wp-json\/wp\/v2\/pages"}],"about":[{"href":"https:\/\/www.giaspa.it\/de\/wp-json\/wp\/v2\/types\/page"}],"author":[{"embeddable":true,"href":"https:\/\/www.giaspa.it\/de\/wp-json\/wp\/v2\/users\/1"}],"replies":[{"embeddable":true,"href":"https:\/\/www.giaspa.it\/de\/wp-json\/wp\/v2\/comments?post=13196"}],"version-history":[{"count":0,"href":"https:\/\/www.giaspa.it\/de\/wp-json\/wp\/v2\/pages\/13196\/revisions"}],"wp:attachment":[{"href":"https:\/\/www.giaspa.it\/de\/wp-json\/wp\/v2\/media?parent=13196"}],"curies":[{"name":"wp","href":"https:\/\/api.w.org\/{rel}","templated":true}]}}