{"id":13186,"date":"2023-08-10T05:46:53","date_gmt":"2023-08-10T05:46:53","guid":{"rendered":"http:\/\/www.giaspa.it\/green-pesto-tube\/"},"modified":"2025-05-16T09:32:37","modified_gmt":"2025-05-16T09:32:37","slug":"gruenes-pesto-tube","status":"publish","type":"page","link":"https:\/\/www.giaspa.it\/de\/produkte\/gruenes-pesto-tube\/","title":{"rendered":"Gr\u00fcnes Pesto"},"content":{"rendered":"<p>[vc_row css_animation=&#8220;&#8220; row_type=&#8220;row&#8220; use_row_as_full_screen_section=&#8220;no&#8220; type=&#8220;grid&#8220; angled_section=&#8220;no&#8220; text_align=&#8220;left&#8220; background_image_as_pattern=&#8220;without_pattern&#8220; css=&#8220;.vc_custom_1657694878745{background-color: #a2c617 !important;}&#8220; z_index=&#8220;&#8220;][vc_column][vc_empty_space][vc_column_text]<\/p>\n<h5 style=\"text-align: center;\"><span style=\"color: #ffffff;\">Mischen Sie es mit Oliven\u00f6l, um es als Dressing f\u00fcr Salat oder Pasta zu verwenden, oder verwenden Sie es als Zutat in einer Vielzahl von Gerichten, bei denen der ausgepr\u00e4gte Geschmack von Pesto das Rezept angemessen verfeinern wird. Ein wenig reicht weit<\/span><\/h5>\n<p>[\/vc_column_text][vc_empty_space][\/vc_column][\/vc_row][vc_row css_animation=&#8220;&#8220; row_type=&#8220;row&#8220; use_row_as_full_screen_section=&#8220;no&#8220; type=&#8220;grid&#8220; angled_section=&#8220;no&#8220; text_align=&#8220;left&#8220; background_image_as_pattern=&#8220;without_pattern&#8220; z_index=&#8220;&#8220;][vc_column width=&#8220;1\/2&#8243;][vc_empty_space][vc_column_text]<img loading=\"lazy\" decoding=\"async\" class=\"aligncenter wp-image-13684 size-full\" src=\"http:\/\/www.giaspa.it\/wp-content\/uploads\/2023\/10\/Pesto_DE400.jpg\" alt=\"Gr\u00fcnes Pesto\" width=\"800\" height=\"400\" srcset=\"https:\/\/www.giaspa.it\/wp-content\/uploads\/2023\/10\/Pesto_DE400.jpg 800w, https:\/\/www.giaspa.it\/wp-content\/uploads\/2023\/10\/Pesto_DE400-300x150.jpg 300w, https:\/\/www.giaspa.it\/wp-content\/uploads\/2023\/10\/Pesto_DE400-768x384.jpg 768w, https:\/\/www.giaspa.it\/wp-content\/uploads\/2023\/10\/Pesto_DE400-700x350.jpg 700w\" sizes=\"auto, (max-width: 800px) 100vw, 800px\" \/>[\/vc_column_text][vc_empty_space][\/vc_column][vc_column width=&#8220;1\/2&#8243;][vc_empty_space][vc_column_text]<\/p>\n<h2>ZUTATEN<\/h2>\n<p>[\/vc_column_text][vc_column_text]Sunflower oil, basil, cashew nutes, whey, rice flour, salt, cheese (milk, salt, rennet, natural flavours), garlic, wine vinegar, fructose, natural flavours, acidity correctors: lactic acid E270, citric acid E330.<br \/>\nGluten Frei<br \/>\n[\/vc_column_text][vc_empty_space][vc_column_text]<\/p>\n<h2>MINDESTHALTBARKEIT UND LAGERUNG<\/h2>\n<p>[\/vc_column_text][vc_column_text]Temperature of storage: ambient.<br \/>\nShelf life: 24 months unopened.<br \/>\nRefrigerate opened jars and consume in 4 weeks.[\/vc_column_text][vc_empty_space][\/vc_column][\/vc_row][vc_row css_animation=&#8220;&#8220; row_type=&#8220;row&#8220; use_row_as_full_screen_section=&#8220;no&#8220; type=&#8220;grid&#8220; angled_section=&#8220;no&#8220; text_align=&#8220;left&#8220; background_image_as_pattern=&#8220;without_pattern&#8220; z_index=&#8220;&#8220;][vc_column][vc_empty_space][vc_video link=&#8220;https:\/\/youtu.be\/rk5-usMoaR0&#8243;][vc_empty_space][\/vc_column][\/vc_row][vc_row css_animation=&#8220;&#8220; row_type=&#8220;row&#8220; use_row_as_full_screen_section=&#8220;no&#8220; type=&#8220;grid&#8220; angled_section=&#8220;no&#8220; text_align=&#8220;left&#8220; background_image_as_pattern=&#8220;without_pattern&#8220; z_index=&#8220;&#8220;][vc_column width=&#8220;1\/3&#8243;][vc_empty_space][vc_single_image image=&#8220;13049&#8243; img_size=&#8220;full&#8220; qode_css_animation=&#8220;&#8220;][vc_empty_space][\/vc_column][vc_column width=&#8220;1\/3&#8243;][vc_empty_space][vc_column_text]<\/p>\n<h2><span style=\"color: #a2c617;\">Ingredients:<\/span><\/h2>\n<p>[\/vc_column_text][vc_separator type=&#8220;normal&#8220;][vc_column_text]<\/p>\n<h2>one potato<br \/>\n400 g linguine<br \/>\none jar or tube \u201cGreen Pesto\u201d<br \/>\nBasil and pine nuts to garnish<\/h2>\n<p>[\/vc_column_text][\/vc_column][vc_column width=&#8220;1\/3&#8243;][vc_empty_space][vc_column_text]<\/p>\n<h2><span style=\"color: #a2c617;\">Preparation<\/span><\/h2>\n<p>[\/vc_column_text][vc_separator type=&#8220;normal&#8220;][vc_column_text]Peel and dice one potato, and boil it in salted water. Cook linguine in the same water. Use a little of the water to thin \u201cGia Green Pesto\u201d to the right consistency to dress the pasta.<br \/>\nDrain linguine, then dress with pesto and diced potato, mix and serve.<br \/>\nGarnish with one basil leave and a few pine-nuts.[\/vc_column_text][\/vc_column][\/vc_row]<\/p>\n","protected":false},"excerpt":{"rendered":"<p>[vc_row css_animation=&#8220;&#8220; row_type=&#8220;row&#8220; use_row_as_full_screen_section=&#8220;no&#8220; type=&#8220;grid&#8220; angled_section=&#8220;no&#8220; text_align=&#8220;left&#8220; background_image_as_pattern=&#8220;without_pattern&#8220; css=&#8220;.vc_custom_1657694878745{background-color: #a2c617 !important;}&#8220; z_index=&#8220;&#8220;][vc_column][vc_empty_space][vc_column_text] Mischen Sie es mit Oliven\u00f6l, um es als Dressing f\u00fcr Salat oder Pasta zu verwenden, oder verwenden Sie es als Zutat in einer Vielzahl von Gerichten, bei denen der ausgepr\u00e4gte Geschmack von Pesto&#8230;<\/p>\n","protected":false},"author":1,"featured_media":0,"parent":13196,"menu_order":0,"comment_status":"closed","ping_status":"closed","template":"full_width.php","meta":{"footnotes":""},"class_list":["post-13186","page","type-page","status-publish","hentry"],"yoast_head":"<!-- This site is optimized with the Yoast SEO plugin v22.6 - https:\/\/yoast.com\/wordpress\/plugins\/seo\/ -->\n<title>Gr\u00fcnes Pesto - GIA - DIE FRISCHE UND DAS AROMA DER PRODUKTE DER NATUR IN TUBEN<\/title>\n<meta name=\"description\" content=\"Mischen Sie dieses Gr\u00fcnes Pesto, um es als Dressing f\u00fcr Salat oder Pasta zu verwenden, oder verwenden Sie es als Zutat in Gerichten\" \/>\n<meta name=\"robots\" content=\"index, follow, max-snippet:-1, max-image-preview:large, max-video-preview:-1\" \/>\n<link rel=\"canonical\" href=\"https:\/\/www.giaspa.it\/de\/produkte\/gruenes-pesto-tube\/\" \/>\n<meta property=\"og:locale\" content=\"de_DE\" \/>\n<meta property=\"og:type\" content=\"article\" \/>\n<meta property=\"og:title\" content=\"Gr\u00fcnes Pesto - GIA - DIE FRISCHE UND DAS AROMA DER PRODUKTE DER NATUR IN TUBEN\" \/>\n<meta property=\"og:description\" content=\"Mischen Sie dieses Gr\u00fcnes Pesto, um es als Dressing f\u00fcr Salat oder Pasta zu verwenden, oder verwenden Sie es als Zutat in Gerichten\" \/>\n<meta property=\"og:url\" content=\"https:\/\/www.giaspa.it\/de\/produkte\/gruenes-pesto-tube\/\" \/>\n<meta property=\"og:site_name\" content=\"GIA - DIE FRISCHE UND DAS AROMA DER PRODUKTE DER NATUR IN TUBEN\" \/>\n<meta property=\"article:modified_time\" content=\"2025-05-16T09:32:37+00:00\" \/>\n<meta property=\"og:image\" content=\"http:\/\/www.giaspa.it\/wp-content\/uploads\/2023\/10\/Pesto_DE400.jpg\" \/>\n<meta name=\"twitter:card\" content=\"summary_large_image\" \/>\n<meta name=\"twitter:label1\" content=\"Gesch\u00e4tzte Lesezeit\" \/>\n\t<meta name=\"twitter:data1\" content=\"2\u00a0Minuten\" \/>\n<script type=\"application\/ld+json\" class=\"yoast-schema-graph\">{\"@context\":\"https:\/\/schema.org\",\"@graph\":[{\"@type\":\"WebPage\",\"@id\":\"https:\/\/www.giaspa.it\/de\/produkte\/gruenes-pesto-tube\/\",\"url\":\"https:\/\/www.giaspa.it\/de\/produkte\/gruenes-pesto-tube\/\",\"name\":\"Gr\u00fcnes Pesto - GIA - DIE FRISCHE UND DAS AROMA DER PRODUKTE DER NATUR IN TUBEN\",\"isPartOf\":{\"@id\":\"https:\/\/www.giaspa.it\/de\/#website\"},\"primaryImageOfPage\":{\"@id\":\"https:\/\/www.giaspa.it\/de\/produkte\/gruenes-pesto-tube\/#primaryimage\"},\"image\":{\"@id\":\"https:\/\/www.giaspa.it\/de\/produkte\/gruenes-pesto-tube\/#primaryimage\"},\"thumbnailUrl\":\"http:\/\/www.giaspa.it\/wp-content\/uploads\/2023\/10\/Pesto_DE400.jpg\",\"datePublished\":\"2023-08-10T05:46:53+00:00\",\"dateModified\":\"2025-05-16T09:32:37+00:00\",\"description\":\"Mischen Sie dieses Gr\u00fcnes Pesto, um es als Dressing f\u00fcr Salat oder Pasta zu verwenden, oder verwenden Sie es als Zutat in Gerichten\",\"breadcrumb\":{\"@id\":\"https:\/\/www.giaspa.it\/de\/produkte\/gruenes-pesto-tube\/#breadcrumb\"},\"inLanguage\":\"de\",\"potentialAction\":[{\"@type\":\"ReadAction\",\"target\":[\"https:\/\/www.giaspa.it\/de\/produkte\/gruenes-pesto-tube\/\"]}]},{\"@type\":\"ImageObject\",\"inLanguage\":\"de\",\"@id\":\"https:\/\/www.giaspa.it\/de\/produkte\/gruenes-pesto-tube\/#primaryimage\",\"url\":\"http:\/\/www.giaspa.it\/wp-content\/uploads\/2023\/10\/Pesto_DE400.jpg\",\"contentUrl\":\"http:\/\/www.giaspa.it\/wp-content\/uploads\/2023\/10\/Pesto_DE400.jpg\"},{\"@type\":\"BreadcrumbList\",\"@id\":\"https:\/\/www.giaspa.it\/de\/produkte\/gruenes-pesto-tube\/#breadcrumb\",\"itemListElement\":[{\"@type\":\"ListItem\",\"position\":1,\"name\":\"Home\",\"item\":\"https:\/\/www.giaspa.it\/de\/\"},{\"@type\":\"ListItem\",\"position\":2,\"name\":\"Produkte\",\"item\":\"https:\/\/www.giaspa.it\/de\/produkte\/\"},{\"@type\":\"ListItem\",\"position\":3,\"name\":\"Gr\u00fcnes Pesto\"}]},{\"@type\":\"WebSite\",\"@id\":\"https:\/\/www.giaspa.it\/de\/#website\",\"url\":\"https:\/\/www.giaspa.it\/de\/\",\"name\":\"GIA - Condimenti pronti nel tubetto\",\"description\":\"www.giaspa.it\",\"publisher\":{\"@id\":\"https:\/\/www.giaspa.it\/de\/#organization\"},\"potentialAction\":[{\"@type\":\"SearchAction\",\"target\":{\"@type\":\"EntryPoint\",\"urlTemplate\":\"https:\/\/www.giaspa.it\/de\/?s={search_term_string}\"},\"query-input\":\"required name=search_term_string\"}],\"inLanguage\":\"de\"},{\"@type\":\"Organization\",\"@id\":\"https:\/\/www.giaspa.it\/de\/#organization\",\"name\":\"GIA - Condimenti pronti nel tubetto\",\"url\":\"https:\/\/www.giaspa.it\/de\/\",\"logo\":{\"@type\":\"ImageObject\",\"inLanguage\":\"de\",\"@id\":\"https:\/\/www.giaspa.it\/de\/#\/schema\/logo\/image\/\",\"url\":\"https:\/\/www.giaspa.it\/wp-content\/uploads\/2022\/07\/logo.png\",\"contentUrl\":\"https:\/\/www.giaspa.it\/wp-content\/uploads\/2022\/07\/logo.png\",\"width\":140,\"height\":131,\"caption\":\"GIA - Condimenti pronti nel tubetto\"},\"image\":{\"@id\":\"https:\/\/www.giaspa.it\/de\/#\/schema\/logo\/image\/\"},\"sameAs\":[\"https:\/\/www.instagram.com\/gia_condimenti\/\",\"https:\/\/www.youtube.com\/channel\/UC-p3_SkGoJGQQchmrNGo9sw\",\"http:\/\/linkedin.com\/company\/gia-lanaturaintubetto\"]}]}<\/script>\n<!-- \/ Yoast SEO plugin. -->","yoast_head_json":{"title":"Gr\u00fcnes Pesto - GIA - DIE FRISCHE UND DAS AROMA DER PRODUKTE DER NATUR IN TUBEN","description":"Mischen Sie dieses Gr\u00fcnes Pesto, um es als Dressing f\u00fcr Salat oder Pasta zu verwenden, oder verwenden Sie es als Zutat in Gerichten","robots":{"index":"index","follow":"follow","max-snippet":"max-snippet:-1","max-image-preview":"max-image-preview:large","max-video-preview":"max-video-preview:-1"},"canonical":"https:\/\/www.giaspa.it\/de\/produkte\/gruenes-pesto-tube\/","og_locale":"de_DE","og_type":"article","og_title":"Gr\u00fcnes Pesto - GIA - DIE FRISCHE UND DAS AROMA DER PRODUKTE DER NATUR IN TUBEN","og_description":"Mischen Sie dieses Gr\u00fcnes Pesto, um es als Dressing f\u00fcr Salat oder Pasta zu verwenden, oder verwenden Sie es als Zutat in Gerichten","og_url":"https:\/\/www.giaspa.it\/de\/produkte\/gruenes-pesto-tube\/","og_site_name":"GIA - DIE FRISCHE UND DAS AROMA DER PRODUKTE DER NATUR IN TUBEN","article_modified_time":"2025-05-16T09:32:37+00:00","og_image":[{"url":"http:\/\/www.giaspa.it\/wp-content\/uploads\/2023\/10\/Pesto_DE400.jpg"}],"twitter_card":"summary_large_image","twitter_misc":{"Gesch\u00e4tzte Lesezeit":"2\u00a0Minuten"},"schema":{"@context":"https:\/\/schema.org","@graph":[{"@type":"WebPage","@id":"https:\/\/www.giaspa.it\/de\/produkte\/gruenes-pesto-tube\/","url":"https:\/\/www.giaspa.it\/de\/produkte\/gruenes-pesto-tube\/","name":"Gr\u00fcnes Pesto - GIA - DIE FRISCHE UND DAS AROMA DER PRODUKTE DER NATUR IN TUBEN","isPartOf":{"@id":"https:\/\/www.giaspa.it\/de\/#website"},"primaryImageOfPage":{"@id":"https:\/\/www.giaspa.it\/de\/produkte\/gruenes-pesto-tube\/#primaryimage"},"image":{"@id":"https:\/\/www.giaspa.it\/de\/produkte\/gruenes-pesto-tube\/#primaryimage"},"thumbnailUrl":"http:\/\/www.giaspa.it\/wp-content\/uploads\/2023\/10\/Pesto_DE400.jpg","datePublished":"2023-08-10T05:46:53+00:00","dateModified":"2025-05-16T09:32:37+00:00","description":"Mischen Sie dieses Gr\u00fcnes Pesto, um es als Dressing f\u00fcr Salat oder Pasta zu verwenden, oder verwenden Sie es als Zutat in Gerichten","breadcrumb":{"@id":"https:\/\/www.giaspa.it\/de\/produkte\/gruenes-pesto-tube\/#breadcrumb"},"inLanguage":"de","potentialAction":[{"@type":"ReadAction","target":["https:\/\/www.giaspa.it\/de\/produkte\/gruenes-pesto-tube\/"]}]},{"@type":"ImageObject","inLanguage":"de","@id":"https:\/\/www.giaspa.it\/de\/produkte\/gruenes-pesto-tube\/#primaryimage","url":"http:\/\/www.giaspa.it\/wp-content\/uploads\/2023\/10\/Pesto_DE400.jpg","contentUrl":"http:\/\/www.giaspa.it\/wp-content\/uploads\/2023\/10\/Pesto_DE400.jpg"},{"@type":"BreadcrumbList","@id":"https:\/\/www.giaspa.it\/de\/produkte\/gruenes-pesto-tube\/#breadcrumb","itemListElement":[{"@type":"ListItem","position":1,"name":"Home","item":"https:\/\/www.giaspa.it\/de\/"},{"@type":"ListItem","position":2,"name":"Produkte","item":"https:\/\/www.giaspa.it\/de\/produkte\/"},{"@type":"ListItem","position":3,"name":"Gr\u00fcnes Pesto"}]},{"@type":"WebSite","@id":"https:\/\/www.giaspa.it\/de\/#website","url":"https:\/\/www.giaspa.it\/de\/","name":"GIA - Condimenti pronti nel tubetto","description":"www.giaspa.it","publisher":{"@id":"https:\/\/www.giaspa.it\/de\/#organization"},"potentialAction":[{"@type":"SearchAction","target":{"@type":"EntryPoint","urlTemplate":"https:\/\/www.giaspa.it\/de\/?s={search_term_string}"},"query-input":"required name=search_term_string"}],"inLanguage":"de"},{"@type":"Organization","@id":"https:\/\/www.giaspa.it\/de\/#organization","name":"GIA - Condimenti pronti nel tubetto","url":"https:\/\/www.giaspa.it\/de\/","logo":{"@type":"ImageObject","inLanguage":"de","@id":"https:\/\/www.giaspa.it\/de\/#\/schema\/logo\/image\/","url":"https:\/\/www.giaspa.it\/wp-content\/uploads\/2022\/07\/logo.png","contentUrl":"https:\/\/www.giaspa.it\/wp-content\/uploads\/2022\/07\/logo.png","width":140,"height":131,"caption":"GIA - Condimenti pronti nel tubetto"},"image":{"@id":"https:\/\/www.giaspa.it\/de\/#\/schema\/logo\/image\/"},"sameAs":["https:\/\/www.instagram.com\/gia_condimenti\/","https:\/\/www.youtube.com\/channel\/UC-p3_SkGoJGQQchmrNGo9sw","http:\/\/linkedin.com\/company\/gia-lanaturaintubetto"]}]}},"_links":{"self":[{"href":"https:\/\/www.giaspa.it\/de\/wp-json\/wp\/v2\/pages\/13186","targetHints":{"allow":["GET"]}}],"collection":[{"href":"https:\/\/www.giaspa.it\/de\/wp-json\/wp\/v2\/pages"}],"about":[{"href":"https:\/\/www.giaspa.it\/de\/wp-json\/wp\/v2\/types\/page"}],"author":[{"embeddable":true,"href":"https:\/\/www.giaspa.it\/de\/wp-json\/wp\/v2\/users\/1"}],"replies":[{"embeddable":true,"href":"https:\/\/www.giaspa.it\/de\/wp-json\/wp\/v2\/comments?post=13186"}],"version-history":[{"count":1,"href":"https:\/\/www.giaspa.it\/de\/wp-json\/wp\/v2\/pages\/13186\/revisions"}],"predecessor-version":[{"id":14908,"href":"https:\/\/www.giaspa.it\/de\/wp-json\/wp\/v2\/pages\/13186\/revisions\/14908"}],"up":[{"embeddable":true,"href":"https:\/\/www.giaspa.it\/de\/wp-json\/wp\/v2\/pages\/13196"}],"wp:attachment":[{"href":"https:\/\/www.giaspa.it\/de\/wp-json\/wp\/v2\/media?parent=13186"}],"curies":[{"name":"wp","href":"https:\/\/api.w.org\/{rel}","templated":true}]}}