{"id":13184,"date":"2023-07-04T06:40:25","date_gmt":"2023-07-04T06:40:25","guid":{"rendered":"http:\/\/www.giaspa.it\/soffritto-vegetable-base-mix\/"},"modified":"2024-05-02T17:57:59","modified_gmt":"2024-05-02T17:57:59","slug":"roestgemuesemischung","status":"publish","type":"page","link":"https:\/\/www.giaspa.it\/de\/produkte\/roestgemuesemischung\/","title":{"rendered":"Gem\u00fcsebasis f\u00fcr Saucen"},"content":{"rendered":"<p>[vc_row css_animation=&#8220;&#8220; row_type=&#8220;row&#8220; use_row_as_full_screen_section=&#8220;no&#8220; type=&#8220;grid&#8220; angled_section=&#8220;no&#8220; text_align=&#8220;left&#8220; background_image_as_pattern=&#8220;without_pattern&#8220; css=&#8220;.vc_custom_1657694878745{background-color: #a2c617 !important;}&#8220; z_index=&#8220;&#8220;][vc_column][vc_empty_space][vc_column_text]<\/p>\n<h5 style=\"text-align: center;\"><span style=\"color: #ffffff;\">Nach dem italienischen Rezept ist die R\u00f6stgem\u00fcsemischung (Soffritto) eine Zubereitung aus geputztem, zerkleinertem und gebrauchsfertigem Gem\u00fcse (Sellerie, Karotte, Zwiebel). Anwendung: Die gew\u00fcnschte Menge einige Minuten in \u00d6l and\u00fcnsten oder das Produkt direkt verwenden. Nach Belieben f\u00fcr alle Arten von Speisen einsetzbar, f\u00fcr Braten, Geschmortes, Salate, So\u00dfen und zum W\u00fcrzen von Gem\u00fcse, Fleisch oder Fisch.<\/span><\/h5>\n<p>[\/vc_column_text][vc_empty_space][\/vc_column][\/vc_row][vc_row css_animation=&#8220;&#8220; row_type=&#8220;row&#8220; use_row_as_full_screen_section=&#8220;no&#8220; type=&#8220;grid&#8220; angled_section=&#8220;no&#8220; text_align=&#8220;left&#8220; background_image_as_pattern=&#8220;without_pattern&#8220; z_index=&#8220;&#8220;][vc_column width=&#8220;1\/2&#8243;][vc_empty_space][vc_column_text]<img loading=\"lazy\" decoding=\"async\" class=\"aligncenter wp-image-13693 size-full\" src=\"http:\/\/www.giaspa.it\/wp-content\/uploads\/2023\/10\/Soffritto_DE400.jpg\" alt=\"Gem\u00fcsebasis f\u00fcr Saucen\" width=\"800\" height=\"400\" srcset=\"https:\/\/www.giaspa.it\/wp-content\/uploads\/2023\/10\/Soffritto_DE400.jpg 800w, https:\/\/www.giaspa.it\/wp-content\/uploads\/2023\/10\/Soffritto_DE400-300x150.jpg 300w, https:\/\/www.giaspa.it\/wp-content\/uploads\/2023\/10\/Soffritto_DE400-768x384.jpg 768w, https:\/\/www.giaspa.it\/wp-content\/uploads\/2023\/10\/Soffritto_DE400-700x350.jpg 700w\" sizes=\"auto, (max-width: 800px) 100vw, 800px\" \/>[\/vc_column_text][vc_empty_space][\/vc_column][vc_column width=&#8220;1\/2&#8243;][vc_empty_space][vc_column_text]<\/p>\n<h2>Zutaten<\/h2>\n<p>[\/vc_column_text][vc_column_text]Gem\u00fcse in ver\u00e4nderlichen Anteilen (Zwiebeln, Sellerie und Karotten) (70 %), Sonnenblumen\u00f6l, getrocknete Zwiebeln, Salz, S\u00e4ureregulator: Zitronens\u00e4ure. Glutenfrei.[\/vc_column_text][vc_empty_space][vc_column_text]<\/p>\n<h2>Mindesthaltbarkeit und Lagerung:<\/h2>\n<p>[\/vc_column_text][vc_column_text]Temperaturanforderung f\u00fcr die Bef\u00f6rderung und Lagerung: Raumtemperatur.<br \/>\nHaltbarkeit: 24 Monate bei geschlossener Verpackung.<br \/>\nAngebrochene Packungen im K\u00fchlschrank aufbewahren und innerhalb von 4 Wochen verbrauchen.[\/vc_column_text][vc_empty_space][\/vc_column][\/vc_row][vc_row css_animation=&#8220;&#8220; row_type=&#8220;row&#8220; use_row_as_full_screen_section=&#8220;no&#8220; type=&#8220;grid&#8220; angled_section=&#8220;no&#8220; text_align=&#8220;left&#8220; background_image_as_pattern=&#8220;without_pattern&#8220; css=&#8220;.vc_custom_1657693393539{background-color: #005f30 !important;}&#8220; z_index=&#8220;&#8220;][vc_column][vc_empty_space][vc_column_text]<\/p>\n<h3 style=\"text-align: center;\"><span style=\"color: #a2c617;\">Unsere Rezepte<\/span><\/h3>\n<p>[\/vc_column_text][vc_empty_space][\/vc_column][\/vc_row][vc_row css_animation=&#8220;&#8220; row_type=&#8220;row&#8220; use_row_as_full_screen_section=&#8220;no&#8220; type=&#8220;grid&#8220; angled_section=&#8220;no&#8220; text_align=&#8220;left&#8220; background_image_as_pattern=&#8220;without_pattern&#8220; z_index=&#8220;&#8220;][vc_column width=&#8220;1\/6&#8243;][\/vc_column][vc_column width=&#8220;2\/3&#8243;][vc_empty_space]<div class='projects_holder_outer v2 portfolio_with_space portfolio_standard'>\n        <div class='projects_holder portfolio_main_holder clearfix v2 standard portfolio_full_image diagonal_fade'>\n        \n        <article class='mix portfolio_category_431 default' style=''>\n    \n    \n    \n    \n            <div class=\"item_holder thin_plus_only\">\n\n                    <div class=\"text_holder\">\n        <div class=\"text_holder_outer\">\n            <div class=\"text_holder_inner\">\n                            <span class=\"thin_plus_only_icon\">+<\/span>\n                        <\/div>\n        <\/div>\n    <\/div>\n\n                                    <a itemprop=\"url\" class=\"portfolio_link_class\" title=\"ITALIAN WHITE BEANS HUMMUS WITH GIA SOFFRITTO VEGETABLE BASE MIX\" href=\"https:\/\/www.giaspa.it\/de\/portfolio_page\/italian-white-beans-hummus-with-gia-soffritto-vegetable-base-mix\/\"><\/a>\n                \n                <div style=\"\" class=\"portfolio_shader\"><\/div>\n                <div class=\"image_holder\">\n                    \n<span class='image'><img loading=\"lazy\" decoding=\"async\" width=\"960\" height=\"540\" src=\"https:\/\/www.giaspa.it\/wp-content\/uploads\/2023\/07\/Soffritto-humms.jpg\" class=\"attachment-full size-full wp-post-image\" alt=\"\" srcset=\"https:\/\/www.giaspa.it\/wp-content\/uploads\/2023\/07\/Soffritto-humms.jpg 960w, https:\/\/www.giaspa.it\/wp-content\/uploads\/2023\/07\/Soffritto-humms-300x169.jpg 300w, https:\/\/www.giaspa.it\/wp-content\/uploads\/2023\/07\/Soffritto-humms-768x432.jpg 768w, https:\/\/www.giaspa.it\/wp-content\/uploads\/2023\/07\/Soffritto-humms-700x394.jpg 700w, https:\/\/www.giaspa.it\/wp-content\/uploads\/2023\/07\/Soffritto-humms-539x303.jpg 539w\" sizes=\"auto, (max-width: 960px) 100vw, 960px\" \/><\/span>                <\/div>\n            <\/div>\n\n                <div class='portfolio_description ' >\n\n        \n    <h2 itemprop=\"name\" class=\"portfolio_title entry_title\"><a itemprop=\"url\" href=\"https:\/\/www.giaspa.it\/de\/portfolio_page\/italian-white-beans-hummus-with-gia-soffritto-vegetable-base-mix\/\"  target=\"_self\"> ITALIAN WHITE BEANS HUMMUS WITH GIA SOFFRITTO VEGETABLE BASE MIX<\/a><\/h2>\n\n\n        \n            <span class=\"project_category\"  >\n    Verdure per soffritto    <\/span>\n\n    <\/div>\n\n        \n<\/article>\n<article class='mix portfolio_category_431 default' style=''>\n    \n    \n    \n    \n            <div class=\"item_holder thin_plus_only\">\n\n                    <div class=\"text_holder\">\n        <div class=\"text_holder_outer\">\n            <div class=\"text_holder_inner\">\n                            <span class=\"thin_plus_only_icon\">+<\/span>\n                        <\/div>\n        <\/div>\n    <\/div>\n\n                                    <a itemprop=\"url\" class=\"portfolio_link_class\" title=\"ORZOTTO WITH GIA SOFFRITTO VEGETABLE BASE MIX, SPECK AND COURGETTES IN CUBES\" href=\"https:\/\/www.giaspa.it\/de\/portfolio_page\/orzotto-with-gia-soffritto-vegetable-base-mix-speck-and-courgettes-in-cubes\/\"><\/a>\n                \n                <div style=\"\" class=\"portfolio_shader\"><\/div>\n                <div class=\"image_holder\">\n                    \n<span class='image'><img loading=\"lazy\" decoding=\"async\" width=\"960\" height=\"540\" src=\"https:\/\/www.giaspa.it\/wp-content\/uploads\/2023\/07\/Soffritto-Orzotto.jpg\" class=\"attachment-full size-full wp-post-image\" alt=\"\" srcset=\"https:\/\/www.giaspa.it\/wp-content\/uploads\/2023\/07\/Soffritto-Orzotto.jpg 960w, https:\/\/www.giaspa.it\/wp-content\/uploads\/2023\/07\/Soffritto-Orzotto-300x169.jpg 300w, https:\/\/www.giaspa.it\/wp-content\/uploads\/2023\/07\/Soffritto-Orzotto-768x432.jpg 768w, https:\/\/www.giaspa.it\/wp-content\/uploads\/2023\/07\/Soffritto-Orzotto-700x394.jpg 700w, https:\/\/www.giaspa.it\/wp-content\/uploads\/2023\/07\/Soffritto-Orzotto-539x303.jpg 539w\" sizes=\"auto, (max-width: 960px) 100vw, 960px\" \/><\/span>                <\/div>\n            <\/div>\n\n                <div class='portfolio_description ' >\n\n        \n    <h2 itemprop=\"name\" class=\"portfolio_title entry_title\"><a itemprop=\"url\" href=\"https:\/\/www.giaspa.it\/de\/portfolio_page\/orzotto-with-gia-soffritto-vegetable-base-mix-speck-and-courgettes-in-cubes\/\"  target=\"_self\"> ORZOTTO WITH GIA SOFFRITTO VEGETABLE BASE MIX, SPECK AND COURGETTES IN CUBES<\/a><\/h2>\n\n\n        \n            <span class=\"project_category\"  >\n    Verdure per soffritto    <\/span>\n\n    <\/div>\n\n        \n<\/article>\n<article class='mix portfolio_category_431 default' style=''>\n    \n    \n    \n    \n            <div class=\"item_holder thin_plus_only\">\n\n                    <div class=\"text_holder\">\n        <div class=\"text_holder_outer\">\n            <div class=\"text_holder_inner\">\n                            <span class=\"thin_plus_only_icon\">+<\/span>\n                        <\/div>\n        <\/div>\n    <\/div>\n\n                                    <a itemprop=\"url\" class=\"portfolio_link_class\" title=\"Crunchy prawns with guacamole and dried cherry tomatoes\" href=\"https:\/\/www.giaspa.it\/de\/portfolio_page\/crunchy-prawns-with-guacamole-and-dried-cherry-tomatoes\/\"><\/a>\n                \n                <div style=\"\" class=\"portfolio_shader\"><\/div>\n                <div class=\"image_holder\">\n                    \n<span class='image'><img loading=\"lazy\" decoding=\"async\" width=\"960\" height=\"540\" src=\"https:\/\/www.giaspa.it\/wp-content\/uploads\/2022\/07\/vegetables.jpg\" class=\"attachment-full size-full wp-post-image\" alt=\"\" srcset=\"https:\/\/www.giaspa.it\/wp-content\/uploads\/2022\/07\/vegetables.jpg 960w, https:\/\/www.giaspa.it\/wp-content\/uploads\/2022\/07\/vegetables-300x169.jpg 300w, https:\/\/www.giaspa.it\/wp-content\/uploads\/2022\/07\/vegetables-768x432.jpg 768w, https:\/\/www.giaspa.it\/wp-content\/uploads\/2022\/07\/vegetables-700x394.jpg 700w, https:\/\/www.giaspa.it\/wp-content\/uploads\/2022\/07\/vegetables-539x303.jpg 539w\" sizes=\"auto, (max-width: 960px) 100vw, 960px\" \/><\/span>                <\/div>\n            <\/div>\n\n                <div class='portfolio_description ' >\n\n        \n    <h2 itemprop=\"name\" class=\"portfolio_title entry_title\"><a itemprop=\"url\" href=\"https:\/\/www.giaspa.it\/de\/portfolio_page\/crunchy-prawns-with-guacamole-and-dried-cherry-tomatoes\/\"  target=\"_self\"> Crunchy prawns with guacamole and dried cherry tomatoes<\/a><\/h2>\n\n\n        \n            <span class=\"project_category\"  >\n    Verdure per soffritto    <\/span>\n\n    <\/div>\n\n        \n<\/article>\n        <div class='filler'><\/div>\n            <div class='filler'><\/div>\n        <\/div>\n\n    \n    <\/div>[\/vc_column][vc_column width=&#8220;1\/6&#8243;][\/vc_column][\/vc_row]<\/p>\n","protected":false},"excerpt":{"rendered":"<p>[vc_row css_animation=&#8220;&#8220; row_type=&#8220;row&#8220; use_row_as_full_screen_section=&#8220;no&#8220; type=&#8220;grid&#8220; angled_section=&#8220;no&#8220; text_align=&#8220;left&#8220; background_image_as_pattern=&#8220;without_pattern&#8220; css=&#8220;.vc_custom_1657694878745{background-color: #a2c617 !important;}&#8220; z_index=&#8220;&#8220;][vc_column][vc_empty_space][vc_column_text] Nach dem italienischen Rezept ist die R\u00f6stgem\u00fcsemischung (Soffritto) eine Zubereitung aus geputztem, zerkleinertem und gebrauchsfertigem Gem\u00fcse (Sellerie, Karotte, Zwiebel). Anwendung: Die gew\u00fcnschte Menge einige Minuten in \u00d6l and\u00fcnsten oder das Produkt direkt verwenden&#8230;.<\/p>\n","protected":false},"author":1,"featured_media":0,"parent":13196,"menu_order":0,"comment_status":"closed","ping_status":"closed","template":"full_width.php","meta":{"footnotes":""},"class_list":["post-13184","page","type-page","status-publish","hentry"],"yoast_head":"<!-- This site is optimized with the Yoast SEO plugin v22.6 - https:\/\/yoast.com\/wordpress\/plugins\/seo\/ -->\n<title>Gem\u00fcsebasis f\u00fcr Saucen - GIA - DIE FRISCHE UND DAS AROMA DER PRODUKTE DER NATUR IN TUBEN<\/title>\n<meta name=\"description\" content=\"Nach dem italienischen Rezept ist die R\u00f6stgem\u00fcsemischung eine Zubereitung aus geputztem, zerkleinertem und gebrauchsfertigem Gem\u00fcse.\" \/>\n<meta name=\"robots\" content=\"index, follow, max-snippet:-1, max-image-preview:large, max-video-preview:-1\" \/>\n<link rel=\"canonical\" href=\"https:\/\/www.giaspa.it\/de\/produkte\/roestgemuesemischung\/\" \/>\n<meta property=\"og:locale\" content=\"de_DE\" \/>\n<meta property=\"og:type\" content=\"article\" \/>\n<meta property=\"og:title\" content=\"Gem\u00fcsebasis f\u00fcr Saucen - GIA - DIE FRISCHE UND DAS AROMA DER PRODUKTE DER NATUR IN TUBEN\" \/>\n<meta property=\"og:description\" content=\"Nach dem italienischen Rezept ist die R\u00f6stgem\u00fcsemischung eine Zubereitung aus geputztem, zerkleinertem und gebrauchsfertigem Gem\u00fcse.\" \/>\n<meta property=\"og:url\" content=\"https:\/\/www.giaspa.it\/de\/produkte\/roestgemuesemischung\/\" \/>\n<meta property=\"og:site_name\" content=\"GIA - DIE FRISCHE UND DAS AROMA DER PRODUKTE DER NATUR IN TUBEN\" \/>\n<meta property=\"article:modified_time\" content=\"2024-05-02T17:57:59+00:00\" \/>\n<meta property=\"og:image\" content=\"http:\/\/www.giaspa.it\/wp-content\/uploads\/2023\/10\/Soffritto_DE400.jpg\" \/>\n<meta name=\"twitter:card\" content=\"summary_large_image\" \/>\n<meta name=\"twitter:label1\" content=\"Gesch\u00e4tzte Lesezeit\" \/>\n\t<meta name=\"twitter:data1\" content=\"2\u00a0Minuten\" \/>\n<script type=\"application\/ld+json\" class=\"yoast-schema-graph\">{\"@context\":\"https:\/\/schema.org\",\"@graph\":[{\"@type\":\"WebPage\",\"@id\":\"https:\/\/www.giaspa.it\/de\/produkte\/roestgemuesemischung\/\",\"url\":\"https:\/\/www.giaspa.it\/de\/produkte\/roestgemuesemischung\/\",\"name\":\"Gem\u00fcsebasis f\u00fcr Saucen - GIA - DIE FRISCHE UND DAS AROMA DER PRODUKTE DER NATUR IN TUBEN\",\"isPartOf\":{\"@id\":\"https:\/\/www.giaspa.it\/de\/#website\"},\"primaryImageOfPage\":{\"@id\":\"https:\/\/www.giaspa.it\/de\/produkte\/roestgemuesemischung\/#primaryimage\"},\"image\":{\"@id\":\"https:\/\/www.giaspa.it\/de\/produkte\/roestgemuesemischung\/#primaryimage\"},\"thumbnailUrl\":\"http:\/\/www.giaspa.it\/wp-content\/uploads\/2023\/10\/Soffritto_DE400.jpg\",\"datePublished\":\"2023-07-04T06:40:25+00:00\",\"dateModified\":\"2024-05-02T17:57:59+00:00\",\"description\":\"Nach dem italienischen Rezept ist die R\u00f6stgem\u00fcsemischung eine Zubereitung aus geputztem, zerkleinertem und gebrauchsfertigem Gem\u00fcse.\",\"breadcrumb\":{\"@id\":\"https:\/\/www.giaspa.it\/de\/produkte\/roestgemuesemischung\/#breadcrumb\"},\"inLanguage\":\"de\",\"potentialAction\":[{\"@type\":\"ReadAction\",\"target\":[\"https:\/\/www.giaspa.it\/de\/produkte\/roestgemuesemischung\/\"]}]},{\"@type\":\"ImageObject\",\"inLanguage\":\"de\",\"@id\":\"https:\/\/www.giaspa.it\/de\/produkte\/roestgemuesemischung\/#primaryimage\",\"url\":\"http:\/\/www.giaspa.it\/wp-content\/uploads\/2023\/10\/Soffritto_DE400.jpg\",\"contentUrl\":\"http:\/\/www.giaspa.it\/wp-content\/uploads\/2023\/10\/Soffritto_DE400.jpg\"},{\"@type\":\"BreadcrumbList\",\"@id\":\"https:\/\/www.giaspa.it\/de\/produkte\/roestgemuesemischung\/#breadcrumb\",\"itemListElement\":[{\"@type\":\"ListItem\",\"position\":1,\"name\":\"Home\",\"item\":\"https:\/\/www.giaspa.it\/de\/\"},{\"@type\":\"ListItem\",\"position\":2,\"name\":\"Produkte\",\"item\":\"https:\/\/www.giaspa.it\/de\/produkte\/\"},{\"@type\":\"ListItem\",\"position\":3,\"name\":\"Gem\u00fcsebasis f\u00fcr Saucen\"}]},{\"@type\":\"WebSite\",\"@id\":\"https:\/\/www.giaspa.it\/de\/#website\",\"url\":\"https:\/\/www.giaspa.it\/de\/\",\"name\":\"GIA - Condimenti pronti nel tubetto\",\"description\":\"www.giaspa.it\",\"publisher\":{\"@id\":\"https:\/\/www.giaspa.it\/de\/#organization\"},\"potentialAction\":[{\"@type\":\"SearchAction\",\"target\":{\"@type\":\"EntryPoint\",\"urlTemplate\":\"https:\/\/www.giaspa.it\/de\/?s={search_term_string}\"},\"query-input\":\"required name=search_term_string\"}],\"inLanguage\":\"de\"},{\"@type\":\"Organization\",\"@id\":\"https:\/\/www.giaspa.it\/de\/#organization\",\"name\":\"GIA - Condimenti pronti nel tubetto\",\"url\":\"https:\/\/www.giaspa.it\/de\/\",\"logo\":{\"@type\":\"ImageObject\",\"inLanguage\":\"de\",\"@id\":\"https:\/\/www.giaspa.it\/de\/#\/schema\/logo\/image\/\",\"url\":\"https:\/\/www.giaspa.it\/wp-content\/uploads\/2022\/07\/logo.png\",\"contentUrl\":\"https:\/\/www.giaspa.it\/wp-content\/uploads\/2022\/07\/logo.png\",\"width\":140,\"height\":131,\"caption\":\"GIA - Condimenti pronti nel tubetto\"},\"image\":{\"@id\":\"https:\/\/www.giaspa.it\/de\/#\/schema\/logo\/image\/\"},\"sameAs\":[\"https:\/\/www.instagram.com\/gia_condimenti\/\",\"https:\/\/www.youtube.com\/channel\/UC-p3_SkGoJGQQchmrNGo9sw\",\"http:\/\/linkedin.com\/company\/gia-lanaturaintubetto\"]}]}<\/script>\n<!-- \/ Yoast SEO plugin. -->","yoast_head_json":{"title":"Gem\u00fcsebasis f\u00fcr Saucen - GIA - DIE FRISCHE UND DAS AROMA DER PRODUKTE DER NATUR IN TUBEN","description":"Nach dem italienischen Rezept ist die R\u00f6stgem\u00fcsemischung eine Zubereitung aus geputztem, zerkleinertem und gebrauchsfertigem Gem\u00fcse.","robots":{"index":"index","follow":"follow","max-snippet":"max-snippet:-1","max-image-preview":"max-image-preview:large","max-video-preview":"max-video-preview:-1"},"canonical":"https:\/\/www.giaspa.it\/de\/produkte\/roestgemuesemischung\/","og_locale":"de_DE","og_type":"article","og_title":"Gem\u00fcsebasis f\u00fcr Saucen - GIA - DIE FRISCHE UND DAS AROMA DER PRODUKTE DER NATUR IN TUBEN","og_description":"Nach dem italienischen Rezept ist die R\u00f6stgem\u00fcsemischung eine Zubereitung aus geputztem, zerkleinertem und gebrauchsfertigem Gem\u00fcse.","og_url":"https:\/\/www.giaspa.it\/de\/produkte\/roestgemuesemischung\/","og_site_name":"GIA - DIE FRISCHE UND DAS AROMA DER PRODUKTE DER NATUR IN TUBEN","article_modified_time":"2024-05-02T17:57:59+00:00","og_image":[{"url":"http:\/\/www.giaspa.it\/wp-content\/uploads\/2023\/10\/Soffritto_DE400.jpg"}],"twitter_card":"summary_large_image","twitter_misc":{"Gesch\u00e4tzte Lesezeit":"2\u00a0Minuten"},"schema":{"@context":"https:\/\/schema.org","@graph":[{"@type":"WebPage","@id":"https:\/\/www.giaspa.it\/de\/produkte\/roestgemuesemischung\/","url":"https:\/\/www.giaspa.it\/de\/produkte\/roestgemuesemischung\/","name":"Gem\u00fcsebasis f\u00fcr Saucen - GIA - DIE FRISCHE UND DAS AROMA DER PRODUKTE DER NATUR IN TUBEN","isPartOf":{"@id":"https:\/\/www.giaspa.it\/de\/#website"},"primaryImageOfPage":{"@id":"https:\/\/www.giaspa.it\/de\/produkte\/roestgemuesemischung\/#primaryimage"},"image":{"@id":"https:\/\/www.giaspa.it\/de\/produkte\/roestgemuesemischung\/#primaryimage"},"thumbnailUrl":"http:\/\/www.giaspa.it\/wp-content\/uploads\/2023\/10\/Soffritto_DE400.jpg","datePublished":"2023-07-04T06:40:25+00:00","dateModified":"2024-05-02T17:57:59+00:00","description":"Nach dem italienischen Rezept ist die R\u00f6stgem\u00fcsemischung eine Zubereitung aus geputztem, zerkleinertem und gebrauchsfertigem Gem\u00fcse.","breadcrumb":{"@id":"https:\/\/www.giaspa.it\/de\/produkte\/roestgemuesemischung\/#breadcrumb"},"inLanguage":"de","potentialAction":[{"@type":"ReadAction","target":["https:\/\/www.giaspa.it\/de\/produkte\/roestgemuesemischung\/"]}]},{"@type":"ImageObject","inLanguage":"de","@id":"https:\/\/www.giaspa.it\/de\/produkte\/roestgemuesemischung\/#primaryimage","url":"http:\/\/www.giaspa.it\/wp-content\/uploads\/2023\/10\/Soffritto_DE400.jpg","contentUrl":"http:\/\/www.giaspa.it\/wp-content\/uploads\/2023\/10\/Soffritto_DE400.jpg"},{"@type":"BreadcrumbList","@id":"https:\/\/www.giaspa.it\/de\/produkte\/roestgemuesemischung\/#breadcrumb","itemListElement":[{"@type":"ListItem","position":1,"name":"Home","item":"https:\/\/www.giaspa.it\/de\/"},{"@type":"ListItem","position":2,"name":"Produkte","item":"https:\/\/www.giaspa.it\/de\/produkte\/"},{"@type":"ListItem","position":3,"name":"Gem\u00fcsebasis f\u00fcr Saucen"}]},{"@type":"WebSite","@id":"https:\/\/www.giaspa.it\/de\/#website","url":"https:\/\/www.giaspa.it\/de\/","name":"GIA - Condimenti pronti nel tubetto","description":"www.giaspa.it","publisher":{"@id":"https:\/\/www.giaspa.it\/de\/#organization"},"potentialAction":[{"@type":"SearchAction","target":{"@type":"EntryPoint","urlTemplate":"https:\/\/www.giaspa.it\/de\/?s={search_term_string}"},"query-input":"required name=search_term_string"}],"inLanguage":"de"},{"@type":"Organization","@id":"https:\/\/www.giaspa.it\/de\/#organization","name":"GIA - Condimenti pronti nel tubetto","url":"https:\/\/www.giaspa.it\/de\/","logo":{"@type":"ImageObject","inLanguage":"de","@id":"https:\/\/www.giaspa.it\/de\/#\/schema\/logo\/image\/","url":"https:\/\/www.giaspa.it\/wp-content\/uploads\/2022\/07\/logo.png","contentUrl":"https:\/\/www.giaspa.it\/wp-content\/uploads\/2022\/07\/logo.png","width":140,"height":131,"caption":"GIA - Condimenti pronti nel tubetto"},"image":{"@id":"https:\/\/www.giaspa.it\/de\/#\/schema\/logo\/image\/"},"sameAs":["https:\/\/www.instagram.com\/gia_condimenti\/","https:\/\/www.youtube.com\/channel\/UC-p3_SkGoJGQQchmrNGo9sw","http:\/\/linkedin.com\/company\/gia-lanaturaintubetto"]}]}},"_links":{"self":[{"href":"https:\/\/www.giaspa.it\/de\/wp-json\/wp\/v2\/pages\/13184","targetHints":{"allow":["GET"]}}],"collection":[{"href":"https:\/\/www.giaspa.it\/de\/wp-json\/wp\/v2\/pages"}],"about":[{"href":"https:\/\/www.giaspa.it\/de\/wp-json\/wp\/v2\/types\/page"}],"author":[{"embeddable":true,"href":"https:\/\/www.giaspa.it\/de\/wp-json\/wp\/v2\/users\/1"}],"replies":[{"embeddable":true,"href":"https:\/\/www.giaspa.it\/de\/wp-json\/wp\/v2\/comments?post=13184"}],"version-history":[{"count":0,"href":"https:\/\/www.giaspa.it\/de\/wp-json\/wp\/v2\/pages\/13184\/revisions"}],"up":[{"embeddable":true,"href":"https:\/\/www.giaspa.it\/de\/wp-json\/wp\/v2\/pages\/13196"}],"wp:attachment":[{"href":"https:\/\/www.giaspa.it\/de\/wp-json\/wp\/v2\/media?parent=13184"}],"curies":[{"name":"wp","href":"https:\/\/api.w.org\/{rel}","templated":true}]}}