{"id":13177,"date":"2023-07-04T06:38:56","date_gmt":"2023-07-04T06:38:56","guid":{"rendered":"http:\/\/www.giaspa.it\/sun-dried-tomato\/"},"modified":"2024-05-02T17:52:29","modified_gmt":"2024-05-02T17:52:29","slug":"paste-aus-getrockneten-tomaten","status":"publish","type":"page","link":"https:\/\/www.giaspa.it\/de\/produkte\/paste-aus-getrockneten-tomaten\/","title":{"rendered":"Paste aus getrockneten Tomaten"},"content":{"rendered":"<p>[vc_row css_animation=&#8220;&#8220; row_type=&#8220;row&#8220; use_row_as_full_screen_section=&#8220;no&#8220; type=&#8220;grid&#8220; angled_section=&#8220;no&#8220; text_align=&#8220;left&#8220; background_image_as_pattern=&#8220;without_pattern&#8220; css=&#8220;.vc_custom_1657694878745{background-color: #a2c617 !important;}&#8220; z_index=&#8220;&#8220;][vc_column][vc_empty_space][vc_column_text]<\/p>\n<h5 style=\"text-align: center;\"><span style=\"color: #ffffff;\">In Sonnenblumen\u00f6l mit Kr\u00e4utern und Gew\u00fcrzen. Die Paste aus getrockneten Tomaten von GIA beruht auf einem exklusiven Rezept aus getrockneten Tomaten, \u00d6l, Kr\u00e4utern und Gew\u00fcrzen. Mit klassischem und kr\u00e4ftigem Geschmack eignet sich die Paste aus getrockneten Tomaten von GIA ideal als Vorspeise auf Brot, ger\u00f6steten Brotscheiben und als Schnittchen. Zum W\u00fcrzen jeder Art Saucen und Salate. Passt auch ideal zu Fleisch, Fisch und Ei.<\/span><\/h5>\n<p>[\/vc_column_text][vc_empty_space][\/vc_column][\/vc_row][vc_row css_animation=&#8220;&#8220; row_type=&#8220;row&#8220; use_row_as_full_screen_section=&#8220;no&#8220; type=&#8220;grid&#8220; angled_section=&#8220;no&#8220; text_align=&#8220;left&#8220; background_image_as_pattern=&#8220;without_pattern&#8220; z_index=&#8220;&#8220;][vc_column width=&#8220;1\/2&#8243;][vc_empty_space][vc_column_text]<img loading=\"lazy\" decoding=\"async\" class=\"aligncenter wp-image-13687 size-full\" src=\"http:\/\/www.giaspa.it\/wp-content\/uploads\/2023\/10\/Pomodori-Secchi_DE400.jpg\" alt=\"Paste aus getrockneten Tomaten\" width=\"800\" height=\"400\" srcset=\"https:\/\/www.giaspa.it\/wp-content\/uploads\/2023\/10\/Pomodori-Secchi_DE400.jpg 800w, https:\/\/www.giaspa.it\/wp-content\/uploads\/2023\/10\/Pomodori-Secchi_DE400-300x150.jpg 300w, https:\/\/www.giaspa.it\/wp-content\/uploads\/2023\/10\/Pomodori-Secchi_DE400-768x384.jpg 768w, https:\/\/www.giaspa.it\/wp-content\/uploads\/2023\/10\/Pomodori-Secchi_DE400-700x350.jpg 700w\" sizes=\"auto, (max-width: 800px) 100vw, 800px\" \/>[\/vc_column_text][vc_empty_space][\/vc_column][vc_column width=&#8220;1\/2&#8243;][vc_empty_space][vc_column_text]<\/p>\n<h2>Zutaten<\/h2>\n<p>[\/vc_column_text][vc_column_text]Getrocknete rehydrierte Tomaten (65 %), Sonnenblumenkern\u00f6l (15,5 %), Wasser, Weinessig, Salz, natives Oliven\u00f6l extra, Kapern, Knoblauch, Oregano, Chilischote. Glutenfrei. Hergestellt in einem Werk, in dem Schalenfr\u00fcchte und K\u00e4se verarbeitet werden.<\/p>\n<p>[\/vc_column_text][vc_empty_space][vc_column_text]<\/p>\n<h2>Mindesthaltbarkeit und Lagerung:<\/h2>\n<p>[\/vc_column_text][vc_column_text]Temperaturanforderung f\u00fcr die Bef\u00f6rderung und Lagerung: Raumtemperatur.<br \/>\nHaltbarkeit: 24 Monate bei geschlossener Verpackung.<br \/>\nAngebrochene Packungen im K\u00fchlschrank aufbewahren und innerhalb von 4 Wochen verbrauchen.[\/vc_column_text][vc_empty_space][\/vc_column][\/vc_row][vc_row css_animation=&#8220;&#8220; row_type=&#8220;row&#8220; use_row_as_full_screen_section=&#8220;no&#8220; type=&#8220;grid&#8220; angled_section=&#8220;no&#8220; text_align=&#8220;left&#8220; background_image_as_pattern=&#8220;without_pattern&#8220; css=&#8220;.vc_custom_1657693393539{background-color: #005f30 !important;}&#8220; z_index=&#8220;&#8220;][vc_column][vc_empty_space][vc_column_text]<\/p>\n<h3 style=\"text-align: center;\"><span style=\"color: #a2c617;\">Unsere Rezepte<\/span><\/h3>\n<p>[\/vc_column_text][vc_empty_space][\/vc_column][\/vc_row][vc_row css_animation=&#8220;&#8220; row_type=&#8220;row&#8220; use_row_as_full_screen_section=&#8220;no&#8220; type=&#8220;grid&#8220; angled_section=&#8220;no&#8220; text_align=&#8220;left&#8220; background_image_as_pattern=&#8220;without_pattern&#8220; z_index=&#8220;&#8220;][vc_column][vc_empty_space]<div class='projects_holder_outer v3 portfolio_with_space portfolio_standard'>\n        <div class='projects_holder portfolio_main_holder clearfix v3 standard portfolio_full_image diagonal_fade'>\n        \n        <article class='mix portfolio_category_429 default' style=''>\n    \n    \n    \n    \n            <div class=\"item_holder thin_plus_only\">\n\n                    <div class=\"text_holder\">\n        <div class=\"text_holder_outer\">\n            <div class=\"text_holder_inner\">\n                            <span class=\"thin_plus_only_icon\">+<\/span>\n                        <\/div>\n        <\/div>\n    <\/div>\n\n                                    <a itemprop=\"url\" class=\"portfolio_link_class\" title=\"Green and red salad with feta cheese, dried tomatoes and black olives\" href=\"https:\/\/www.giaspa.it\/de\/portfolio_page\/green-and-red-salad-with-feta-cheese-dried-tomatoes-and-black-olives\/\"><\/a>\n                \n                <div style=\"\" class=\"portfolio_shader\"><\/div>\n                <div class=\"image_holder\">\n                    \n<span class='image'><img loading=\"lazy\" decoding=\"async\" width=\"1024\" height=\"576\" src=\"https:\/\/www.giaspa.it\/wp-content\/uploads\/2023\/08\/sundried-2.jpg\" class=\"attachment-full size-full wp-post-image\" alt=\"\" srcset=\"https:\/\/www.giaspa.it\/wp-content\/uploads\/2023\/08\/sundried-2.jpg 1024w, https:\/\/www.giaspa.it\/wp-content\/uploads\/2023\/08\/sundried-2-300x169.jpg 300w, https:\/\/www.giaspa.it\/wp-content\/uploads\/2023\/08\/sundried-2-768x432.jpg 768w, https:\/\/www.giaspa.it\/wp-content\/uploads\/2023\/08\/sundried-2-700x394.jpg 700w, https:\/\/www.giaspa.it\/wp-content\/uploads\/2023\/08\/sundried-2-539x303.jpg 539w\" sizes=\"auto, (max-width: 1024px) 100vw, 1024px\" \/><\/span>                <\/div>\n            <\/div>\n\n                <div class='portfolio_description ' >\n\n        \n    <h2 itemprop=\"name\" class=\"portfolio_title entry_title\"><a itemprop=\"url\" href=\"https:\/\/www.giaspa.it\/de\/portfolio_page\/green-and-red-salad-with-feta-cheese-dried-tomatoes-and-black-olives\/\"  target=\"_self\"> Green and red salad with feta cheese, dried tomatoes and black olives<\/a><\/h2>\n\n\n        \n            <span class=\"project_category\"  >\n    Pasta di Pomodori secchi    <\/span>\n\n    <\/div>\n\n        \n<\/article>\n<article class='mix portfolio_category_429 default' style=''>\n    \n    \n    \n    \n            <div class=\"item_holder thin_plus_only\">\n\n                    <div class=\"text_holder\">\n        <div class=\"text_holder_outer\">\n            <div class=\"text_holder_inner\">\n                            <span class=\"thin_plus_only_icon\">+<\/span>\n                        <\/div>\n        <\/div>\n    <\/div>\n\n                                    <a itemprop=\"url\" class=\"portfolio_link_class\" title=\"Pizza with sun dried tomato and buffalo milk mozzarella\" href=\"https:\/\/www.giaspa.it\/de\/portfolio_page\/pizza-with-sun-dried-tomato-and-buffalo-milk-mozzarella\/\"><\/a>\n                \n                <div style=\"\" class=\"portfolio_shader\"><\/div>\n                <div class=\"image_holder\">\n                    \n<span class='image'><img loading=\"lazy\" decoding=\"async\" width=\"960\" height=\"540\" src=\"https:\/\/www.giaspa.it\/wp-content\/uploads\/2022\/07\/sundried_pasta.jpg\" class=\"attachment-full size-full wp-post-image\" alt=\"\" srcset=\"https:\/\/www.giaspa.it\/wp-content\/uploads\/2022\/07\/sundried_pasta.jpg 960w, https:\/\/www.giaspa.it\/wp-content\/uploads\/2022\/07\/sundried_pasta-300x169.jpg 300w, https:\/\/www.giaspa.it\/wp-content\/uploads\/2022\/07\/sundried_pasta-768x432.jpg 768w, https:\/\/www.giaspa.it\/wp-content\/uploads\/2022\/07\/sundried_pasta-700x394.jpg 700w, https:\/\/www.giaspa.it\/wp-content\/uploads\/2022\/07\/sundried_pasta-539x303.jpg 539w\" sizes=\"auto, (max-width: 960px) 100vw, 960px\" \/><\/span>                <\/div>\n            <\/div>\n\n                <div class='portfolio_description ' >\n\n        \n    <h2 itemprop=\"name\" class=\"portfolio_title entry_title\"><a itemprop=\"url\" href=\"https:\/\/www.giaspa.it\/de\/portfolio_page\/pizza-with-sun-dried-tomato-and-buffalo-milk-mozzarella\/\"  target=\"_self\"> Pizza with sun dried tomato and buffalo milk mozzarella<\/a><\/h2>\n\n\n        \n            <span class=\"project_category\"  >\n    Pasta di Pomodori secchi    <\/span>\n\n    <\/div>\n\n        \n<\/article>\n<article class='mix portfolio_category_429 default' style=''>\n    \n    \n    \n    \n            <div class=\"item_holder thin_plus_only\">\n\n                    <div class=\"text_holder\">\n        <div class=\"text_holder_outer\">\n            <div class=\"text_holder_inner\">\n                            <span class=\"thin_plus_only_icon\">+<\/span>\n                        <\/div>\n        <\/div>\n    <\/div>\n\n                                    <a itemprop=\"url\" class=\"portfolio_link_class\" title=\"GIA fried mozzarella cheese sandwich\" href=\"https:\/\/www.giaspa.it\/de\/portfolio_page\/gia-fried-mozzarella-cheese-sandwich\/\"><\/a>\n                \n                <div style=\"\" class=\"portfolio_shader\"><\/div>\n                <div class=\"image_holder\">\n                    \n<span class='image'><img loading=\"lazy\" decoding=\"async\" width=\"960\" height=\"540\" src=\"https:\/\/www.giaspa.it\/wp-content\/uploads\/2024\/04\/MOZZARELLA-FEAT.jpg\" class=\"attachment-full size-full wp-post-image\" alt=\"\" srcset=\"https:\/\/www.giaspa.it\/wp-content\/uploads\/2024\/04\/MOZZARELLA-FEAT.jpg 960w, https:\/\/www.giaspa.it\/wp-content\/uploads\/2024\/04\/MOZZARELLA-FEAT-300x169.jpg 300w, https:\/\/www.giaspa.it\/wp-content\/uploads\/2024\/04\/MOZZARELLA-FEAT-768x432.jpg 768w, https:\/\/www.giaspa.it\/wp-content\/uploads\/2024\/04\/MOZZARELLA-FEAT-700x394.jpg 700w, https:\/\/www.giaspa.it\/wp-content\/uploads\/2024\/04\/MOZZARELLA-FEAT-539x303.jpg 539w\" sizes=\"auto, (max-width: 960px) 100vw, 960px\" \/><\/span>                <\/div>\n            <\/div>\n\n                <div class='portfolio_description ' >\n\n        \n    <h2 itemprop=\"name\" class=\"portfolio_title entry_title\"><a itemprop=\"url\" href=\"https:\/\/www.giaspa.it\/de\/portfolio_page\/gia-fried-mozzarella-cheese-sandwich\/\"  target=\"_self\"> GIA fried mozzarella cheese sandwich<\/a><\/h2>\n\n\n        \n            <span class=\"project_category\"  >\n    Pasta di Pomodori secchi    <\/span>\n\n    <\/div>\n\n        \n<\/article>\n        <div class='filler'><\/div>\n            <div class='filler'><\/div>\n            <div class='filler'><\/div>\n        <\/div>\n\n    \n    <\/div>[vc_empty_space][\/vc_column][\/vc_row]<\/p>\n","protected":false},"excerpt":{"rendered":"<p>[vc_row css_animation=&#8220;&#8220; row_type=&#8220;row&#8220; use_row_as_full_screen_section=&#8220;no&#8220; type=&#8220;grid&#8220; angled_section=&#8220;no&#8220; text_align=&#8220;left&#8220; background_image_as_pattern=&#8220;without_pattern&#8220; css=&#8220;.vc_custom_1657694878745{background-color: #a2c617 !important;}&#8220; z_index=&#8220;&#8220;][vc_column][vc_empty_space][vc_column_text] In Sonnenblumen\u00f6l mit Kr\u00e4utern und Gew\u00fcrzen. Die Paste aus getrockneten Tomaten von GIA beruht auf einem exklusiven Rezept aus getrockneten Tomaten, \u00d6l, Kr\u00e4utern und Gew\u00fcrzen. Mit klassischem und kr\u00e4ftigem Geschmack eignet sich die&#8230;<\/p>\n","protected":false},"author":1,"featured_media":0,"parent":13196,"menu_order":0,"comment_status":"closed","ping_status":"closed","template":"full_width.php","meta":{"footnotes":""},"class_list":["post-13177","page","type-page","status-publish","hentry"],"yoast_head":"<!-- This site is optimized with the Yoast SEO plugin v22.6 - https:\/\/yoast.com\/wordpress\/plugins\/seo\/ -->\n<title>Paste aus getrockneten Tomaten - GIA - DIE FRISCHE UND DAS AROMA DER PRODUKTE DER NATUR IN TUBEN<\/title>\n<meta name=\"description\" content=\"Die Paste aus getrockneten Tomaten von GIA beruht auf einem exklusiven Rezept aus getrockneten Tomaten, \u00d6l, Kr\u00e4utern und Gew\u00fcrzen.\" \/>\n<meta name=\"robots\" content=\"index, follow, max-snippet:-1, max-image-preview:large, max-video-preview:-1\" \/>\n<link rel=\"canonical\" href=\"https:\/\/www.giaspa.it\/de\/produkte\/paste-aus-getrockneten-tomaten\/\" \/>\n<meta property=\"og:locale\" content=\"de_DE\" \/>\n<meta property=\"og:type\" content=\"article\" \/>\n<meta property=\"og:title\" content=\"Paste aus getrockneten Tomaten - GIA - DIE FRISCHE UND DAS AROMA DER PRODUKTE DER NATUR IN TUBEN\" \/>\n<meta property=\"og:description\" content=\"Die Paste aus getrockneten Tomaten von GIA beruht auf einem exklusiven Rezept aus getrockneten Tomaten, \u00d6l, Kr\u00e4utern und Gew\u00fcrzen.\" \/>\n<meta property=\"og:url\" content=\"https:\/\/www.giaspa.it\/de\/produkte\/paste-aus-getrockneten-tomaten\/\" \/>\n<meta property=\"og:site_name\" content=\"GIA - DIE FRISCHE UND DAS AROMA DER PRODUKTE DER NATUR IN TUBEN\" \/>\n<meta property=\"article:modified_time\" content=\"2024-05-02T17:52:29+00:00\" \/>\n<meta property=\"og:image\" content=\"http:\/\/www.giaspa.it\/wp-content\/uploads\/2023\/10\/Pomodori-Secchi_DE400.jpg\" \/>\n<meta name=\"twitter:card\" content=\"summary_large_image\" \/>\n<meta name=\"twitter:label1\" content=\"Gesch\u00e4tzte Lesezeit\" \/>\n\t<meta name=\"twitter:data1\" content=\"2\u00a0Minuten\" \/>\n<script type=\"application\/ld+json\" class=\"yoast-schema-graph\">{\"@context\":\"https:\/\/schema.org\",\"@graph\":[{\"@type\":\"WebPage\",\"@id\":\"https:\/\/www.giaspa.it\/de\/produkte\/paste-aus-getrockneten-tomaten\/\",\"url\":\"https:\/\/www.giaspa.it\/de\/produkte\/paste-aus-getrockneten-tomaten\/\",\"name\":\"Paste aus getrockneten Tomaten - GIA - DIE FRISCHE UND DAS AROMA DER PRODUKTE DER NATUR IN TUBEN\",\"isPartOf\":{\"@id\":\"https:\/\/www.giaspa.it\/de\/#website\"},\"primaryImageOfPage\":{\"@id\":\"https:\/\/www.giaspa.it\/de\/produkte\/paste-aus-getrockneten-tomaten\/#primaryimage\"},\"image\":{\"@id\":\"https:\/\/www.giaspa.it\/de\/produkte\/paste-aus-getrockneten-tomaten\/#primaryimage\"},\"thumbnailUrl\":\"http:\/\/www.giaspa.it\/wp-content\/uploads\/2023\/10\/Pomodori-Secchi_DE400.jpg\",\"datePublished\":\"2023-07-04T06:38:56+00:00\",\"dateModified\":\"2024-05-02T17:52:29+00:00\",\"description\":\"Die Paste aus getrockneten Tomaten von GIA beruht auf einem exklusiven Rezept aus getrockneten Tomaten, \u00d6l, Kr\u00e4utern und Gew\u00fcrzen.\",\"breadcrumb\":{\"@id\":\"https:\/\/www.giaspa.it\/de\/produkte\/paste-aus-getrockneten-tomaten\/#breadcrumb\"},\"inLanguage\":\"de\",\"potentialAction\":[{\"@type\":\"ReadAction\",\"target\":[\"https:\/\/www.giaspa.it\/de\/produkte\/paste-aus-getrockneten-tomaten\/\"]}]},{\"@type\":\"ImageObject\",\"inLanguage\":\"de\",\"@id\":\"https:\/\/www.giaspa.it\/de\/produkte\/paste-aus-getrockneten-tomaten\/#primaryimage\",\"url\":\"http:\/\/www.giaspa.it\/wp-content\/uploads\/2023\/10\/Pomodori-Secchi_DE400.jpg\",\"contentUrl\":\"http:\/\/www.giaspa.it\/wp-content\/uploads\/2023\/10\/Pomodori-Secchi_DE400.jpg\"},{\"@type\":\"BreadcrumbList\",\"@id\":\"https:\/\/www.giaspa.it\/de\/produkte\/paste-aus-getrockneten-tomaten\/#breadcrumb\",\"itemListElement\":[{\"@type\":\"ListItem\",\"position\":1,\"name\":\"Home\",\"item\":\"https:\/\/www.giaspa.it\/de\/\"},{\"@type\":\"ListItem\",\"position\":2,\"name\":\"Produkte\",\"item\":\"https:\/\/www.giaspa.it\/de\/produkte\/\"},{\"@type\":\"ListItem\",\"position\":3,\"name\":\"Paste aus getrockneten Tomaten\"}]},{\"@type\":\"WebSite\",\"@id\":\"https:\/\/www.giaspa.it\/de\/#website\",\"url\":\"https:\/\/www.giaspa.it\/de\/\",\"name\":\"GIA - Condimenti pronti nel tubetto\",\"description\":\"www.giaspa.it\",\"publisher\":{\"@id\":\"https:\/\/www.giaspa.it\/de\/#organization\"},\"potentialAction\":[{\"@type\":\"SearchAction\",\"target\":{\"@type\":\"EntryPoint\",\"urlTemplate\":\"https:\/\/www.giaspa.it\/de\/?s={search_term_string}\"},\"query-input\":\"required name=search_term_string\"}],\"inLanguage\":\"de\"},{\"@type\":\"Organization\",\"@id\":\"https:\/\/www.giaspa.it\/de\/#organization\",\"name\":\"GIA - Condimenti pronti nel tubetto\",\"url\":\"https:\/\/www.giaspa.it\/de\/\",\"logo\":{\"@type\":\"ImageObject\",\"inLanguage\":\"de\",\"@id\":\"https:\/\/www.giaspa.it\/de\/#\/schema\/logo\/image\/\",\"url\":\"https:\/\/www.giaspa.it\/wp-content\/uploads\/2022\/07\/logo.png\",\"contentUrl\":\"https:\/\/www.giaspa.it\/wp-content\/uploads\/2022\/07\/logo.png\",\"width\":140,\"height\":131,\"caption\":\"GIA - Condimenti pronti nel tubetto\"},\"image\":{\"@id\":\"https:\/\/www.giaspa.it\/de\/#\/schema\/logo\/image\/\"},\"sameAs\":[\"https:\/\/www.instagram.com\/gia_condimenti\/\",\"https:\/\/www.youtube.com\/channel\/UC-p3_SkGoJGQQchmrNGo9sw\",\"http:\/\/linkedin.com\/company\/gia-lanaturaintubetto\"]}]}<\/script>\n<!-- \/ Yoast SEO plugin. -->","yoast_head_json":{"title":"Paste aus getrockneten Tomaten - GIA - DIE FRISCHE UND DAS AROMA DER PRODUKTE DER NATUR IN TUBEN","description":"Die Paste aus getrockneten Tomaten von GIA beruht auf einem exklusiven Rezept aus getrockneten Tomaten, \u00d6l, Kr\u00e4utern und Gew\u00fcrzen.","robots":{"index":"index","follow":"follow","max-snippet":"max-snippet:-1","max-image-preview":"max-image-preview:large","max-video-preview":"max-video-preview:-1"},"canonical":"https:\/\/www.giaspa.it\/de\/produkte\/paste-aus-getrockneten-tomaten\/","og_locale":"de_DE","og_type":"article","og_title":"Paste aus getrockneten Tomaten - GIA - DIE FRISCHE UND DAS AROMA DER PRODUKTE DER NATUR IN TUBEN","og_description":"Die Paste aus getrockneten Tomaten von GIA beruht auf einem exklusiven Rezept aus getrockneten Tomaten, \u00d6l, Kr\u00e4utern und Gew\u00fcrzen.","og_url":"https:\/\/www.giaspa.it\/de\/produkte\/paste-aus-getrockneten-tomaten\/","og_site_name":"GIA - DIE FRISCHE UND DAS AROMA DER PRODUKTE DER NATUR IN TUBEN","article_modified_time":"2024-05-02T17:52:29+00:00","og_image":[{"url":"http:\/\/www.giaspa.it\/wp-content\/uploads\/2023\/10\/Pomodori-Secchi_DE400.jpg"}],"twitter_card":"summary_large_image","twitter_misc":{"Gesch\u00e4tzte Lesezeit":"2\u00a0Minuten"},"schema":{"@context":"https:\/\/schema.org","@graph":[{"@type":"WebPage","@id":"https:\/\/www.giaspa.it\/de\/produkte\/paste-aus-getrockneten-tomaten\/","url":"https:\/\/www.giaspa.it\/de\/produkte\/paste-aus-getrockneten-tomaten\/","name":"Paste aus getrockneten Tomaten - GIA - DIE FRISCHE UND DAS AROMA DER PRODUKTE DER NATUR IN TUBEN","isPartOf":{"@id":"https:\/\/www.giaspa.it\/de\/#website"},"primaryImageOfPage":{"@id":"https:\/\/www.giaspa.it\/de\/produkte\/paste-aus-getrockneten-tomaten\/#primaryimage"},"image":{"@id":"https:\/\/www.giaspa.it\/de\/produkte\/paste-aus-getrockneten-tomaten\/#primaryimage"},"thumbnailUrl":"http:\/\/www.giaspa.it\/wp-content\/uploads\/2023\/10\/Pomodori-Secchi_DE400.jpg","datePublished":"2023-07-04T06:38:56+00:00","dateModified":"2024-05-02T17:52:29+00:00","description":"Die Paste aus getrockneten Tomaten von GIA beruht auf einem exklusiven Rezept aus getrockneten Tomaten, \u00d6l, Kr\u00e4utern und Gew\u00fcrzen.","breadcrumb":{"@id":"https:\/\/www.giaspa.it\/de\/produkte\/paste-aus-getrockneten-tomaten\/#breadcrumb"},"inLanguage":"de","potentialAction":[{"@type":"ReadAction","target":["https:\/\/www.giaspa.it\/de\/produkte\/paste-aus-getrockneten-tomaten\/"]}]},{"@type":"ImageObject","inLanguage":"de","@id":"https:\/\/www.giaspa.it\/de\/produkte\/paste-aus-getrockneten-tomaten\/#primaryimage","url":"http:\/\/www.giaspa.it\/wp-content\/uploads\/2023\/10\/Pomodori-Secchi_DE400.jpg","contentUrl":"http:\/\/www.giaspa.it\/wp-content\/uploads\/2023\/10\/Pomodori-Secchi_DE400.jpg"},{"@type":"BreadcrumbList","@id":"https:\/\/www.giaspa.it\/de\/produkte\/paste-aus-getrockneten-tomaten\/#breadcrumb","itemListElement":[{"@type":"ListItem","position":1,"name":"Home","item":"https:\/\/www.giaspa.it\/de\/"},{"@type":"ListItem","position":2,"name":"Produkte","item":"https:\/\/www.giaspa.it\/de\/produkte\/"},{"@type":"ListItem","position":3,"name":"Paste aus getrockneten Tomaten"}]},{"@type":"WebSite","@id":"https:\/\/www.giaspa.it\/de\/#website","url":"https:\/\/www.giaspa.it\/de\/","name":"GIA - Condimenti pronti nel tubetto","description":"www.giaspa.it","publisher":{"@id":"https:\/\/www.giaspa.it\/de\/#organization"},"potentialAction":[{"@type":"SearchAction","target":{"@type":"EntryPoint","urlTemplate":"https:\/\/www.giaspa.it\/de\/?s={search_term_string}"},"query-input":"required name=search_term_string"}],"inLanguage":"de"},{"@type":"Organization","@id":"https:\/\/www.giaspa.it\/de\/#organization","name":"GIA - Condimenti pronti nel tubetto","url":"https:\/\/www.giaspa.it\/de\/","logo":{"@type":"ImageObject","inLanguage":"de","@id":"https:\/\/www.giaspa.it\/de\/#\/schema\/logo\/image\/","url":"https:\/\/www.giaspa.it\/wp-content\/uploads\/2022\/07\/logo.png","contentUrl":"https:\/\/www.giaspa.it\/wp-content\/uploads\/2022\/07\/logo.png","width":140,"height":131,"caption":"GIA - Condimenti pronti nel tubetto"},"image":{"@id":"https:\/\/www.giaspa.it\/de\/#\/schema\/logo\/image\/"},"sameAs":["https:\/\/www.instagram.com\/gia_condimenti\/","https:\/\/www.youtube.com\/channel\/UC-p3_SkGoJGQQchmrNGo9sw","http:\/\/linkedin.com\/company\/gia-lanaturaintubetto"]}]}},"_links":{"self":[{"href":"https:\/\/www.giaspa.it\/de\/wp-json\/wp\/v2\/pages\/13177","targetHints":{"allow":["GET"]}}],"collection":[{"href":"https:\/\/www.giaspa.it\/de\/wp-json\/wp\/v2\/pages"}],"about":[{"href":"https:\/\/www.giaspa.it\/de\/wp-json\/wp\/v2\/types\/page"}],"author":[{"embeddable":true,"href":"https:\/\/www.giaspa.it\/de\/wp-json\/wp\/v2\/users\/1"}],"replies":[{"embeddable":true,"href":"https:\/\/www.giaspa.it\/de\/wp-json\/wp\/v2\/comments?post=13177"}],"version-history":[{"count":0,"href":"https:\/\/www.giaspa.it\/de\/wp-json\/wp\/v2\/pages\/13177\/revisions"}],"up":[{"embeddable":true,"href":"https:\/\/www.giaspa.it\/de\/wp-json\/wp\/v2\/pages\/13196"}],"wp:attachment":[{"href":"https:\/\/www.giaspa.it\/de\/wp-json\/wp\/v2\/media?parent=13177"}],"curies":[{"name":"wp","href":"https:\/\/api.w.org\/{rel}","templated":true}]}}