{"id":13172,"date":"2023-07-04T06:37:57","date_gmt":"2023-07-04T06:37:57","guid":{"rendered":"http:\/\/www.giaspa.it\/onion-puree\/"},"modified":"2024-05-02T17:50:00","modified_gmt":"2024-05-02T17:50:00","slug":"zwiebelpaste","status":"publish","type":"page","link":"https:\/\/www.giaspa.it\/de\/produkte\/zwiebelpaste\/","title":{"rendered":"Zwiebelpaste"},"content":{"rendered":"<p>[vc_row css_animation=&#8220;&#8220; row_type=&#8220;row&#8220; use_row_as_full_screen_section=&#8220;no&#8220; type=&#8220;grid&#8220; angled_section=&#8220;no&#8220; text_align=&#8220;left&#8220; background_image_as_pattern=&#8220;without_pattern&#8220; css=&#8220;.vc_custom_1657694878745{background-color: #a2c617 !important;}&#8220; z_index=&#8220;&#8220;][vc_column][vc_empty_space][vc_column_text]<\/p>\n<h5 style=\"text-align: center;\"><span style=\"color: #ffffff;\">Die Zwiebelpaste von GIA besteht aus gebrauchsfertigem Zwiebelkonzentrat. Sie ist ein Ersatz f\u00fcr frische Zwiebeln in all ihren Anwendungsweisen. Einfach anzuwenden, ersetzt sie den umst\u00e4ndlichen Gebrauch von frischen Zwiebeln.<\/span><\/h5>\n<p>[\/vc_column_text][vc_empty_space][\/vc_column][\/vc_row][vc_row css_animation=&#8220;&#8220; row_type=&#8220;row&#8220; use_row_as_full_screen_section=&#8220;no&#8220; type=&#8220;grid&#8220; angled_section=&#8220;no&#8220; text_align=&#8220;left&#8220; background_image_as_pattern=&#8220;without_pattern&#8220; z_index=&#8220;&#8220;][vc_column width=&#8220;1\/2&#8243;][vc_empty_space][vc_column_text]<img loading=\"lazy\" decoding=\"async\" class=\"aligncenter wp-image-13678 size-full\" src=\"http:\/\/www.giaspa.it\/wp-content\/uploads\/2023\/10\/Cipolla_DE400.jpg\" alt=\"Zwiebelpaste\" width=\"800\" height=\"400\" srcset=\"https:\/\/www.giaspa.it\/wp-content\/uploads\/2023\/10\/Cipolla_DE400.jpg 800w, https:\/\/www.giaspa.it\/wp-content\/uploads\/2023\/10\/Cipolla_DE400-300x150.jpg 300w, https:\/\/www.giaspa.it\/wp-content\/uploads\/2023\/10\/Cipolla_DE400-768x384.jpg 768w, https:\/\/www.giaspa.it\/wp-content\/uploads\/2023\/10\/Cipolla_DE400-700x350.jpg 700w\" sizes=\"auto, (max-width: 800px) 100vw, 800px\" \/>[\/vc_column_text][vc_empty_space][\/vc_column][vc_column width=&#8220;1\/2&#8243;][vc_empty_space][vc_column_text]<\/p>\n<h2>Zutaten<\/h2>\n<p>[\/vc_column_text][vc_column_text]Zwiebel (zu 83 % aus Italien\/Frankreich), Sonnenblumen\u00f6l, Salz, S\u00e4ureregulator: Zitronens\u00e4ure.[\/vc_column_text][vc_empty_space][vc_column_text]<\/p>\n<h2>Mindesthaltbarkeit und Lagerung:<\/h2>\n<p>[\/vc_column_text][vc_column_text]Temperaturanforderung f\u00fcr die Bef\u00f6rderung und Lagerung: Raumtemperatur.<br \/>\nHaltbarkeit: 24 Monate bei geschlossener Verpackung.<br \/>\nAngebrochene Packungen im K\u00fchlschrank aufbewahren und innerhalb von 4 Wochen verbrauchen.[\/vc_column_text][vc_empty_space][\/vc_column][\/vc_row][vc_row css_animation=&#8220;&#8220; row_type=&#8220;row&#8220; use_row_as_full_screen_section=&#8220;no&#8220; type=&#8220;grid&#8220; angled_section=&#8220;no&#8220; text_align=&#8220;left&#8220; background_image_as_pattern=&#8220;without_pattern&#8220; css=&#8220;.vc_custom_1657693684682{background-color: #a2c617 !important;}&#8220; z_index=&#8220;&#8220;][vc_column][vc_empty_space][vc_column_text]<\/p>\n<h5 style=\"text-align: center;\"><span style=\"color: #005f30;\"><a style=\"color: #005f30;\" href=\"http:\/\/www.giaspa.it\/de\/rezepte\/\">Unsere Rezepte<\/a><\/span><\/h5>\n<p>[\/vc_column_text][vc_empty_space][\/vc_column][\/vc_row][vc_row css_animation=&#8220;&#8220; row_type=&#8220;row&#8220; use_row_as_full_screen_section=&#8220;no&#8220; type=&#8220;grid&#8220; angled_section=&#8220;no&#8220; text_align=&#8220;left&#8220; background_image_as_pattern=&#8220;without_pattern&#8220; z_index=&#8220;&#8220;][vc_column][vc_empty_space]<div class='projects_holder_outer v3 portfolio_with_space portfolio_standard'>\n        <div class='projects_holder portfolio_main_holder clearfix v3 standard portfolio_full_image diagonal_fade'>\n        \n        <article class='mix portfolio_category_434 default' style=''>\n    \n    \n    \n    \n            <div class=\"item_holder thin_plus_only\">\n\n                    <div class=\"text_holder\">\n        <div class=\"text_holder_outer\">\n            <div class=\"text_holder_inner\">\n                            <span class=\"thin_plus_only_icon\">+<\/span>\n                        <\/div>\n        <\/div>\n    <\/div>\n\n                                    <a itemprop=\"url\" class=\"portfolio_link_class\" title=\"Club sandwich with GIA onion puree, shrimps and lettuce\" href=\"https:\/\/www.giaspa.it\/de\/portfolio_page\/club-sandwich-with-gia-onion-puree-shrimps-and-lettuce\/\"><\/a>\n                \n                <div style=\"\" class=\"portfolio_shader\"><\/div>\n                <div class=\"image_holder\">\n                    \n<span class='image'><img loading=\"lazy\" decoding=\"async\" width=\"960\" height=\"540\" src=\"https:\/\/www.giaspa.it\/wp-content\/uploads\/2022\/07\/onion.jpg\" class=\"attachment-full size-full wp-post-image\" alt=\"\" srcset=\"https:\/\/www.giaspa.it\/wp-content\/uploads\/2022\/07\/onion.jpg 960w, https:\/\/www.giaspa.it\/wp-content\/uploads\/2022\/07\/onion-300x169.jpg 300w, https:\/\/www.giaspa.it\/wp-content\/uploads\/2022\/07\/onion-768x432.jpg 768w, https:\/\/www.giaspa.it\/wp-content\/uploads\/2022\/07\/onion-700x394.jpg 700w, https:\/\/www.giaspa.it\/wp-content\/uploads\/2022\/07\/onion-539x303.jpg 539w\" sizes=\"auto, (max-width: 960px) 100vw, 960px\" \/><\/span>                <\/div>\n            <\/div>\n\n                <div class='portfolio_description ' >\n\n        \n    <h2 itemprop=\"name\" class=\"portfolio_title entry_title\"><a itemprop=\"url\" href=\"https:\/\/www.giaspa.it\/de\/portfolio_page\/club-sandwich-with-gia-onion-puree-shrimps-and-lettuce\/\"  target=\"_self\"> Club sandwich with GIA onion puree, shrimps and lettuce<\/a><\/h2>\n\n\n        \n            <span class=\"project_category\"  >\n    Cipolla    <\/span>\n\n    <\/div>\n\n        \n<\/article>\n<article class='mix portfolio_category_434 portfolio_category_435 default' style=''>\n    \n    \n    \n    \n            <div class=\"item_holder thin_plus_only\">\n\n                    <div class=\"text_holder\">\n        <div class=\"text_holder_outer\">\n            <div class=\"text_holder_inner\">\n                            <span class=\"thin_plus_only_icon\">+<\/span>\n                        <\/div>\n        <\/div>\n    <\/div>\n\n                                    <a itemprop=\"url\" class=\"portfolio_link_class\" title=\"GIA Avocado Toast\" href=\"https:\/\/www.giaspa.it\/de\/portfolio_page\/gia-avocado-toast\/\"><\/a>\n                \n                <div style=\"\" class=\"portfolio_shader\"><\/div>\n                <div class=\"image_holder\">\n                    \n<span class='image'><img loading=\"lazy\" decoding=\"async\" width=\"960\" height=\"540\" src=\"https:\/\/www.giaspa.it\/wp-content\/uploads\/2024\/04\/AVOCADO-TOAST-FEAT.jpg\" class=\"attachment-full size-full wp-post-image\" alt=\"\" srcset=\"https:\/\/www.giaspa.it\/wp-content\/uploads\/2024\/04\/AVOCADO-TOAST-FEAT.jpg 960w, https:\/\/www.giaspa.it\/wp-content\/uploads\/2024\/04\/AVOCADO-TOAST-FEAT-300x169.jpg 300w, https:\/\/www.giaspa.it\/wp-content\/uploads\/2024\/04\/AVOCADO-TOAST-FEAT-768x432.jpg 768w, https:\/\/www.giaspa.it\/wp-content\/uploads\/2024\/04\/AVOCADO-TOAST-FEAT-700x394.jpg 700w, https:\/\/www.giaspa.it\/wp-content\/uploads\/2024\/04\/AVOCADO-TOAST-FEAT-539x303.jpg 539w\" sizes=\"auto, (max-width: 960px) 100vw, 960px\" \/><\/span>                <\/div>\n            <\/div>\n\n                <div class='portfolio_description ' >\n\n        \n    <h2 itemprop=\"name\" class=\"portfolio_title entry_title\"><a itemprop=\"url\" href=\"https:\/\/www.giaspa.it\/de\/portfolio_page\/gia-avocado-toast\/\"  target=\"_self\"> GIA Avocado Toast<\/a><\/h2>\n\n\n        \n            <span class=\"project_category\"  >\n    Cipolla, Peperoncino in pasta    <\/span>\n\n    <\/div>\n\n        \n<\/article>\n<article class='mix portfolio_category_432 portfolio_category_434 portfolio_category_441 portfolio_category_435 default' style=''>\n    \n    \n    \n    \n            <div class=\"item_holder thin_plus_only\">\n\n                    <div class=\"text_holder\">\n        <div class=\"text_holder_outer\">\n            <div class=\"text_holder_inner\">\n                            <span class=\"thin_plus_only_icon\">+<\/span>\n                        <\/div>\n        <\/div>\n    <\/div>\n\n                                    <a itemprop=\"url\" class=\"portfolio_link_class\" title=\"Indian-Style Lentils with GIA Pastes in Tube\" href=\"https:\/\/www.giaspa.it\/de\/portfolio_page\/indian-style-lentils-with-gia-pastes-in-tube\/\"><\/a>\n                \n                <div style=\"\" class=\"portfolio_shader\"><\/div>\n                <div class=\"image_holder\">\n                    \n<span class='image'><img loading=\"lazy\" decoding=\"async\" width=\"960\" height=\"540\" src=\"https:\/\/www.giaspa.it\/wp-content\/uploads\/2024\/04\/LENTICCHIE-FEAT-copia.jpg\" class=\"attachment-full size-full wp-post-image\" alt=\"\" srcset=\"https:\/\/www.giaspa.it\/wp-content\/uploads\/2024\/04\/LENTICCHIE-FEAT-copia.jpg 960w, https:\/\/www.giaspa.it\/wp-content\/uploads\/2024\/04\/LENTICCHIE-FEAT-copia-300x169.jpg 300w, https:\/\/www.giaspa.it\/wp-content\/uploads\/2024\/04\/LENTICCHIE-FEAT-copia-768x432.jpg 768w, https:\/\/www.giaspa.it\/wp-content\/uploads\/2024\/04\/LENTICCHIE-FEAT-copia-700x394.jpg 700w, https:\/\/www.giaspa.it\/wp-content\/uploads\/2024\/04\/LENTICCHIE-FEAT-copia-539x303.jpg 539w\" sizes=\"auto, (max-width: 960px) 100vw, 960px\" \/><\/span>                <\/div>\n            <\/div>\n\n                <div class='portfolio_description ' >\n\n        \n    <h2 itemprop=\"name\" class=\"portfolio_title entry_title\"><a itemprop=\"url\" href=\"https:\/\/www.giaspa.it\/de\/portfolio_page\/indian-style-lentils-with-gia-pastes-in-tube\/\"  target=\"_self\"> Indian-Style Lentils with GIA Pastes in Tube<\/a><\/h2>\n\n\n        \n            <span class=\"project_category\"  >\n    aglio, Cipolla, Ginger, Peperoncino in pasta    <\/span>\n\n    <\/div>\n\n        \n<\/article>\n        <div class='filler'><\/div>\n            <div class='filler'><\/div>\n            <div class='filler'><\/div>\n        <\/div>\n\n    \n    <\/div>[vc_empty_space][\/vc_column][\/vc_row]<\/p>\n","protected":false},"excerpt":{"rendered":"<p>[vc_row css_animation=&#8220;&#8220; row_type=&#8220;row&#8220; use_row_as_full_screen_section=&#8220;no&#8220; type=&#8220;grid&#8220; angled_section=&#8220;no&#8220; text_align=&#8220;left&#8220; background_image_as_pattern=&#8220;without_pattern&#8220; css=&#8220;.vc_custom_1657694878745{background-color: #a2c617 !important;}&#8220; z_index=&#8220;&#8220;][vc_column][vc_empty_space][vc_column_text] Die Zwiebelpaste von GIA besteht aus gebrauchsfertigem Zwiebelkonzentrat. Sie ist ein Ersatz f\u00fcr frische Zwiebeln in all ihren Anwendungsweisen. Einfach anzuwenden, ersetzt sie den umst\u00e4ndlichen Gebrauch von frischen Zwiebeln. [\/vc_column_text][vc_empty_space][\/vc_column][\/vc_row][vc_row css_animation=&#8220;&#8220; row_type=&#8220;row&#8220; use_row_as_full_screen_section=&#8220;no&#8220;&#8230;<\/p>\n","protected":false},"author":1,"featured_media":0,"parent":13196,"menu_order":0,"comment_status":"closed","ping_status":"closed","template":"full_width.php","meta":{"footnotes":""},"class_list":["post-13172","page","type-page","status-publish","hentry"],"yoast_head":"<!-- This site is optimized with the Yoast SEO plugin v22.6 - https:\/\/yoast.com\/wordpress\/plugins\/seo\/ -->\n<title>Zwiebelpaste - GIA - DIE FRISCHE UND DAS AROMA DER PRODUKTE DER NATUR IN TUBEN<\/title>\n<meta name=\"description\" content=\"Die Zwiebelpaste besteht aus gebrauchsfertigem Zwiebelkonzentrat. Sie ist ein Ersatz f\u00fcr frische Zwiebeln in all ihren Anwendungsweisen.\" \/>\n<meta name=\"robots\" content=\"index, follow, max-snippet:-1, max-image-preview:large, max-video-preview:-1\" \/>\n<link rel=\"canonical\" href=\"https:\/\/www.giaspa.it\/de\/produkte\/zwiebelpaste\/\" \/>\n<meta property=\"og:locale\" content=\"de_DE\" \/>\n<meta property=\"og:type\" content=\"article\" \/>\n<meta property=\"og:title\" content=\"Zwiebelpaste - GIA - DIE FRISCHE UND DAS AROMA DER PRODUKTE DER NATUR IN TUBEN\" \/>\n<meta property=\"og:description\" content=\"Die Zwiebelpaste besteht aus gebrauchsfertigem Zwiebelkonzentrat. Sie ist ein Ersatz f\u00fcr frische Zwiebeln in all ihren Anwendungsweisen.\" \/>\n<meta property=\"og:url\" content=\"https:\/\/www.giaspa.it\/de\/produkte\/zwiebelpaste\/\" \/>\n<meta property=\"og:site_name\" content=\"GIA - DIE FRISCHE UND DAS AROMA DER PRODUKTE DER NATUR IN TUBEN\" \/>\n<meta property=\"article:modified_time\" content=\"2024-05-02T17:50:00+00:00\" \/>\n<meta property=\"og:image\" content=\"http:\/\/www.giaspa.it\/wp-content\/uploads\/2023\/10\/Cipolla_DE400.jpg\" \/>\n<meta name=\"twitter:card\" content=\"summary_large_image\" \/>\n<meta name=\"twitter:label1\" content=\"Gesch\u00e4tzte Lesezeit\" \/>\n\t<meta name=\"twitter:data1\" content=\"1\u00a0Minute\" \/>\n<script type=\"application\/ld+json\" class=\"yoast-schema-graph\">{\"@context\":\"https:\/\/schema.org\",\"@graph\":[{\"@type\":\"WebPage\",\"@id\":\"https:\/\/www.giaspa.it\/de\/produkte\/zwiebelpaste\/\",\"url\":\"https:\/\/www.giaspa.it\/de\/produkte\/zwiebelpaste\/\",\"name\":\"Zwiebelpaste - GIA - DIE FRISCHE UND DAS AROMA DER PRODUKTE DER NATUR IN TUBEN\",\"isPartOf\":{\"@id\":\"https:\/\/www.giaspa.it\/de\/#website\"},\"primaryImageOfPage\":{\"@id\":\"https:\/\/www.giaspa.it\/de\/produkte\/zwiebelpaste\/#primaryimage\"},\"image\":{\"@id\":\"https:\/\/www.giaspa.it\/de\/produkte\/zwiebelpaste\/#primaryimage\"},\"thumbnailUrl\":\"http:\/\/www.giaspa.it\/wp-content\/uploads\/2023\/10\/Cipolla_DE400.jpg\",\"datePublished\":\"2023-07-04T06:37:57+00:00\",\"dateModified\":\"2024-05-02T17:50:00+00:00\",\"description\":\"Die Zwiebelpaste besteht aus gebrauchsfertigem Zwiebelkonzentrat. Sie ist ein Ersatz f\u00fcr frische Zwiebeln in all ihren Anwendungsweisen.\",\"breadcrumb\":{\"@id\":\"https:\/\/www.giaspa.it\/de\/produkte\/zwiebelpaste\/#breadcrumb\"},\"inLanguage\":\"de\",\"potentialAction\":[{\"@type\":\"ReadAction\",\"target\":[\"https:\/\/www.giaspa.it\/de\/produkte\/zwiebelpaste\/\"]}]},{\"@type\":\"ImageObject\",\"inLanguage\":\"de\",\"@id\":\"https:\/\/www.giaspa.it\/de\/produkte\/zwiebelpaste\/#primaryimage\",\"url\":\"http:\/\/www.giaspa.it\/wp-content\/uploads\/2023\/10\/Cipolla_DE400.jpg\",\"contentUrl\":\"http:\/\/www.giaspa.it\/wp-content\/uploads\/2023\/10\/Cipolla_DE400.jpg\"},{\"@type\":\"BreadcrumbList\",\"@id\":\"https:\/\/www.giaspa.it\/de\/produkte\/zwiebelpaste\/#breadcrumb\",\"itemListElement\":[{\"@type\":\"ListItem\",\"position\":1,\"name\":\"Home\",\"item\":\"https:\/\/www.giaspa.it\/de\/\"},{\"@type\":\"ListItem\",\"position\":2,\"name\":\"Produkte\",\"item\":\"https:\/\/www.giaspa.it\/de\/produkte\/\"},{\"@type\":\"ListItem\",\"position\":3,\"name\":\"Zwiebelpaste\"}]},{\"@type\":\"WebSite\",\"@id\":\"https:\/\/www.giaspa.it\/de\/#website\",\"url\":\"https:\/\/www.giaspa.it\/de\/\",\"name\":\"GIA - Condimenti pronti nel tubetto\",\"description\":\"www.giaspa.it\",\"publisher\":{\"@id\":\"https:\/\/www.giaspa.it\/de\/#organization\"},\"potentialAction\":[{\"@type\":\"SearchAction\",\"target\":{\"@type\":\"EntryPoint\",\"urlTemplate\":\"https:\/\/www.giaspa.it\/de\/?s={search_term_string}\"},\"query-input\":\"required name=search_term_string\"}],\"inLanguage\":\"de\"},{\"@type\":\"Organization\",\"@id\":\"https:\/\/www.giaspa.it\/de\/#organization\",\"name\":\"GIA - Condimenti pronti nel tubetto\",\"url\":\"https:\/\/www.giaspa.it\/de\/\",\"logo\":{\"@type\":\"ImageObject\",\"inLanguage\":\"de\",\"@id\":\"https:\/\/www.giaspa.it\/de\/#\/schema\/logo\/image\/\",\"url\":\"https:\/\/www.giaspa.it\/wp-content\/uploads\/2022\/07\/logo.png\",\"contentUrl\":\"https:\/\/www.giaspa.it\/wp-content\/uploads\/2022\/07\/logo.png\",\"width\":140,\"height\":131,\"caption\":\"GIA - Condimenti pronti nel tubetto\"},\"image\":{\"@id\":\"https:\/\/www.giaspa.it\/de\/#\/schema\/logo\/image\/\"},\"sameAs\":[\"https:\/\/www.instagram.com\/gia_condimenti\/\",\"https:\/\/www.youtube.com\/channel\/UC-p3_SkGoJGQQchmrNGo9sw\",\"http:\/\/linkedin.com\/company\/gia-lanaturaintubetto\"]}]}<\/script>\n<!-- \/ Yoast SEO plugin. -->","yoast_head_json":{"title":"Zwiebelpaste - GIA - DIE FRISCHE UND DAS AROMA DER PRODUKTE DER NATUR IN TUBEN","description":"Die Zwiebelpaste besteht aus gebrauchsfertigem Zwiebelkonzentrat. Sie ist ein Ersatz f\u00fcr frische Zwiebeln in all ihren Anwendungsweisen.","robots":{"index":"index","follow":"follow","max-snippet":"max-snippet:-1","max-image-preview":"max-image-preview:large","max-video-preview":"max-video-preview:-1"},"canonical":"https:\/\/www.giaspa.it\/de\/produkte\/zwiebelpaste\/","og_locale":"de_DE","og_type":"article","og_title":"Zwiebelpaste - GIA - DIE FRISCHE UND DAS AROMA DER PRODUKTE DER NATUR IN TUBEN","og_description":"Die Zwiebelpaste besteht aus gebrauchsfertigem Zwiebelkonzentrat. Sie ist ein Ersatz f\u00fcr frische Zwiebeln in all ihren Anwendungsweisen.","og_url":"https:\/\/www.giaspa.it\/de\/produkte\/zwiebelpaste\/","og_site_name":"GIA - DIE FRISCHE UND DAS AROMA DER PRODUKTE DER NATUR IN TUBEN","article_modified_time":"2024-05-02T17:50:00+00:00","og_image":[{"url":"http:\/\/www.giaspa.it\/wp-content\/uploads\/2023\/10\/Cipolla_DE400.jpg"}],"twitter_card":"summary_large_image","twitter_misc":{"Gesch\u00e4tzte Lesezeit":"1\u00a0Minute"},"schema":{"@context":"https:\/\/schema.org","@graph":[{"@type":"WebPage","@id":"https:\/\/www.giaspa.it\/de\/produkte\/zwiebelpaste\/","url":"https:\/\/www.giaspa.it\/de\/produkte\/zwiebelpaste\/","name":"Zwiebelpaste - GIA - DIE FRISCHE UND DAS AROMA DER PRODUKTE DER NATUR IN TUBEN","isPartOf":{"@id":"https:\/\/www.giaspa.it\/de\/#website"},"primaryImageOfPage":{"@id":"https:\/\/www.giaspa.it\/de\/produkte\/zwiebelpaste\/#primaryimage"},"image":{"@id":"https:\/\/www.giaspa.it\/de\/produkte\/zwiebelpaste\/#primaryimage"},"thumbnailUrl":"http:\/\/www.giaspa.it\/wp-content\/uploads\/2023\/10\/Cipolla_DE400.jpg","datePublished":"2023-07-04T06:37:57+00:00","dateModified":"2024-05-02T17:50:00+00:00","description":"Die Zwiebelpaste besteht aus gebrauchsfertigem Zwiebelkonzentrat. Sie ist ein Ersatz f\u00fcr frische Zwiebeln in all ihren Anwendungsweisen.","breadcrumb":{"@id":"https:\/\/www.giaspa.it\/de\/produkte\/zwiebelpaste\/#breadcrumb"},"inLanguage":"de","potentialAction":[{"@type":"ReadAction","target":["https:\/\/www.giaspa.it\/de\/produkte\/zwiebelpaste\/"]}]},{"@type":"ImageObject","inLanguage":"de","@id":"https:\/\/www.giaspa.it\/de\/produkte\/zwiebelpaste\/#primaryimage","url":"http:\/\/www.giaspa.it\/wp-content\/uploads\/2023\/10\/Cipolla_DE400.jpg","contentUrl":"http:\/\/www.giaspa.it\/wp-content\/uploads\/2023\/10\/Cipolla_DE400.jpg"},{"@type":"BreadcrumbList","@id":"https:\/\/www.giaspa.it\/de\/produkte\/zwiebelpaste\/#breadcrumb","itemListElement":[{"@type":"ListItem","position":1,"name":"Home","item":"https:\/\/www.giaspa.it\/de\/"},{"@type":"ListItem","position":2,"name":"Produkte","item":"https:\/\/www.giaspa.it\/de\/produkte\/"},{"@type":"ListItem","position":3,"name":"Zwiebelpaste"}]},{"@type":"WebSite","@id":"https:\/\/www.giaspa.it\/de\/#website","url":"https:\/\/www.giaspa.it\/de\/","name":"GIA - Condimenti pronti nel tubetto","description":"www.giaspa.it","publisher":{"@id":"https:\/\/www.giaspa.it\/de\/#organization"},"potentialAction":[{"@type":"SearchAction","target":{"@type":"EntryPoint","urlTemplate":"https:\/\/www.giaspa.it\/de\/?s={search_term_string}"},"query-input":"required name=search_term_string"}],"inLanguage":"de"},{"@type":"Organization","@id":"https:\/\/www.giaspa.it\/de\/#organization","name":"GIA - Condimenti pronti nel tubetto","url":"https:\/\/www.giaspa.it\/de\/","logo":{"@type":"ImageObject","inLanguage":"de","@id":"https:\/\/www.giaspa.it\/de\/#\/schema\/logo\/image\/","url":"https:\/\/www.giaspa.it\/wp-content\/uploads\/2022\/07\/logo.png","contentUrl":"https:\/\/www.giaspa.it\/wp-content\/uploads\/2022\/07\/logo.png","width":140,"height":131,"caption":"GIA - Condimenti pronti nel tubetto"},"image":{"@id":"https:\/\/www.giaspa.it\/de\/#\/schema\/logo\/image\/"},"sameAs":["https:\/\/www.instagram.com\/gia_condimenti\/","https:\/\/www.youtube.com\/channel\/UC-p3_SkGoJGQQchmrNGo9sw","http:\/\/linkedin.com\/company\/gia-lanaturaintubetto"]}]}},"_links":{"self":[{"href":"https:\/\/www.giaspa.it\/de\/wp-json\/wp\/v2\/pages\/13172","targetHints":{"allow":["GET"]}}],"collection":[{"href":"https:\/\/www.giaspa.it\/de\/wp-json\/wp\/v2\/pages"}],"about":[{"href":"https:\/\/www.giaspa.it\/de\/wp-json\/wp\/v2\/types\/page"}],"author":[{"embeddable":true,"href":"https:\/\/www.giaspa.it\/de\/wp-json\/wp\/v2\/users\/1"}],"replies":[{"embeddable":true,"href":"https:\/\/www.giaspa.it\/de\/wp-json\/wp\/v2\/comments?post=13172"}],"version-history":[{"count":0,"href":"https:\/\/www.giaspa.it\/de\/wp-json\/wp\/v2\/pages\/13172\/revisions"}],"up":[{"embeddable":true,"href":"https:\/\/www.giaspa.it\/de\/wp-json\/wp\/v2\/pages\/13196"}],"wp:attachment":[{"href":"https:\/\/www.giaspa.it\/de\/wp-json\/wp\/v2\/media?parent=13172"}],"curies":[{"name":"wp","href":"https:\/\/api.w.org\/{rel}","templated":true}]}}