{"id":12820,"date":"2022-07-09T07:50:05","date_gmt":"2022-07-09T07:50:05","guid":{"rendered":"http:\/\/www.giaspa.it\/azienda\/"},"modified":"2024-05-03T13:38:47","modified_gmt":"2024-05-03T13:38:47","slug":"unternehmen","status":"publish","type":"page","link":"https:\/\/www.giaspa.it\/de\/unternehmen\/","title":{"rendered":"Geschichten"},"content":{"rendered":"<p>[vc_row css_animation=&#8220;&#8220; row_type=&#8220;row&#8220; use_row_as_full_screen_section=&#8220;no&#8220; type=&#8220;grid&#8220; angled_section=&#8220;no&#8220; text_align=&#8220;left&#8220; background_image_as_pattern=&#8220;without_pattern&#8220; css=&#8220;.vc_custom_1657694878745{background-color: #a2c617 !important;}&#8220; z_index=&#8220;&#8220;][vc_column][vc_empty_space][vc_column_text]<\/p>\n<h5 style=\"text-align: center;\"><span style=\"color: #ffffff;\">GIA s.r.l. ist ein Familienunternehmen und wurde in Sant\u2019Agostino in der Provinz Ferrara, in der Emilia Romagna gegr\u00fcndet.<\/span><\/h5>\n<p>[\/vc_column_text][vc_empty_space][\/vc_column][\/vc_row][vc_row css_animation=&#8220;&#8220; row_type=&#8220;row&#8220; use_row_as_full_screen_section=&#8220;no&#8220; type=&#8220;grid&#8220; angled_section=&#8220;no&#8220; text_align=&#8220;left&#8220; background_image_as_pattern=&#8220;without_pattern&#8220; z_index=&#8220;&#8220;][vc_column][vc_empty_space][vc_empty_space][\/vc_column][\/vc_row][vc_row css_animation=&#8220;&#8220; row_type=&#8220;row&#8220; use_row_as_full_screen_section=&#8220;no&#8220; type=&#8220;grid&#8220; angled_section=&#8220;no&#8220; text_align=&#8220;left&#8220; background_image_as_pattern=&#8220;without_pattern&#8220; z_index=&#8220;&#8220;][vc_column width=&#8220;1\/5&#8243; offset=&#8220;vc_hidden-sm vc_hidden-xs&#8220;][vc_empty_space][vc_single_image image=&#8220;13558&#8243; img_size=&#8220;full&#8220; qode_css_animation=&#8220;&#8220;][vc_empty_space][\/vc_column][vc_column width=&#8220;4\/5&#8243; offset=&#8220;vc_hidden-sm vc_hidden-xs&#8220;][vc_empty_space][vc_column_text]Seit 1980 ein Produkt f\u00fcr die einfache Verwendung von Knoblauch in der K\u00fcche<br \/>\nGIA wurde 1980 in San Carlo in der Provinz Ferrara in der Emilia Romagna gegr\u00fcndet, einer Region mit einer starken landwirtschaftlichen und gastronomischen Tradition. Die Idee entstand beim Anbau von Knoblauch nach einer Idee des Gr\u00fcnders Modesto Giberti, ein Produkt zu entwickeln, das den Einsatz von Knoblauch erleichtert. Das Ziel von GIA war es, ein praktisch verpacktes Produkt zu schaffen, das die gleichen Geschmackseigenschaften wie das frische Produkt beibeh\u00e4lt, ohne nach dem Gebrauch einen Geruch an den H\u00e4nden zu hinterlassen.<br \/>\nAuf dieser Grundlage wollte GIA den unverwechselbaren Geschmack von Knoblauch auf die Tische in der ganzen Welt bringen.[\/vc_column_text][vc_empty_space][\/vc_column][\/vc_row][vc_row css_animation=&#8220;&#8220; row_type=&#8220;row&#8220; use_row_as_full_screen_section=&#8220;no&#8220; type=&#8220;grid&#8220; angled_section=&#8220;no&#8220; text_align=&#8220;left&#8220; background_image_as_pattern=&#8220;without_pattern&#8220; z_index=&#8220;&#8220;][vc_column width=&#8220;4\/5&#8243; offset=&#8220;vc_hidden-sm vc_hidden-xs&#8220;][vc_column_text]Die Idee<br \/>\nDie Idee war, eine Knoblauchpaste aus den besten Rohstoffen in einer Verpackung herzustellen, die ihre Qualit\u00e4t und ihre organoleptischen Eigenschaften dauerhaft gew\u00e4hrleistet: die Aluminiumtube.<br \/>\nSie wird heute noch genauso hergestellt wie vor 40 Jahren, mit all der Liebe zum Detail und der Leidenschaft, die GIA schon immer ausgezeichnet hat.<br \/>\nIn den letzten Jahren kamen andere, ebenso innovative Produkte wie Chilipaste, Paste aus sonnengetrockneten Tomaten, Zwiebelpaste, Schalottenpaste, Gr\u00fcnes Pesto, Gem\u00fcse Basis f\u00fcr Saucen und Sardellenpaste nach der gleichen Philosophie hinzu.[\/vc_column_text][vc_empty_space][\/vc_column][vc_column width=&#8220;1\/5&#8243; offset=&#8220;vc_hidden-sm vc_hidden-xs&#8220;][vc_single_image image=&#8220;13511&#8243; img_size=&#8220;full&#8220; qode_css_animation=&#8220;&#8220;][vc_empty_space][\/vc_column][\/vc_row][vc_row css_animation=&#8220;&#8220; row_type=&#8220;row&#8220; use_row_as_full_screen_section=&#8220;no&#8220; type=&#8220;grid&#8220; angled_section=&#8220;no&#8220; text_align=&#8220;left&#8220; background_image_as_pattern=&#8220;without_pattern&#8220; z_index=&#8220;&#8220;][vc_column width=&#8220;1\/5&#8243; offset=&#8220;vc_hidden-lg vc_hidden-md&#8220;][vc_empty_space][vc_single_image image=&#8220;13558&#8243; img_size=&#8220;full&#8220; qode_css_animation=&#8220;&#8220;][vc_empty_space][\/vc_column][vc_column width=&#8220;4\/5&#8243; offset=&#8220;vc_hidden-lg vc_hidden-md&#8220;][vc_empty_space][vc_column_text]<strong>Seit 1980 ein Produkt f\u00fcr die einfache Verwendung von Knoblauch in der K\u00fcche<\/strong><br \/>\nGIA wurde 1980 in San Carlo in der Provinz Ferrara in der Emilia Romagna gegr\u00fcndet, einer Region mit einer starken landwirtschaftlichen und gastronomischen Tradition. Die Idee entstand beim Anbau von Knoblauch nach einer Idee des Gr\u00fcnders Modesto Giberti, ein Produkt zu entwickeln, das den Einsatz von Knoblauch erleichtert. Das Ziel von GIA war es, ein praktisch verpacktes Produkt zu schaffen, das die gleichen Geschmackseigenschaften wie das frische Produkt beibeh\u00e4lt, ohne nach dem Gebrauch einen Geruch an den H\u00e4nden zu hinterlassen.<br \/>\nAuf dieser Grundlage wollte GIA den unverwechselbaren Geschmack von Knoblauch auf die Tische in der ganzen Welt bringen.[\/vc_column_text][vc_empty_space][\/vc_column][\/vc_row][vc_row css_animation=&#8220;&#8220; row_type=&#8220;row&#8220; use_row_as_full_screen_section=&#8220;no&#8220; type=&#8220;grid&#8220; angled_section=&#8220;no&#8220; text_align=&#8220;left&#8220; background_image_as_pattern=&#8220;without_pattern&#8220; z_index=&#8220;&#8220;][vc_column width=&#8220;1\/5&#8243; offset=&#8220;vc_hidden-lg vc_hidden-md&#8220;][vc_empty_space][vc_single_image image=&#8220;13511&#8243; img_size=&#8220;full&#8220; qode_css_animation=&#8220;&#8220;][vc_empty_space][\/vc_column][vc_column width=&#8220;4\/5&#8243; offset=&#8220;vc_hidden-lg vc_hidden-md&#8220;][vc_empty_space][vc_column_text]DIE IDEE<br \/>\nDie Idee war, eine Knoblauchpaste aus den besten Rohstoffen in einer Verpackung herzustellen, die ihre Qualit\u00e4t und ihre organoleptischen Eigenschaften dauerhaft gew\u00e4hrleistet: die Aluminiumtube.<br \/>\nSie wird heute noch genauso hergestellt wie vor 40 Jahren, mit all der Liebe zum Detail und der Leidenschaft, die GIA schon immer ausgezeichnet hat.<br \/>\nIn den letzten Jahren kamen andere, ebenso innovative Produkte wie Chilipaste, Paste aus sonnengetrockneten Tomaten, Zwiebelpaste, Schalottenpaste, Gr\u00fcnes Pesto, Gem\u00fcse Basis f\u00fcr Saucen und Sardellenpaste nach der gleichen Philosophie hinzu.[\/vc_column_text][vc_empty_space][\/vc_column][\/vc_row]<\/p>\n","protected":false},"excerpt":{"rendered":"<p>[vc_row css_animation=&#8220;&#8220; row_type=&#8220;row&#8220; use_row_as_full_screen_section=&#8220;no&#8220; type=&#8220;grid&#8220; angled_section=&#8220;no&#8220; text_align=&#8220;left&#8220; background_image_as_pattern=&#8220;without_pattern&#8220; css=&#8220;.vc_custom_1657694878745{background-color: #a2c617 !important;}&#8220; z_index=&#8220;&#8220;][vc_column][vc_empty_space][vc_column_text] GIA s.r.l. ist ein Familienunternehmen und wurde in Sant\u2019Agostino in der Provinz Ferrara, in der Emilia Romagna gegr\u00fcndet. [\/vc_column_text][vc_empty_space][\/vc_column][\/vc_row][vc_row css_animation=&#8220;&#8220; row_type=&#8220;row&#8220; use_row_as_full_screen_section=&#8220;no&#8220; type=&#8220;grid&#8220; angled_section=&#8220;no&#8220; text_align=&#8220;left&#8220; background_image_as_pattern=&#8220;without_pattern&#8220; z_index=&#8220;&#8220;][vc_column][vc_empty_space][vc_empty_space][\/vc_column][\/vc_row][vc_row css_animation=&#8220;&#8220; row_type=&#8220;row&#8220; use_row_as_full_screen_section=&#8220;no&#8220; type=&#8220;grid&#8220; angled_section=&#8220;no&#8220; text_align=&#8220;left&#8220;&#8230;<\/p>\n","protected":false},"author":1,"featured_media":0,"parent":0,"menu_order":0,"comment_status":"closed","ping_status":"closed","template":"full_width.php","meta":{"footnotes":""},"class_list":["post-12820","page","type-page","status-publish","hentry"],"yoast_head":"<!-- This site is optimized with the Yoast SEO plugin v22.6 - https:\/\/yoast.com\/wordpress\/plugins\/seo\/ -->\n<title>Geschichten - GIA - DIE FRISCHE UND DAS AROMA DER PRODUKTE DER NATUR IN TUBEN<\/title>\n<meta name=\"description\" content=\"GIA wurde 1980 in der Emilia Romagna gegr\u00fcndet, einer Region mit einer starken landwirtschaftlichen und gastronomischen Tradition\" \/>\n<meta name=\"robots\" content=\"index, follow, max-snippet:-1, max-image-preview:large, max-video-preview:-1\" \/>\n<link rel=\"canonical\" href=\"https:\/\/www.giaspa.it\/de\/unternehmen\/\" \/>\n<meta property=\"og:locale\" content=\"de_DE\" \/>\n<meta property=\"og:type\" content=\"article\" \/>\n<meta property=\"og:title\" content=\"Geschichten - GIA - DIE FRISCHE UND DAS AROMA DER PRODUKTE DER NATUR IN TUBEN\" \/>\n<meta property=\"og:description\" content=\"GIA wurde 1980 in der Emilia Romagna gegr\u00fcndet, einer Region mit einer starken landwirtschaftlichen und gastronomischen Tradition\" \/>\n<meta property=\"og:url\" content=\"https:\/\/www.giaspa.it\/de\/unternehmen\/\" \/>\n<meta property=\"og:site_name\" content=\"GIA - DIE FRISCHE UND DAS AROMA DER PRODUKTE DER NATUR IN TUBEN\" \/>\n<meta property=\"article:modified_time\" content=\"2024-05-03T13:38:47+00:00\" \/>\n<meta property=\"og:image\" content=\"https:\/\/www.giaspa.it\/wp-content\/uploads\/2023\/07\/aglio_home.jpg\" \/>\n\t<meta property=\"og:image:width\" content=\"2000\" \/>\n\t<meta property=\"og:image:height\" content=\"1000\" \/>\n\t<meta property=\"og:image:type\" content=\"image\/jpeg\" \/>\n<meta name=\"twitter:card\" content=\"summary_large_image\" \/>\n<meta name=\"twitter:label1\" content=\"Gesch\u00e4tzte Lesezeit\" \/>\n\t<meta name=\"twitter:data1\" content=\"3\u00a0Minuten\" \/>\n<script type=\"application\/ld+json\" class=\"yoast-schema-graph\">{\"@context\":\"https:\/\/schema.org\",\"@graph\":[{\"@type\":\"WebPage\",\"@id\":\"https:\/\/www.giaspa.it\/de\/unternehmen\/\",\"url\":\"https:\/\/www.giaspa.it\/de\/unternehmen\/\",\"name\":\"Geschichten - GIA - DIE FRISCHE UND DAS AROMA DER PRODUKTE DER NATUR IN TUBEN\",\"isPartOf\":{\"@id\":\"https:\/\/www.giaspa.it\/de\/#website\"},\"datePublished\":\"2022-07-09T07:50:05+00:00\",\"dateModified\":\"2024-05-03T13:38:47+00:00\",\"description\":\"GIA wurde 1980 in der Emilia Romagna gegr\u00fcndet, einer Region mit einer starken landwirtschaftlichen und gastronomischen Tradition\",\"breadcrumb\":{\"@id\":\"https:\/\/www.giaspa.it\/de\/unternehmen\/#breadcrumb\"},\"inLanguage\":\"de\",\"potentialAction\":[{\"@type\":\"ReadAction\",\"target\":[\"https:\/\/www.giaspa.it\/de\/unternehmen\/\"]}]},{\"@type\":\"BreadcrumbList\",\"@id\":\"https:\/\/www.giaspa.it\/de\/unternehmen\/#breadcrumb\",\"itemListElement\":[{\"@type\":\"ListItem\",\"position\":1,\"name\":\"Home\",\"item\":\"https:\/\/www.giaspa.it\/de\/\"},{\"@type\":\"ListItem\",\"position\":2,\"name\":\"Geschichten\"}]},{\"@type\":\"WebSite\",\"@id\":\"https:\/\/www.giaspa.it\/de\/#website\",\"url\":\"https:\/\/www.giaspa.it\/de\/\",\"name\":\"GIA - Condimenti pronti nel tubetto\",\"description\":\"www.giaspa.it\",\"publisher\":{\"@id\":\"https:\/\/www.giaspa.it\/de\/#organization\"},\"potentialAction\":[{\"@type\":\"SearchAction\",\"target\":{\"@type\":\"EntryPoint\",\"urlTemplate\":\"https:\/\/www.giaspa.it\/de\/?s={search_term_string}\"},\"query-input\":\"required name=search_term_string\"}],\"inLanguage\":\"de\"},{\"@type\":\"Organization\",\"@id\":\"https:\/\/www.giaspa.it\/de\/#organization\",\"name\":\"GIA - Condimenti pronti nel tubetto\",\"url\":\"https:\/\/www.giaspa.it\/de\/\",\"logo\":{\"@type\":\"ImageObject\",\"inLanguage\":\"de\",\"@id\":\"https:\/\/www.giaspa.it\/de\/#\/schema\/logo\/image\/\",\"url\":\"https:\/\/www.giaspa.it\/wp-content\/uploads\/2022\/07\/logo.png\",\"contentUrl\":\"https:\/\/www.giaspa.it\/wp-content\/uploads\/2022\/07\/logo.png\",\"width\":140,\"height\":131,\"caption\":\"GIA - Condimenti pronti nel tubetto\"},\"image\":{\"@id\":\"https:\/\/www.giaspa.it\/de\/#\/schema\/logo\/image\/\"},\"sameAs\":[\"https:\/\/www.instagram.com\/gia_condimenti\/\",\"https:\/\/www.youtube.com\/channel\/UC-p3_SkGoJGQQchmrNGo9sw\",\"http:\/\/linkedin.com\/company\/gia-lanaturaintubetto\"]}]}<\/script>\n<!-- \/ Yoast SEO plugin. -->","yoast_head_json":{"title":"Geschichten - GIA - DIE FRISCHE UND DAS AROMA DER PRODUKTE DER NATUR IN TUBEN","description":"GIA wurde 1980 in der Emilia Romagna gegr\u00fcndet, einer Region mit einer starken landwirtschaftlichen und gastronomischen Tradition","robots":{"index":"index","follow":"follow","max-snippet":"max-snippet:-1","max-image-preview":"max-image-preview:large","max-video-preview":"max-video-preview:-1"},"canonical":"https:\/\/www.giaspa.it\/de\/unternehmen\/","og_locale":"de_DE","og_type":"article","og_title":"Geschichten - GIA - DIE FRISCHE UND DAS AROMA DER PRODUKTE DER NATUR IN TUBEN","og_description":"GIA wurde 1980 in der Emilia Romagna gegr\u00fcndet, einer Region mit einer starken landwirtschaftlichen und gastronomischen Tradition","og_url":"https:\/\/www.giaspa.it\/de\/unternehmen\/","og_site_name":"GIA - DIE FRISCHE UND DAS AROMA DER PRODUKTE DER NATUR IN TUBEN","article_modified_time":"2024-05-03T13:38:47+00:00","og_image":[{"width":2000,"height":1000,"url":"https:\/\/www.giaspa.it\/wp-content\/uploads\/2023\/07\/aglio_home.jpg","type":"image\/jpeg"}],"twitter_card":"summary_large_image","twitter_misc":{"Gesch\u00e4tzte Lesezeit":"3\u00a0Minuten"},"schema":{"@context":"https:\/\/schema.org","@graph":[{"@type":"WebPage","@id":"https:\/\/www.giaspa.it\/de\/unternehmen\/","url":"https:\/\/www.giaspa.it\/de\/unternehmen\/","name":"Geschichten - GIA - DIE FRISCHE UND DAS AROMA DER PRODUKTE DER NATUR IN TUBEN","isPartOf":{"@id":"https:\/\/www.giaspa.it\/de\/#website"},"datePublished":"2022-07-09T07:50:05+00:00","dateModified":"2024-05-03T13:38:47+00:00","description":"GIA wurde 1980 in der Emilia Romagna gegr\u00fcndet, einer Region mit einer starken landwirtschaftlichen und gastronomischen Tradition","breadcrumb":{"@id":"https:\/\/www.giaspa.it\/de\/unternehmen\/#breadcrumb"},"inLanguage":"de","potentialAction":[{"@type":"ReadAction","target":["https:\/\/www.giaspa.it\/de\/unternehmen\/"]}]},{"@type":"BreadcrumbList","@id":"https:\/\/www.giaspa.it\/de\/unternehmen\/#breadcrumb","itemListElement":[{"@type":"ListItem","position":1,"name":"Home","item":"https:\/\/www.giaspa.it\/de\/"},{"@type":"ListItem","position":2,"name":"Geschichten"}]},{"@type":"WebSite","@id":"https:\/\/www.giaspa.it\/de\/#website","url":"https:\/\/www.giaspa.it\/de\/","name":"GIA - Condimenti pronti nel tubetto","description":"www.giaspa.it","publisher":{"@id":"https:\/\/www.giaspa.it\/de\/#organization"},"potentialAction":[{"@type":"SearchAction","target":{"@type":"EntryPoint","urlTemplate":"https:\/\/www.giaspa.it\/de\/?s={search_term_string}"},"query-input":"required name=search_term_string"}],"inLanguage":"de"},{"@type":"Organization","@id":"https:\/\/www.giaspa.it\/de\/#organization","name":"GIA - Condimenti pronti nel tubetto","url":"https:\/\/www.giaspa.it\/de\/","logo":{"@type":"ImageObject","inLanguage":"de","@id":"https:\/\/www.giaspa.it\/de\/#\/schema\/logo\/image\/","url":"https:\/\/www.giaspa.it\/wp-content\/uploads\/2022\/07\/logo.png","contentUrl":"https:\/\/www.giaspa.it\/wp-content\/uploads\/2022\/07\/logo.png","width":140,"height":131,"caption":"GIA - Condimenti pronti nel tubetto"},"image":{"@id":"https:\/\/www.giaspa.it\/de\/#\/schema\/logo\/image\/"},"sameAs":["https:\/\/www.instagram.com\/gia_condimenti\/","https:\/\/www.youtube.com\/channel\/UC-p3_SkGoJGQQchmrNGo9sw","http:\/\/linkedin.com\/company\/gia-lanaturaintubetto"]}]}},"_links":{"self":[{"href":"https:\/\/www.giaspa.it\/de\/wp-json\/wp\/v2\/pages\/12820","targetHints":{"allow":["GET"]}}],"collection":[{"href":"https:\/\/www.giaspa.it\/de\/wp-json\/wp\/v2\/pages"}],"about":[{"href":"https:\/\/www.giaspa.it\/de\/wp-json\/wp\/v2\/types\/page"}],"author":[{"embeddable":true,"href":"https:\/\/www.giaspa.it\/de\/wp-json\/wp\/v2\/users\/1"}],"replies":[{"embeddable":true,"href":"https:\/\/www.giaspa.it\/de\/wp-json\/wp\/v2\/comments?post=12820"}],"version-history":[{"count":0,"href":"https:\/\/www.giaspa.it\/de\/wp-json\/wp\/v2\/pages\/12820\/revisions"}],"wp:attachment":[{"href":"https:\/\/www.giaspa.it\/de\/wp-json\/wp\/v2\/media?parent=12820"}],"curies":[{"name":"wp","href":"https:\/\/api.w.org\/{rel}","templated":true}]}}